{"id":19679,"date":"2022-10-07T07:08:06","date_gmt":"2022-10-07T07:08:06","guid":{"rendered":"https:\/\/cultivers.es\/abonos\/laitue-frisee-biologique-lollo-bionda-seeds\/"},"modified":"2025-09-22T05:06:53","modified_gmt":"2025-09-22T05:06:53","slug":"bio-chou-fleur-chou-fleur-semences-de-chou","status":"publish","type":"product","link":"https:\/\/cultivers.es\/fr\/abonnements\/bio-chou-fleur-chou-fleur-semences-de-chou\/","title":{"rendered":"Laitue fris\u00e9e Lollo Bionda Graines"},"content":{"rendered":"","protected":false},"excerpt":{"rendered":"<p>Remplissez votre jardin de fra\u00eecheur et de saveur avec nos <strong>graines de laitue fris\u00e9e Lollo Bionda biologique<\/strong>. Cette vari\u00e9t\u00e9 se distingue par ses feuilles d&rsquo;un vert \u00e9clatant et sa texture fris\u00e9e, qui non seulement embellissent vos plats, mais offrent \u00e9galement un go\u00fbt doux et rafra\u00eechissant. Id\u00e9ale pour les salades, les garnitures et les d\u00e9corations culinaires, la laitue Lollo Bionda est facile \u00e0 cultiver et parfaite pour ceux qui recherchent un l\u00e9gume nutritif et durable.  <\/p>\n<ul>\n<li><strong>Feuilles fris\u00e9es et brillantes :<\/strong> Lollo Bionda produit des feuilles vertes claires et brillantes avec une texture fris\u00e9e qui donne du volume et du style aux salades et autres plats.<\/li>\n<li><strong>Saveur douce et rafra\u00eechissante :<\/strong> Cette vari\u00e9t\u00e9 a une saveur d\u00e9licate et fra\u00eeche, id\u00e9ale pour \u00eatre consomm\u00e9e crue en salade ou en accompagnement de tout plat.<\/li>\n<li><strong>Rustique et \u00e0 croissance rapide :<\/strong> la laitue Lollo Bionda pousse rapidement et r\u00e9siste aux conditions climatiques variables, ce qui garantit une r\u00e9colte constante et prolong\u00e9e.<\/li>\n<li><strong>Riche en nutriments :<\/strong> Cette laitue est une excellente source de fibres, d&rsquo;antioxydants et de vitamines A, C et K, ce qui en fait un choix sain et nutritif pour tout r\u00e9gime alimentaire.<\/li>\n<li><strong>Facile \u00e0 cultiver :<\/strong> Parfaite pour les d\u00e9butants et les jardiniers confirm\u00e9s, cette vari\u00e9t\u00e9 s&rsquo;adapte bien \u00e0 diff\u00e9rents types de sol et peut \u00eatre cultiv\u00e9e aussi bien en ext\u00e9rieur que dans des jardins en conteneurs.<\/li>\n<li><strong>Culture biologique :<\/strong> Nos semences sont 100% biologiques, sans pesticides ni produits chimiques, ce qui garantit une culture saine et respectueuse de l&rsquo;environnement pour vous et votre famille.<\/li>\n<\/ul>\n<p>Apportez de la fra\u00eecheur, de la couleur et de la saveur \u00e0 votre jardin avec les <strong>graines de laitue fris\u00e9e Lollo Bionda biologique<\/strong>. Cultivez cette laitue attrayante et d\u00e9licieuse de mani\u00e8re durable et profitez de r\u00e9coltes abondantes et saines - commandez aujourd&rsquo;hui et transformez votre table avec le meilleur de la nature !  <\/p>\n","protected":false},"featured_media":15699,"comment_status":"open","ping_status":"closed","template":"","meta":{"_acf_changed":false},"product_brand":[],"product_cat":[424,459],"product_tag":[1579],"class_list":{"0":"post-19679","1":"product","2":"type-product","3":"status-publish","4":"has-post-thumbnail","6":"product_cat-semences-biologiques","7":"product_cat-semences-de-legumes-feuilles-biologiques","8":"product_tag-eco","10":"first","11":"instock","12":"taxable","13":"shipping-taxable","14":"purchasable","15":"product-type-simple"},"acf":[],"_links":{"self":[{"href":"https:\/\/cultivers.es\/fr\/wp-json\/wp\/v2\/product\/19679","targetHints":{"allow":["GET"]}}],"collection":[{"href":"https:\/\/cultivers.es\/fr\/wp-json\/wp\/v2\/product"}],"about":[{"href":"https:\/\/cultivers.es\/fr\/wp-json\/wp\/v2\/types\/product"}],"replies":[{"embeddable":true,"href":"https:\/\/cultivers.es\/fr\/wp-json\/wp\/v2\/comments?post=19679"}],"wp:featuredmedia":[{"embeddable":true,"href":"https:\/\/cultivers.es\/fr\/wp-json\/wp\/v2\/media\/15699"}],"wp:attachment":[{"href":"https:\/\/cultivers.es\/fr\/wp-json\/wp\/v2\/media?parent=19679"}],"wp:term":[{"taxonomy":"product_brand","embeddable":true,"href":"https:\/\/cultivers.es\/fr\/wp-json\/wp\/v2\/product_brand?post=19679"},{"taxonomy":"product_cat","embeddable":true,"href":"https:\/\/cultivers.es\/fr\/wp-json\/wp\/v2\/product_cat?post=19679"},{"taxonomy":"product_tag","embeddable":true,"href":"https:\/\/cultivers.es\/fr\/wp-json\/wp\/v2\/product_tag?post=19679"}],"curies":[{"name":"wp","href":"https:\/\/api.w.org\/{rel}","templated":true}]}}