{"id":19685,"date":"2022-10-07T07:08:06","date_gmt":"2022-10-07T07:08:06","guid":{"rendered":"https:\/\/cultivers.es\/abonos\/navet-grelos-de-santiago-organic-navet-grelos-de-santiago-graines\/"},"modified":"2025-09-22T05:20:38","modified_gmt":"2025-09-22T05:20:38","slug":"navet-biologique-raisin-semences-ecologiques","status":"publish","type":"product","link":"https:\/\/cultivers.es\/fr\/abonnements\/navet-biologique-raisin-semences-ecologiques\/","title":{"rendered":"Navet Grelos de Santiago Biodynamique Navet Grelos de Santiago Semences"},"content":{"rendered":"","protected":false},"excerpt":{"rendered":"<p>Cultivez un joyau de la gastronomie traditionnelle galicienne avec nos <strong>graines de navet Grelos de Santiago Organic<\/strong>. Cette vari\u00e9t\u00e9 est r\u00e9put\u00e9e pour ses feuilles de navet tendres et savoureuses, id\u00e9ales pour la pr\u00e9paration de plats traditionnels tels que les rago\u00fbts, les rago\u00fbts ou les omelettes. En outre, le navet Grelos de Santiago se caract\u00e9rise par sa croissance rapide et sa r\u00e9sistance, ce qui en fait un excellent choix pour des r\u00e9coltes abondantes en automne et en hiver.  <\/p>\n<ul>\n<li><strong>Feuilles tendres et savoureuses :<\/strong> Les feuilles de navet de cette vari\u00e9t\u00e9 sont appr\u00e9ci\u00e9es pour leur texture douce et leur go\u00fbt l\u00e9g\u00e8rement amer, parfait pour ajouter une touche sp\u00e9ciale aux recettes traditionnelles et contemporaines.<\/li>\n<li><strong>R\u00e9colte rapide :<\/strong> Le navet Grelos de Santiago est une plante \u00e0 croissance rapide qui vous permet de profiter de ses feuilles en peu de temps, ce qui est id\u00e9al pour ceux qui recherchent une culture efficace et productive.<\/li>\n<li><strong>R\u00e9sistant au froid :<\/strong> Cette vari\u00e9t\u00e9 est parfaite pour les climats frais, prosp\u00e8re en automne et en hiver, assurant une r\u00e9colte g\u00e9n\u00e9reuse m\u00eame pendant les saisons les plus froides.<\/li>\n<li><strong>Riche en nutriments :<\/strong> Les feuilles de navet sont une excellente source de fibres, de vitamines A et C, ainsi que de calcium et de fer, ce qui en fait un aliment sain et nutritif.<\/li>\n<li><strong>Facile \u00e0 cultiver :<\/strong> sa rusticit\u00e9 et sa capacit\u00e9 \u00e0 s&rsquo;adapter \u00e0 diff\u00e9rents types de sol en font une plante id\u00e9ale pour les d\u00e9butants comme pour les jardiniers exp\u00e9riment\u00e9s.<\/li>\n<li><strong>Culture biologique :<\/strong> Nos semences sont 100% biologiques, sans pesticides ni produits chimiques, garantissant une culture saine et respectueuse de l&rsquo;environnement.<\/li>\n<\/ul>\n<p>Appr\u00e9ciez la tradition galicienne et la saveur authentique avec nos <strong>graines de navet biologique Grelos de Santiago<\/strong>. Cultivez vos propres feuilles de navet d&rsquo;une mani\u00e8re simple et durable, et remplissez votre table de fra\u00eecheur et de nutrition. Commandez aujourd&rsquo;hui et commencez \u00e0 r\u00e9colter le go\u00fbt de la Galice dans votre jardin !  <\/p>\n","protected":false},"featured_media":15719,"comment_status":"open","ping_status":"closed","template":"","meta":{"_acf_changed":false},"product_brand":[],"product_cat":[1303,424,431],"product_tag":[1385],"class_list":{"0":"post-19685","1":"product","2":"type-product","3":"status-publish","4":"has-post-thumbnail","6":"product_cat-graines-de-demeter","7":"product_cat-semences-biologiques","8":"product_cat-semences-de-brassica-biologiques","9":"product_tag-demeter-fr","11":"first","12":"instock","13":"sale","14":"taxable","15":"shipping-taxable","16":"purchasable","17":"product-type-simple"},"acf":[],"_links":{"self":[{"href":"https:\/\/cultivers.es\/fr\/wp-json\/wp\/v2\/product\/19685","targetHints":{"allow":["GET"]}}],"collection":[{"href":"https:\/\/cultivers.es\/fr\/wp-json\/wp\/v2\/product"}],"about":[{"href":"https:\/\/cultivers.es\/fr\/wp-json\/wp\/v2\/types\/product"}],"replies":[{"embeddable":true,"href":"https:\/\/cultivers.es\/fr\/wp-json\/wp\/v2\/comments?post=19685"}],"wp:featuredmedia":[{"embeddable":true,"href":"https:\/\/cultivers.es\/fr\/wp-json\/wp\/v2\/media\/15719"}],"wp:attachment":[{"href":"https:\/\/cultivers.es\/fr\/wp-json\/wp\/v2\/media?parent=19685"}],"wp:term":[{"taxonomy":"product_brand","embeddable":true,"href":"https:\/\/cultivers.es\/fr\/wp-json\/wp\/v2\/product_brand?post=19685"},{"taxonomy":"product_cat","embeddable":true,"href":"https:\/\/cultivers.es\/fr\/wp-json\/wp\/v2\/product_cat?post=19685"},{"taxonomy":"product_tag","embeddable":true,"href":"https:\/\/cultivers.es\/fr\/wp-json\/wp\/v2\/product_tag?post=19685"}],"curies":[{"name":"wp","href":"https:\/\/api.w.org\/{rel}","templated":true}]}}