{"id":19695,"date":"2022-10-07T07:08:06","date_gmt":"2022-10-07T07:08:06","guid":{"rendered":"https:\/\/cultivers.es\/abonos\/rocket-ruca-semences-biologiques\/"},"modified":"2025-09-22T04:40:44","modified_gmt":"2025-09-22T04:40:44","slug":"graines-rucola-rucola-bio","status":"publish","type":"product","link":"https:\/\/cultivers.es\/fr\/abonnements\/graines-rucola-rucola-bio\/","title":{"rendered":"Graines de roquette Ruca"},"content":{"rendered":"","protected":false},"excerpt":{"rendered":"<p>Remplissez votre jardin d&rsquo;une saveur unique et fra\u00eeche avec nos <strong>graines de roquette biologique Ruca<\/strong>. Cette vari\u00e9t\u00e9 se caract\u00e9rise par ses feuilles allong\u00e9es, sa texture tendre et sa saveur l\u00e9g\u00e8rement poivr\u00e9e et \u00e9pic\u00e9e, parfaite pour ajouter une touche distinctive aux salades, aux pizzas, aux p\u00e2tes ou \u00e0 tout autre plat cr\u00e9atif. Faciles \u00e0 cultiver et rapides \u00e0 r\u00e9colter, les graines de roquette Ruca constituent un excellent choix pour une alimentation fra\u00eeche et saine sur votre table.  <\/p>\n<ul>\n<li><strong>Feuilles fines et aromatiques :<\/strong> La roquette Ruca produit des feuilles vertes d\u00e9licates et allong\u00e9es, avec une saveur \u00e9pic\u00e9e et une touche poivr\u00e9e qui la rend unique.<\/li>\n<li><strong>Croissance rapide :<\/strong> Cette vari\u00e9t\u00e9 pousse rapidement, permettant de r\u00e9colter des feuilles fra\u00eeches en quelques semaines, ce qui est id\u00e9al pour ceux qui recherchent une culture efficace et continue.<\/li>\n<li><strong>Polyvalence culinaire :<\/strong> parfait pour les salades, les sandwichs, les pizzas, les smoothies verts et comme garniture pour les plats principaux, sa saveur intense rehausse n&rsquo;importe quelle recette.<\/li>\n<li><strong>Riche en nutriments :<\/strong> La roquette est une excellente source de vitamines A, C et K, de calcium, de fer et d&rsquo;antioxydants, ce qui en fait un aliment essentiel pour une alimentation saine et \u00e9quilibr\u00e9e.<\/li>\n<li><strong>Facile \u00e0 cultiver :<\/strong> Cette plante rustique s&rsquo;adapte bien \u00e0 diff\u00e9rents types de sols et de climats. Elle est id\u00e9ale pour les jardins ext\u00e9rieurs ainsi que pour les pots sur les balcons ou les terrasses. <\/li>\n<li><strong>Culture biologique :<\/strong> Nos semences sont 100 % biologiques, sans pesticides ni produits chimiques, ce qui garantit une culture durable et respectueuse de l&rsquo;environnement.<\/li>\n<\/ul>\n<p>Ajoutez une touche \u00e9pic\u00e9e et saine \u00e0 vos plats avec les <strong>graines de roquette Ruca Organic<\/strong>. Faciles \u00e0 cultiver et rapides \u00e0 r\u00e9colter, elles sont parfaites pour profiter de feuilles fra\u00eeches et nutritives dans votre cuisine. Commandez d\u00e8s aujourd&rsquo;hui et remplissez votre jardin de saveur et de fra\u00eecheur !  <\/p>\n","protected":false},"featured_media":15624,"comment_status":"open","ping_status":"closed","template":"","meta":{"_acf_changed":false},"product_brand":[],"product_cat":[424,459],"product_tag":[1579],"class_list":{"0":"post-19695","1":"product","2":"type-product","3":"status-publish","4":"has-post-thumbnail","6":"product_cat-semences-biologiques","7":"product_cat-semences-de-legumes-feuilles-biologiques","8":"product_tag-eco","10":"first","11":"outofstock","12":"sale","13":"taxable","14":"shipping-taxable","15":"purchasable","16":"product-type-simple"},"acf":[],"_links":{"self":[{"href":"https:\/\/cultivers.es\/fr\/wp-json\/wp\/v2\/product\/19695","targetHints":{"allow":["GET"]}}],"collection":[{"href":"https:\/\/cultivers.es\/fr\/wp-json\/wp\/v2\/product"}],"about":[{"href":"https:\/\/cultivers.es\/fr\/wp-json\/wp\/v2\/types\/product"}],"replies":[{"embeddable":true,"href":"https:\/\/cultivers.es\/fr\/wp-json\/wp\/v2\/comments?post=19695"}],"wp:featuredmedia":[{"embeddable":true,"href":"https:\/\/cultivers.es\/fr\/wp-json\/wp\/v2\/media\/15624"}],"wp:attachment":[{"href":"https:\/\/cultivers.es\/fr\/wp-json\/wp\/v2\/media?parent=19695"}],"wp:term":[{"taxonomy":"product_brand","embeddable":true,"href":"https:\/\/cultivers.es\/fr\/wp-json\/wp\/v2\/product_brand?post=19695"},{"taxonomy":"product_cat","embeddable":true,"href":"https:\/\/cultivers.es\/fr\/wp-json\/wp\/v2\/product_cat?post=19695"},{"taxonomy":"product_tag","embeddable":true,"href":"https:\/\/cultivers.es\/fr\/wp-json\/wp\/v2\/product_tag?post=19695"}],"curies":[{"name":"wp","href":"https:\/\/api.w.org\/{rel}","templated":true}]}}