{"id":19696,"date":"2022-10-07T07:08:06","date_gmt":"2022-10-07T07:08:06","guid":{"rendered":"https:\/\/cultivers.es\/abonos\/little-leprechaun-semences-de-laitue-romaine-bio\/"},"modified":"2025-09-22T04:40:32","modified_gmt":"2025-09-22T04:40:32","slug":"bio-romaine-epinards-petit-faucon-ecologique","status":"publish","type":"product","link":"https:\/\/cultivers.es\/fr\/abonnements\/bio-romaine-epinards-petit-faucon-ecologique\/","title":{"rendered":"Little Leprechaun Semences de Laitue Romaine Biodynamique Demeter"},"content":{"rendered":"","protected":false},"excerpt":{"rendered":"<p>Ajoutez de l&rsquo;\u00e9l\u00e9gance et de la fra\u00eecheur \u00e0 votre jardin avec nos <strong>graines de laitue romaine Little Leprechaun Demeter Organic<\/strong>. Cette vari\u00e9t\u00e9 se distingue par ses feuilles allong\u00e9es d&rsquo;un vert vibrant avec des bords rouge\u00e2tres, qui ajoutent non seulement une touche d\u00e9corative \u00e0 vos plats, mais aussi un go\u00fbt doux et croquant qui la rend parfaite pour les salades, les wraps ou comme base pour toutes sortes de recettes. Certifi\u00e9e par Demeter, cette laitue allie beaut\u00e9, go\u00fbt et durabilit\u00e9.  <\/p>\n<ul>\n<li><strong>Feuilles allong\u00e9es et bicolores :<\/strong> Le petit farfadet se distingue par ses feuilles vertes aux bords rouge\u00e2tres, cr\u00e9ant un contraste attrayant qui apporte de la couleur \u00e0 vos plats et \u00e0 votre jardin.<\/li>\n<li><strong>Saveur douce et croquante :<\/strong> Cette laitue romaine offre une saveur d\u00e9licate et une texture croquante, id\u00e9ale pour les salades fra\u00eeches, les sandwichs ou comme garniture.<\/li>\n<li><strong>Compacte et r\u00e9sistante :<\/strong> Sa taille compacte le rend parfait pour les petits jardins ou m\u00eame pour les pots, s&rsquo;adaptant aux diff\u00e9rentes conditions climatiques et garantissant une r\u00e9colte abondante.<\/li>\n<li><strong>Riche en nutriments :<\/strong> C&rsquo;est une excellente source de fibres, d&rsquo;antioxydants, de vitamines A, C et K, et de min\u00e9raux essentiels tels que le potassium, ce qui favorise une alimentation saine et \u00e9quilibr\u00e9e.<\/li>\n<li><strong>Facile \u00e0 cultiver :<\/strong> Id\u00e9ale pour les d\u00e9butants et les jardiniers confirm\u00e9s, cette laitue \u00e0 croissance rapide s&rsquo;adapte bien \u00e0 diff\u00e9rents types de sols et de climats, offrant de longues r\u00e9coltes.<\/li>\n<li><strong>Certification Demeter :<\/strong> Ces semences sont certifi\u00e9es Demeter, ce qui garantit qu&rsquo;elles ont \u00e9t\u00e9 cultiv\u00e9es selon les principes de l&rsquo;agriculture biodynamique, dans le respect des cycles naturels et de l&rsquo;\u00e9quilibre de l&rsquo;\u00e9cosyst\u00e8me.<\/li>\n<li><strong>Culture biologique :<\/strong> 100% biologiques, nos semences sont exemptes de pesticides et d&rsquo;engrais chimiques, ce qui garantit une culture durable et saine pour vous et pour l&rsquo;environnement.<\/li>\n<\/ul>\n<p>Remplissez votre jardin de couleur, de saveur et de fra\u00eecheur avec les <strong>graines de laitue romaine Little Leprechaun de Demeter Organic<\/strong>. Profitez d&rsquo;un l\u00e9gume attrayant, nutritif et facile \u00e0 cultiver - commandez d\u00e8s aujourd&rsquo;hui et transformez vos plats avec cette d\u00e9licieuse laitue !  <\/p>\n","protected":false},"featured_media":15739,"comment_status":"open","ping_status":"closed","template":"","meta":{"_acf_changed":false},"product_brand":[],"product_cat":[1303,424,459],"product_tag":[1385],"class_list":{"0":"post-19696","1":"product","2":"type-product","3":"status-publish","4":"has-post-thumbnail","6":"product_cat-graines-de-demeter","7":"product_cat-semences-biologiques","8":"product_cat-semences-de-legumes-feuilles-biologiques","9":"product_tag-demeter-fr","11":"first","12":"instock","13":"sale","14":"taxable","15":"shipping-taxable","16":"purchasable","17":"product-type-simple"},"acf":[],"_links":{"self":[{"href":"https:\/\/cultivers.es\/fr\/wp-json\/wp\/v2\/product\/19696","targetHints":{"allow":["GET"]}}],"collection":[{"href":"https:\/\/cultivers.es\/fr\/wp-json\/wp\/v2\/product"}],"about":[{"href":"https:\/\/cultivers.es\/fr\/wp-json\/wp\/v2\/types\/product"}],"replies":[{"embeddable":true,"href":"https:\/\/cultivers.es\/fr\/wp-json\/wp\/v2\/comments?post=19696"}],"wp:featuredmedia":[{"embeddable":true,"href":"https:\/\/cultivers.es\/fr\/wp-json\/wp\/v2\/media\/15739"}],"wp:attachment":[{"href":"https:\/\/cultivers.es\/fr\/wp-json\/wp\/v2\/media?parent=19696"}],"wp:term":[{"taxonomy":"product_brand","embeddable":true,"href":"https:\/\/cultivers.es\/fr\/wp-json\/wp\/v2\/product_brand?post=19696"},{"taxonomy":"product_cat","embeddable":true,"href":"https:\/\/cultivers.es\/fr\/wp-json\/wp\/v2\/product_cat?post=19696"},{"taxonomy":"product_tag","embeddable":true,"href":"https:\/\/cultivers.es\/fr\/wp-json\/wp\/v2\/product_tag?post=19696"}],"curies":[{"name":"wp","href":"https:\/\/api.w.org\/{rel}","templated":true}]}}