{"id":19697,"date":"2022-10-07T07:08:06","date_gmt":"2022-10-07T07:08:06","guid":{"rendered":"https:\/\/cultivers.es\/abonos\/semences-de-laitue-salad-bowl-bio\/"},"modified":"2025-09-22T04:40:51","modified_gmt":"2025-09-22T04:40:51","slug":"saladier-graines-de-laitue-ecologiques","status":"publish","type":"product","link":"https:\/\/cultivers.es\/fr\/abonnements\/saladier-graines-de-laitue-ecologiques\/","title":{"rendered":"Demeter Biodynamic Salad Bowl Semences de laitue"},"content":{"rendered":"","protected":false},"excerpt":{"rendered":"<p>Profitez de feuilles fra\u00eeches et croquantes gr\u00e2ce \u00e0 nos <strong>graines de laitue Salad Bowl biologique<\/strong>. Cette vari\u00e9t\u00e9 est connue pour ses feuilles fris\u00e9es d&rsquo;un vert \u00e9clatant, id\u00e9ales pour les salades l\u00e9g\u00e8res, les sandwichs ou comme garniture. Sa saveur douce et sa texture tendre en font la pr\u00e9f\u00e9r\u00e9e de tous les amateurs de cuisine saine. De plus, sa facilit\u00e9 de culture et sa rusticit\u00e9 la rendent parfaite pour les jardiniers de tous niveaux.   <\/p>\n<ul>\n<li><strong>Feuilles vertes f<\/strong> ris\u00e9es <strong>:<\/strong> La laitue Salad Bowl se distingue par ses feuilles fris\u00e9es et tendres, faciles \u00e0 r\u00e9colter et parfaites pour des r\u00e9coltes continues tout au long de la saison.<\/li>\n<li><strong>Saveur douce et l\u00e9g\u00e8re :<\/strong> sa saveur fra\u00eeche et d\u00e9licate se combine parfaitement avec une grande vari\u00e9t\u00e9 d&rsquo;ingr\u00e9dients, ce qui la rend id\u00e9ale pour les salades, les wraps et les garnitures.<\/li>\n<li><strong>R\u00e9colte prolong\u00e9e :<\/strong> Cette vari\u00e9t\u00e9 permet de r\u00e9colter les feuilles individuellement au fur et \u00e0 mesure de leur croissance, ce qui garantit une r\u00e9colte constante et prolong\u00e9e.<\/li>\n<li><strong>Riche en nutriments :<\/strong> C&rsquo;est une excellente source de vitamines A, C et K, d&rsquo;antioxydants et de fibres, ce qui en fait un aliment essentiel pour une alimentation \u00e9quilibr\u00e9e.<\/li>\n<li><strong>Facile \u00e0 cultiver :<\/strong> sa rusticit\u00e9 et sa croissance rapide en font une plante parfaite pour les d\u00e9butants et les jardiniers exp\u00e9riment\u00e9s. Elle s&rsquo;adapte bien \u00e0 diff\u00e9rents types de sol et peut \u00eatre cultiv\u00e9e dans les potagers ou en pots. <\/li>\n<li><strong>Culture biologique :<\/strong> nos semences sont 100 % biologiques, sans pesticides ni engrais chimiques, ce qui favorise une culture saine et respectueuse de l&rsquo;environnement pour vous et votre famille.<\/li>\n<\/ul>\n<p>Remplissez votre jardin de fra\u00eecheur et de saveur avec les <strong>graines de laitue Salad Bowl biologique<\/strong>. Faciles \u00e0 cultiver, nutritives et d\u00e9licieuses, elles sont id\u00e9ales pour des r\u00e9coltes continues tout au long de la saison. Commandez d\u00e8s aujourd&rsquo;hui et commencez \u00e0 profiter de cette laitue classique sur votre table !  <\/p>\n","protected":false},"featured_media":15714,"comment_status":"open","ping_status":"closed","template":"","meta":{"_acf_changed":false},"product_brand":[],"product_cat":[1303,424,459],"product_tag":[1385],"class_list":{"0":"post-19697","1":"product","2":"type-product","3":"status-publish","4":"has-post-thumbnail","6":"product_cat-graines-de-demeter","7":"product_cat-semences-biologiques","8":"product_cat-semences-de-legumes-feuilles-biologiques","9":"product_tag-demeter-fr","11":"first","12":"instock","13":"taxable","14":"shipping-taxable","15":"purchasable","16":"product-type-variable"},"acf":[],"_links":{"self":[{"href":"https:\/\/cultivers.es\/fr\/wp-json\/wp\/v2\/product\/19697","targetHints":{"allow":["GET"]}}],"collection":[{"href":"https:\/\/cultivers.es\/fr\/wp-json\/wp\/v2\/product"}],"about":[{"href":"https:\/\/cultivers.es\/fr\/wp-json\/wp\/v2\/types\/product"}],"replies":[{"embeddable":true,"href":"https:\/\/cultivers.es\/fr\/wp-json\/wp\/v2\/comments?post=19697"}],"wp:featuredmedia":[{"embeddable":true,"href":"https:\/\/cultivers.es\/fr\/wp-json\/wp\/v2\/media\/15714"}],"wp:attachment":[{"href":"https:\/\/cultivers.es\/fr\/wp-json\/wp\/v2\/media?parent=19697"}],"wp:term":[{"taxonomy":"product_brand","embeddable":true,"href":"https:\/\/cultivers.es\/fr\/wp-json\/wp\/v2\/product_brand?post=19697"},{"taxonomy":"product_cat","embeddable":true,"href":"https:\/\/cultivers.es\/fr\/wp-json\/wp\/v2\/product_cat?post=19697"},{"taxonomy":"product_tag","embeddable":true,"href":"https:\/\/cultivers.es\/fr\/wp-json\/wp\/v2\/product_tag?post=19697"}],"curies":[{"name":"wp","href":"https:\/\/api.w.org\/{rel}","templated":true}]}}