{"id":19702,"date":"2022-10-07T07:08:06","date_gmt":"2022-10-07T07:08:06","guid":{"rendered":"https:\/\/cultivers.es\/abonos\/graines-de-roquette-esmee-bio\/"},"modified":"2025-09-22T05:07:07","modified_gmt":"2025-09-22T05:07:07","slug":"semences-rucula-esmee-ecologique","status":"publish","type":"product","link":"https:\/\/cultivers.es\/fr\/abonnements\/semences-rucula-esmee-ecologique\/","title":{"rendered":"Graines de roquette Esmee"},"content":{"rendered":"","protected":false},"excerpt":{"rendered":"<p>Cultivez la fra\u00eecheur et l&rsquo;\u00e9l\u00e9gance dans votre jardin avec nos <strong>graines de roquette biologique Esmee<\/strong>. Cette vari\u00e9t\u00e9 se caract\u00e9rise par des feuilles finement taill\u00e9es, \u00e0 la texture douce, \u00e0 la saveur fra\u00eeche et l\u00e9g\u00e8rement \u00e9pic\u00e9e, moins poivr\u00e9e que les autres roquettes. Parfaite pour les salades, les sandwichs et les accompagnements, la roquette Esmee apporte une touche sophistiqu\u00e9e et saine \u00e0 tous vos plats.  <\/p>\n<ul>\n<li><strong>Feuilles lisses et d\u00e9coup\u00e9es :<\/strong> la roquette Esmee produit des feuilles vertes aux bords d\u00e9licatement dentel\u00e9s, qui sont non seulement visuellement attrayantes, mais aussi tendres et d\u00e9licieuses au palais.<\/li>\n<li><strong>Saveur douce et fra\u00eeche :<\/strong> Avec un profil de saveur l\u00e9g\u00e8rement \u00e9pic\u00e9 mais moins intense que les autres vari\u00e9t\u00e9s, cette roquette est id\u00e9ale pour ceux qui recherchent une touche subtile et rafra\u00eechissante dans leurs recettes.<\/li>\n<li><strong>Croissance rapide :<\/strong> Rocket Esmee est une plante \u00e0 croissance rapide, qui permet de r\u00e9colter des feuilles fra\u00eeches en quelques semaines seulement. Elle est parfaite pour ceux qui recherchent des cultures efficaces et continues. <\/li>\n<li><strong>Polyvalence culinaire :<\/strong> id\u00e9al pour les salades fra\u00eeches, les plats d&rsquo;accompagnement, les wraps et comme garniture pour les plats principaux. C&rsquo;est \u00e9galement un excellent choix pour l&rsquo;incorporation dans les pizzas ou les p\u00e2tes. <\/li>\n<li><strong>Riche en nutriments :<\/strong> Cette vari\u00e9t\u00e9 est une excellente source de vitamines A, C et K, d&rsquo;antioxydants, de calcium et de fer, ce qui en fait un aliment sain et plein de bienfaits.<\/li>\n<li><strong>Facile \u00e0 cultiver :<\/strong> rustique et adaptable, cette roquette peut \u00eatre cultiv\u00e9e dans une large gamme de climats et de sols. Elle est parfaite pour les jardins ext\u00e9rieurs ou en conteneurs sur les balcons et les terrasses. <\/li>\n<li><strong>Culture biologique :<\/strong> Nos semences sont 100 % biologiques, sans pesticides ni produits chimiques, ce qui garantit une culture durable et respectueuse de l&rsquo;environnement.<\/li>\n<\/ul>\n<p>Apportez de la fra\u00eecheur, de la saveur et de l&rsquo;\u00e9l\u00e9gance \u00e0 votre table avec les <strong>graines de roquette biologique Esmee<\/strong>. Faciles \u00e0 cultiver et parfaites pour des r\u00e9coltes rapides, ces feuilles polyvalentes et saines seront un must dans votre jardin. Commandez d\u00e8s aujourd&rsquo;hui et profitez de la qualit\u00e9 de cette roquette unique directement dans votre jardin !  <\/p>\n","protected":false},"featured_media":15619,"comment_status":"open","ping_status":"closed","template":"","meta":{"_acf_changed":false},"product_brand":[],"product_cat":[424,459],"product_tag":[],"woo-feed-brand":[],"class_list":{"0":"post-19702","1":"product","2":"type-product","3":"status-publish","4":"has-post-thumbnail","6":"product_cat-semences-biologiques","7":"product_cat-semences-de-legumes-feuilles-biologiques","9":"first","10":"outofstock","11":"taxable","12":"shipping-taxable","13":"purchasable","14":"product-type-simple"},"acf":[],"_links":{"self":[{"href":"https:\/\/cultivers.es\/fr\/wp-json\/wp\/v2\/product\/19702","targetHints":{"allow":["GET"]}}],"collection":[{"href":"https:\/\/cultivers.es\/fr\/wp-json\/wp\/v2\/product"}],"about":[{"href":"https:\/\/cultivers.es\/fr\/wp-json\/wp\/v2\/types\/product"}],"replies":[{"embeddable":true,"href":"https:\/\/cultivers.es\/fr\/wp-json\/wp\/v2\/comments?post=19702"}],"wp:featuredmedia":[{"embeddable":true,"href":"https:\/\/cultivers.es\/fr\/wp-json\/wp\/v2\/media\/15619"}],"wp:attachment":[{"href":"https:\/\/cultivers.es\/fr\/wp-json\/wp\/v2\/media?parent=19702"}],"wp:term":[{"taxonomy":"product_brand","embeddable":true,"href":"https:\/\/cultivers.es\/fr\/wp-json\/wp\/v2\/product_brand?post=19702"},{"taxonomy":"product_cat","embeddable":true,"href":"https:\/\/cultivers.es\/fr\/wp-json\/wp\/v2\/product_cat?post=19702"},{"taxonomy":"product_tag","embeddable":true,"href":"https:\/\/cultivers.es\/fr\/wp-json\/wp\/v2\/product_tag?post=19702"},{"taxonomy":"woo-feed-brand","embeddable":true,"href":"https:\/\/cultivers.es\/fr\/wp-json\/wp\/v2\/woo-feed-brand?post=19702"}],"curies":[{"name":"wp","href":"https:\/\/api.w.org\/{rel}","templated":true}]}}