{"id":19708,"date":"2022-10-07T07:08:06","date_gmt":"2022-10-07T07:08:06","guid":{"rendered":"https:\/\/cultivers.es\/abonos\/basilic-genois-graines\/"},"modified":"2025-11-22T11:45:50","modified_gmt":"2025-11-22T11:45:50","slug":"basilic-genovesa-seeds","status":"publish","type":"product","link":"https:\/\/cultivers.es\/fr\/abonnements\/basilic-genovesa-seeds\/","title":{"rendered":"Basilic g\u00e9nois biodynamique biologique Semences Demeter"},"content":{"rendered":"","protected":false},"excerpt":{"rendered":"<p>Appr\u00e9ciez le go\u00fbt authentique de la cuisine italienne avec nos graines de basilic g\u00e9nois Demeter Organic. Cette vari\u00e9t\u00e9 est connue pour ses larges feuilles aromatiques, parfaites pour pr\u00e9parer le classique pesto g\u00e9nois, ainsi que pour ajouter une touche fra\u00eeche et parfum\u00e9e aux salades, sauces et rago\u00fbts. Le basilic g\u00e9nois est facile \u00e0 cultiver et, avec la certification Demeter, nous garantissons que sa culture respecte les principes de l&rsquo;agriculture biodynamique, favorisant un jardin sain et durable.  <\/p>\n<ul>\n<li><strong>Un ar\u00f4me et une saveur incomparables :<\/strong> le basilic g\u00e9nois est c\u00e9l\u00e8bre pour son ar\u00f4me intense de basilic frais et sa saveur douce mais distinctive, ce qui en fait un ingr\u00e9dient indispensable dans les plats italiens tels que le pesto, les salades caprese ou les pizzas.<\/li>\n<li><strong>Grandes feuilles tendres :<\/strong> Cette vari\u00e9t\u00e9 de basilic produit de grandes feuilles tendres et douces, id\u00e9ales pour la cuisine ainsi que pour la consommation fra\u00eeche dans les salades ou les garnitures.<\/li>\n<li><strong>Facile \u00e0 cultiver : le<\/strong> basilic g\u00e9nois est une plante annuelle qui s&rsquo;adapte bien \u00e0 une grande vari\u00e9t\u00e9 de climats et de sols. Il peut \u00eatre cultiv\u00e9 dans des jardins, des jardins urbains ou des conteneurs, ce qui le rend parfait pour tout espace. <\/li>\n<li><strong>Avantages pour la sant\u00e9 :<\/strong> Outre son go\u00fbt d\u00e9licieux, le basilic est riche en antioxydants, en vitamines A, K et C, et poss\u00e8de des propri\u00e9t\u00e9s anti-inflammatoires, ce qui en fait un compl\u00e9ment sain \u00e0 votre r\u00e9gime alimentaire.<\/li>\n<li><strong>Certification Demeter :<\/strong> certifi\u00e9es Demeter, ces semences sont cultiv\u00e9es selon les principes de l&rsquo;agriculture biodynamique, en respectant l&rsquo;\u00e9quilibre naturel de l&rsquo;\u00e9cosyst\u00e8me et en favorisant la sant\u00e9 du sol.<\/li>\n<li><strong>Culture biologique :<\/strong> Nos semences sont 100% biologiques et exemptes de pesticides et de produits chimiques, ce qui garantit une r\u00e9colte saine et respectueuse de l&rsquo;environnement.<\/li>\n<\/ul>\n<p>Apportez le go\u00fbt authentique de la cuisine italienne \u00e0 votre table avec nos graines de basilic g\u00e9nois Demeter Organic. Facile \u00e0 cultiver et plein d&rsquo;avantages, ce basilic transformera vos plats avec sa saveur fra\u00eeche et son ar\u00f4me in\u00e9gal\u00e9. Commandez d\u00e8s aujourd&rsquo;hui et commencez \u00e0 appr\u00e9cier le go\u00fbt authentique de l&rsquo;Italie directement dans votre jardin !  <\/p>\n","protected":false},"featured_media":15864,"comment_status":"open","ping_status":"closed","template":"","meta":{"_acf_changed":false},"product_brand":[],"product_cat":[747,1303,424],"product_tag":[1385],"class_list":{"0":"post-19708","1":"product","2":"type-product","3":"status-publish","4":"has-post-thumbnail","6":"product_cat-graines-aromatiques-biologiques","7":"product_cat-graines-de-demeter","8":"product_cat-semences-biologiques","9":"product_tag-demeter-fr","11":"first","12":"instock","13":"taxable","14":"shipping-taxable","15":"purchasable","16":"product-type-simple"},"acf":[],"_links":{"self":[{"href":"https:\/\/cultivers.es\/fr\/wp-json\/wp\/v2\/product\/19708","targetHints":{"allow":["GET"]}}],"collection":[{"href":"https:\/\/cultivers.es\/fr\/wp-json\/wp\/v2\/product"}],"about":[{"href":"https:\/\/cultivers.es\/fr\/wp-json\/wp\/v2\/types\/product"}],"replies":[{"embeddable":true,"href":"https:\/\/cultivers.es\/fr\/wp-json\/wp\/v2\/comments?post=19708"}],"wp:featuredmedia":[{"embeddable":true,"href":"https:\/\/cultivers.es\/fr\/wp-json\/wp\/v2\/media\/15864"}],"wp:attachment":[{"href":"https:\/\/cultivers.es\/fr\/wp-json\/wp\/v2\/media?parent=19708"}],"wp:term":[{"taxonomy":"product_brand","embeddable":true,"href":"https:\/\/cultivers.es\/fr\/wp-json\/wp\/v2\/product_brand?post=19708"},{"taxonomy":"product_cat","embeddable":true,"href":"https:\/\/cultivers.es\/fr\/wp-json\/wp\/v2\/product_cat?post=19708"},{"taxonomy":"product_tag","embeddable":true,"href":"https:\/\/cultivers.es\/fr\/wp-json\/wp\/v2\/product_tag?post=19708"}],"curies":[{"name":"wp","href":"https:\/\/api.w.org\/{rel}","templated":true}]}}