{"id":19749,"date":"2022-10-07T07:08:06","date_gmt":"2022-10-07T07:08:06","guid":{"rendered":"https:\/\/cultivers.es\/abonos\/radis-en-graines-saxa-organic\/"},"modified":"2025-09-22T05:09:31","modified_gmt":"2025-09-22T05:09:31","slug":"radis-saxa-semences-bio","status":"publish","type":"product","link":"https:\/\/cultivers.es\/fr\/abonnements\/radis-saxa-semences-bio\/","title":{"rendered":"Graines de radis Saxa"},"content":{"rendered":"","protected":false},"excerpt":{"rendered":"<p>D\u00e9couvrez la vari\u00e9t\u00e9 parfaite pour des r\u00e9coltes rapides et savoureuses avec nos <strong>graines de radis Saxa biologiques<\/strong>. Ce petit radis rond et rouge vif est id\u00e9al pour ceux qui recherchent une r\u00e9colte rapide et facile. Avec une saveur douce et rafra\u00eechissante, le radis Saxa est parfait pour les salades, les plats d&rsquo;accompagnement ou comme en-cas sain. Cultivez-le \u00e0 tout moment de l&rsquo;ann\u00e9e et profitez de sa texture croquante et de sa fra\u00eecheur incomparable.   <\/p>\n<ul>\n<li><strong>Forme arrondie et couleur vive :<\/strong> le radis saxa produit de petites racines arrondies d&rsquo;un rouge vif qui \u00e9gayent le jardin ou les plats.<\/li>\n<li><strong>Saveur douce et rafra\u00eechissante :<\/strong> sa saveur l\u00e9g\u00e8re, l\u00e9g\u00e8rement \u00e9pic\u00e9e, en fait un ingr\u00e9dient polyvalent pour les salades, les wraps et les plats d&rsquo;accompagnement.<\/li>\n<li><strong>Croissance rapide :<\/strong> cette vari\u00e9t\u00e9 se distingue par sa rapidit\u00e9, permettant des r\u00e9coltes en seulement 3-4 semaines apr\u00e8s le semis. Elle est id\u00e9ale pour les vergers \u00e0 rotation rapide ou les cultures urbaines. <\/li>\n<li><strong>Riche en nutriments :<\/strong> Ce radis est une source importante de vitamine C, d&rsquo;antioxydants et de fibres, contribuant \u00e0 renforcer le syst\u00e8me immunitaire et \u00e0 maintenir une alimentation \u00e9quilibr\u00e9e.<\/li>\n<li><strong>Facile \u00e0 cultiver :<\/strong> parfait pour les d\u00e9butants comme pour les jardiniers exp\u00e9riment\u00e9s, le radis saxa s&rsquo;adapte bien \u00e0 tout type de sol et de climat, et peut m\u00eame \u00eatre cultiv\u00e9 en pot.<\/li>\n<li><strong>Culture biologique :<\/strong> Nos semences sont 100 % biologiques, sans pesticides ni engrais chimiques, ce qui garantit une culture durable et respectueuse de l&rsquo;environnement.<\/li>\n<\/ul>\n<p>Remplissez votre jardin de fra\u00eecheur et de couleur avec les <strong>graines de radis Saxa Organic<\/strong>. Cultivez cette vari\u00e9t\u00e9 rapide, croquante et nutritive et profitez de son go\u00fbt d\u00e9licieux en quelques semaines seulement. Commandez d\u00e8s aujourd&rsquo;hui et commencez \u00e0 r\u00e9colter de la fra\u00eecheur directement dans votre jardin !  <\/p>\n","protected":false},"featured_media":15459,"comment_status":"open","ping_status":"closed","template":"","meta":{"_acf_changed":false},"product_brand":[],"product_cat":[426,424],"product_tag":[],"woo-feed-brand":[],"class_list":{"0":"post-19749","1":"product","2":"type-product","3":"status-publish","4":"has-post-thumbnail","6":"product_cat-graines-de-racines-biologiques","7":"product_cat-semences-biologiques","9":"first","10":"outofstock","11":"taxable","12":"shipping-taxable","13":"purchasable","14":"product-type-simple"},"acf":[],"_links":{"self":[{"href":"https:\/\/cultivers.es\/fr\/wp-json\/wp\/v2\/product\/19749","targetHints":{"allow":["GET"]}}],"collection":[{"href":"https:\/\/cultivers.es\/fr\/wp-json\/wp\/v2\/product"}],"about":[{"href":"https:\/\/cultivers.es\/fr\/wp-json\/wp\/v2\/types\/product"}],"replies":[{"embeddable":true,"href":"https:\/\/cultivers.es\/fr\/wp-json\/wp\/v2\/comments?post=19749"}],"wp:featuredmedia":[{"embeddable":true,"href":"https:\/\/cultivers.es\/fr\/wp-json\/wp\/v2\/media\/15459"}],"wp:attachment":[{"href":"https:\/\/cultivers.es\/fr\/wp-json\/wp\/v2\/media?parent=19749"}],"wp:term":[{"taxonomy":"product_brand","embeddable":true,"href":"https:\/\/cultivers.es\/fr\/wp-json\/wp\/v2\/product_brand?post=19749"},{"taxonomy":"product_cat","embeddable":true,"href":"https:\/\/cultivers.es\/fr\/wp-json\/wp\/v2\/product_cat?post=19749"},{"taxonomy":"product_tag","embeddable":true,"href":"https:\/\/cultivers.es\/fr\/wp-json\/wp\/v2\/product_tag?post=19749"},{"taxonomy":"woo-feed-brand","embeddable":true,"href":"https:\/\/cultivers.es\/fr\/wp-json\/wp\/v2\/woo-feed-brand?post=19749"}],"curies":[{"name":"wp","href":"https:\/\/api.w.org\/{rel}","templated":true}]}}