{"id":19750,"date":"2022-10-07T07:08:06","date_gmt":"2022-10-07T07:08:06","guid":{"rendered":"https:\/\/cultivers.es\/abonos\/radis-noir-bio-semences-dhiver\/"},"modified":"2025-09-22T05:09:22","modified_gmt":"2025-09-22T05:09:22","slug":"radis-noir-noir-banane-semences-ecologique-ecologique","status":"publish","type":"product","link":"https:\/\/cultivers.es\/fr\/abonnements\/radis-noir-noir-banane-semences-ecologique-ecologique\/","title":{"rendered":"Radis noir Semences d&rsquo;hiver"},"content":{"rendered":"","protected":false},"excerpt":{"rendered":"<p>Cultivez une vari\u00e9t\u00e9 unique et r\u00e9sistante avec nos <strong>graines de radis noir d&rsquo;hiver biologiques<\/strong>. Ce radis se distingue par sa peau d&rsquo;un noir profond et sa chair d&rsquo;un blanc \u00e9clatant. Avec une saveur intense et l\u00e9g\u00e8rement poivr\u00e9e, il est parfait pour les salades, les cornichons ou comme ingr\u00e9dient dans les rago\u00fbts et les soupes. Id\u00e9al pour la culture en climat froid, le radis noir d&rsquo;hiver offre des r\u00e9coltes abondantes pendant les mois les plus frais de l&rsquo;ann\u00e9e, ce qui en fait un choix indispensable pour un potager productif.   <\/p>\n<ul>\n<li><strong>Peau noire et chair blanche :<\/strong> ce radis pr\u00e9sente un contraste unique avec sa peau fonc\u00e9e et sa chair d&rsquo;un blanc \u00e9clatant, offrant un aspect saisissant et un go\u00fbt incomparable.<\/li>\n<li><strong>Saveur intense et \u00e9pic\u00e9e :<\/strong> sa saveur forte et l\u00e9g\u00e8rement \u00e9pic\u00e9e en fait un ingr\u00e9dient polyvalent pour les salades, les soupes, les rago\u00fbts ou les cornichons.<\/li>\n<li><strong>R\u00e9sistant au froid :<\/strong> Con\u00e7u pour prosp\u00e9rer dans les conditions hivernales, le radis noir d&rsquo;hiver est id\u00e9al pour les r\u00e9coltes tardives dans les climats plus froids.<\/li>\n<li><strong>Croissance rapide :<\/strong> Bien que rustique, cette vari\u00e9t\u00e9 pousse rapidement, ce qui vous permet de b\u00e9n\u00e9ficier de r\u00e9coltes continues tout au long de la saison.<\/li>\n<li><strong>Riche en nutriments :<\/strong> Ce radis est une excellente source de vitamine C, d&rsquo;antioxydants et de fibres, contribuant \u00e0 une alimentation \u00e9quilibr\u00e9e et renfor\u00e7ant le syst\u00e8me immunitaire.<\/li>\n<li><strong>Facile \u00e0 cultiver :<\/strong> rustique et adaptable, il s&rsquo;adapte bien \u00e0 diff\u00e9rents types de sol, ce qui en fait un excellent choix pour les d\u00e9butants comme pour les jardiniers exp\u00e9riment\u00e9s.<\/li>\n<li><strong>Culture biologique :<\/strong> Nos semences sont 100% biologiques, sans pesticides ni engrais chimiques, ce qui garantit une culture durable et respectueuse de l&rsquo;environnement.<\/li>\n<\/ul>\n<p>Ajoutez de la saveur, de la fra\u00eecheur et de la robustesse \u00e0 votre jardin avec les <strong>graines de radis noir bio d&rsquo;hiver<\/strong>. Parfaites pour les mois les plus froids et faciles \u00e0 cultiver, ces racines croquantes et saines seront indispensables dans votre cuisine. Commandez d\u00e8s aujourd&rsquo;hui et profitez d&rsquo;une r\u00e9colte pleine de caract\u00e8re et de nutrition !  <\/p>\n","protected":false},"featured_media":15454,"comment_status":"open","ping_status":"closed","template":"","meta":{"_acf_changed":false},"product_brand":[],"product_cat":[426,1307,424],"product_tag":[1579],"class_list":{"0":"post-19750","1":"product","2":"type-product","3":"status-publish","4":"has-post-thumbnail","6":"product_cat-graines-de-racines-biologiques","7":"product_cat-recommander-des-graines","8":"product_cat-semences-biologiques","9":"product_tag-eco","11":"first","12":"instock","13":"taxable","14":"shipping-taxable","15":"purchasable","16":"product-type-simple"},"acf":[],"_links":{"self":[{"href":"https:\/\/cultivers.es\/fr\/wp-json\/wp\/v2\/product\/19750","targetHints":{"allow":["GET"]}}],"collection":[{"href":"https:\/\/cultivers.es\/fr\/wp-json\/wp\/v2\/product"}],"about":[{"href":"https:\/\/cultivers.es\/fr\/wp-json\/wp\/v2\/types\/product"}],"replies":[{"embeddable":true,"href":"https:\/\/cultivers.es\/fr\/wp-json\/wp\/v2\/comments?post=19750"}],"wp:featuredmedia":[{"embeddable":true,"href":"https:\/\/cultivers.es\/fr\/wp-json\/wp\/v2\/media\/15454"}],"wp:attachment":[{"href":"https:\/\/cultivers.es\/fr\/wp-json\/wp\/v2\/media?parent=19750"}],"wp:term":[{"taxonomy":"product_brand","embeddable":true,"href":"https:\/\/cultivers.es\/fr\/wp-json\/wp\/v2\/product_brand?post=19750"},{"taxonomy":"product_cat","embeddable":true,"href":"https:\/\/cultivers.es\/fr\/wp-json\/wp\/v2\/product_cat?post=19750"},{"taxonomy":"product_tag","embeddable":true,"href":"https:\/\/cultivers.es\/fr\/wp-json\/wp\/v2\/product_tag?post=19750"}],"curies":[{"name":"wp","href":"https:\/\/api.w.org\/{rel}","templated":true}]}}