{"id":19753,"date":"2022-10-07T07:08:06","date_gmt":"2022-10-07T07:08:06","guid":{"rendered":"https:\/\/cultivers.es\/abonos\/oignon-stuttgarter-semences-biologiques\/"},"modified":"2025-09-22T05:09:05","modified_gmt":"2025-09-22T05:09:05","slug":"oignons-semences-stuttgarter-ecologique","status":"publish","type":"product","link":"https:\/\/cultivers.es\/fr\/abonnements\/oignons-semences-stuttgarter-ecologique\/","title":{"rendered":"Semences d&rsquo;oignons biodynamiques Stuttgarter Demeter"},"content":{"rendered":"","protected":false},"excerpt":{"rendered":"<p>Cultivez l&rsquo;une des vari\u00e9t\u00e9s d&rsquo;oignon les plus populaires et les plus appr\u00e9ci\u00e9es avec nos <strong>graines d&rsquo;oignon Stuttgarter biologiques<\/strong>. R\u00e9put\u00e9 pour ses bulbes arrondis et l\u00e9g\u00e8rement aplatis, sa saveur douce et son excellente conservation, l&rsquo;oignon Stuttgarter est un choix id\u00e9al pour la cuisine de tous les jours et la mise en conserve. Cette vari\u00e9t\u00e9 est facile \u00e0 cultiver, rustique et tr\u00e8s productive, ce qui la rend parfaite pour tout jardin biologique.  <\/p>\n<ul>\n<li><strong>Bulbes compacts et polyvalents :<\/strong> l&rsquo;oignon de Stuttgart produit des bulbes de taille moyenne, arrondis et l\u00e9g\u00e8rement aplatis, dont la peau dor\u00e9e prot\u00e8ge l&rsquo;int\u00e9rieur juteux et d\u00e9licatement aromatis\u00e9.<\/li>\n<li><strong>Saveur douce et l\u00e9g\u00e8re :<\/strong> id\u00e9al pour les salades fra\u00eeches, les rago\u00fbts, les r\u00f4tis ou toute recette faisant appel \u00e0 l&rsquo;oignon, gr\u00e2ce \u00e0 sa saveur \u00e9quilibr\u00e9e qui ne domine pas les autres ingr\u00e9dients.<\/li>\n<li><strong>Longue dur\u00e9e de conservation :<\/strong> cette vari\u00e9t\u00e9 est connue pour son excellente aptitude \u00e0 la conservation, ce qui vous permet de profiter de vos oignons pendant des mois apr\u00e8s la r\u00e9colte s&rsquo;ils sont conserv\u00e9s correctement.<\/li>\n<li><strong>Rustique et \u00e0 haut rendement :<\/strong> l&rsquo;oignon de Stuttgart est une plante robuste qui s&rsquo;adapte bien \u00e0 diff\u00e9rents climats et sols, garantissant des r\u00e9coltes abondantes et de qualit\u00e9.<\/li>\n<li><strong>Riche en nutriments :<\/strong> Source naturelle d&rsquo;antioxydants, de vitamine C et de compos\u00e9s b\u00e9n\u00e9fiques pour la sant\u00e9, les oignons contribuent \u00e0 une alimentation \u00e9quilibr\u00e9e et renforcent le syst\u00e8me immunitaire.<\/li>\n<li><strong>Facile \u00e0 cultiver :<\/strong> Id\u00e9ale pour les jardiniers d\u00e9butants et exp\u00e9riment\u00e9s, cette vari\u00e9t\u00e9 est r\u00e9sistante aux parasites et aux maladies, ce qui garantit une culture facile et r\u00e9ussie.<\/li>\n<li><strong>Culture biologique :<\/strong> Nos semences sont 100 % biologiques, sans pesticides ni produits chimiques, ce qui favorise une culture durable et respectueuse de l&rsquo;environnement.<\/li>\n<\/ul>\n<p>Remplissez votre jardin de saveur et de tradition avec les <strong>semences d&rsquo;oignons biologiques Stuttgarter<\/strong>. Cultivez cette vari\u00e9t\u00e9 classique, rustique et facile \u00e0 stocker et profitez de sa polyvalence dans la cuisine. Commandez d\u00e8s aujourd&rsquo;hui et r\u00e9coltez des oignons de grande qualit\u00e9 directement dans votre jardin !  <\/p>\n","protected":false},"featured_media":15439,"comment_status":"open","ping_status":"closed","template":"","meta":{"_acf_changed":false},"product_brand":[],"product_cat":[1303,426,424],"product_tag":[1385],"class_list":{"0":"post-19753","1":"product","2":"type-product","3":"status-publish","4":"has-post-thumbnail","6":"product_cat-graines-de-demeter","7":"product_cat-graines-de-racines-biologiques","8":"product_cat-semences-biologiques","9":"product_tag-demeter-fr","11":"first","12":"instock","13":"taxable","14":"shipping-taxable","15":"purchasable","16":"product-type-variable"},"acf":[],"_links":{"self":[{"href":"https:\/\/cultivers.es\/fr\/wp-json\/wp\/v2\/product\/19753","targetHints":{"allow":["GET"]}}],"collection":[{"href":"https:\/\/cultivers.es\/fr\/wp-json\/wp\/v2\/product"}],"about":[{"href":"https:\/\/cultivers.es\/fr\/wp-json\/wp\/v2\/types\/product"}],"replies":[{"embeddable":true,"href":"https:\/\/cultivers.es\/fr\/wp-json\/wp\/v2\/comments?post=19753"}],"wp:featuredmedia":[{"embeddable":true,"href":"https:\/\/cultivers.es\/fr\/wp-json\/wp\/v2\/media\/15439"}],"wp:attachment":[{"href":"https:\/\/cultivers.es\/fr\/wp-json\/wp\/v2\/media?parent=19753"}],"wp:term":[{"taxonomy":"product_brand","embeddable":true,"href":"https:\/\/cultivers.es\/fr\/wp-json\/wp\/v2\/product_brand?post=19753"},{"taxonomy":"product_cat","embeddable":true,"href":"https:\/\/cultivers.es\/fr\/wp-json\/wp\/v2\/product_cat?post=19753"},{"taxonomy":"product_tag","embeddable":true,"href":"https:\/\/cultivers.es\/fr\/wp-json\/wp\/v2\/product_tag?post=19753"}],"curies":[{"name":"wp","href":"https:\/\/api.w.org\/{rel}","templated":true}]}}