{"id":19754,"date":"2022-10-07T07:08:06","date_gmt":"2022-10-07T07:08:06","guid":{"rendered":"https:\/\/cultivers.es\/abonos\/radis-francais-breakfast-semences-biologiques\/"},"modified":"2025-09-22T05:09:21","modified_gmt":"2025-09-22T05:09:21","slug":"radis-french-breakfast-ecological-banana-seeds","status":"publish","type":"product","link":"https:\/\/cultivers.es\/fr\/abonnements\/radis-french-breakfast-ecological-banana-seeds\/","title":{"rendered":"Graines de radis French Breakfast"},"content":{"rendered":"","protected":false},"excerpt":{"rendered":"<p>D\u00e9couvrez la saveur unique et l&rsquo;\u00e9l\u00e9gance du <strong>radis French Breakfast<\/strong> avec nos <strong>graines de<\/strong> <strong>radis<\/strong> <strong>biologiques<\/strong>. Cette vari\u00e9t\u00e9 classique, connue pour sa forme allong\u00e9e et sa peau bicolore, combine une couleur rouge vibrante avec une pointe blanche, apportant style et fra\u00eecheur \u00e0 vos plats. Sa saveur douce et l\u00e9g\u00e8rement piquante le rend parfait pour les salades fra\u00eeches, les en-cas sains ou comme garniture. C&rsquo;est \u00e9galement une plante \u00e0 croissance rapide et facile \u00e0 cultiver, id\u00e9ale pour les jardins urbains ou traditionnels.   <\/p>\n<ul>\n<li><strong>Forme allong\u00e9e et couleur attrayante :<\/strong> ce radis se distingue par sa forme ovale allong\u00e9e et sa peau rouge frappante avec une pointe blanche, ce qui le rend visuellement attrayant et d\u00e9coratif dans la cuisine.<\/li>\n<li><strong>Saveur douce et d\u00e9licate :<\/strong> avec une touche l\u00e9g\u00e8rement \u00e9pic\u00e9e, le radis French Breakfast est id\u00e9al pour \u00eatre consomm\u00e9 frais en salade, comme en-cas sain ou pour accompagner des plats principaux.<\/li>\n<li><strong>Croissance rapide :<\/strong> C&rsquo;est une vari\u00e9t\u00e9 \u00e0 croissance rapide, permettant des r\u00e9coltes en seulement 3-4 semaines apr\u00e8s le semis, parfaite pour les vergers \u00e0 rotation rapide.<\/li>\n<li><strong>Facile \u00e0 cultiver :<\/strong> rustique et adaptable, ce radis s&rsquo;adapte bien \u00e0 diff\u00e9rents types de sols et de climats, ce qui le rend id\u00e9al pour les d\u00e9butants comme pour les jardiniers exp\u00e9riment\u00e9s.<\/li>\n<li><strong>Riche en nutriments :<\/strong> Le radis est une excellente source de vitamine C, de fibres et d&rsquo;antioxydants, contribuant ainsi \u00e0 une alimentation saine et \u00e9quilibr\u00e9e.<\/li>\n<li><strong>Culture biologique :<\/strong> Nos semences sont 100 % biologiques, sans pesticides ni produits chimiques, ce qui garantit une culture saine et respectueuse de l&rsquo;environnement pour votre famille.<\/li>\n<\/ul>\n<p>Remplissez votre jardin de couleur, de fra\u00eecheur et de saveur avec les <strong>graines de radis French Breakfast biologiques<\/strong>. Cultivez cette vari\u00e9t\u00e9 classique et profitez de r\u00e9coltes rapides, saines et d\u00e9licieuses. Commandez d\u00e8s aujourd&rsquo;hui et transformez vos plats avec la touche fra\u00eeche et unique de ce radis sp\u00e9cial !  <\/p>\n","protected":false},"featured_media":15449,"comment_status":"open","ping_status":"closed","template":"","meta":{"_acf_changed":false},"product_brand":[],"product_cat":[426,424],"product_tag":[],"woo-feed-brand":[],"class_list":{"0":"post-19754","1":"product","2":"type-product","3":"status-publish","4":"has-post-thumbnail","6":"product_cat-graines-de-racines-biologiques","7":"product_cat-semences-biologiques","9":"first","10":"outofstock","11":"sale","12":"taxable","13":"shipping-taxable","14":"purchasable","15":"product-type-simple"},"acf":[],"_links":{"self":[{"href":"https:\/\/cultivers.es\/fr\/wp-json\/wp\/v2\/product\/19754","targetHints":{"allow":["GET"]}}],"collection":[{"href":"https:\/\/cultivers.es\/fr\/wp-json\/wp\/v2\/product"}],"about":[{"href":"https:\/\/cultivers.es\/fr\/wp-json\/wp\/v2\/types\/product"}],"replies":[{"embeddable":true,"href":"https:\/\/cultivers.es\/fr\/wp-json\/wp\/v2\/comments?post=19754"}],"wp:featuredmedia":[{"embeddable":true,"href":"https:\/\/cultivers.es\/fr\/wp-json\/wp\/v2\/media\/15449"}],"wp:attachment":[{"href":"https:\/\/cultivers.es\/fr\/wp-json\/wp\/v2\/media?parent=19754"}],"wp:term":[{"taxonomy":"product_brand","embeddable":true,"href":"https:\/\/cultivers.es\/fr\/wp-json\/wp\/v2\/product_brand?post=19754"},{"taxonomy":"product_cat","embeddable":true,"href":"https:\/\/cultivers.es\/fr\/wp-json\/wp\/v2\/product_cat?post=19754"},{"taxonomy":"product_tag","embeddable":true,"href":"https:\/\/cultivers.es\/fr\/wp-json\/wp\/v2\/product_tag?post=19754"},{"taxonomy":"woo-feed-brand","embeddable":true,"href":"https:\/\/cultivers.es\/fr\/wp-json\/wp\/v2\/woo-feed-brand?post=19754"}],"curies":[{"name":"wp","href":"https:\/\/api.w.org\/{rel}","templated":true}]}}