{"id":19757,"date":"2022-10-07T07:08:06","date_gmt":"2022-10-07T07:08:06","guid":{"rendered":"https:\/\/cultivers.es\/abonos\/oignon-biologique-graines-doignon-oignon-rossa-lunga-di-firenze-organic\/"},"modified":"2025-11-22T11:45:48","modified_gmt":"2025-11-22T11:45:48","slug":"oignons-semences-rossa-lunga-di-firenze-ecologicas","status":"publish","type":"product","link":"https:\/\/cultivers.es\/fr\/abonnements\/oignons-semences-rossa-lunga-di-firenze-ecologicas\/","title":{"rendered":"Oignon en graines Oignon Rossa lunga di Firenze"},"content":{"rendered":"","protected":false},"excerpt":{"rendered":"<p>D\u00e9couvrez une vari\u00e9t\u00e9 d&rsquo;oignon unique et savoureuse avec nos <strong>graines d&rsquo;oignon biologique Rossa Lunga di Firenze<\/strong>. Cette vari\u00e9t\u00e9 traditionnelle italienne se distingue par sa forme allong\u00e9e et sa peau rouge violac\u00e9e, ainsi que par sa saveur douce et d\u00e9licate. Id\u00e9al pour les salades, les r\u00f4tis, les rago\u00fbts ou comme ingr\u00e9dient principal dans les plats gastronomiques, l&rsquo;oignon Rossa Lunga di Firenze apporte non seulement de la saveur mais aussi du style \u00e0 votre cuisine. Cultivez-le facilement dans votre jardin biologique et profitez d&rsquo;un oignon sp\u00e9cial et polyvalent.   <\/p>\n<ul>\n<li><strong>Forme allong\u00e9e et \u00e9l\u00e9gante :<\/strong> l&rsquo;oignon Rossa Lunga di Firenze a une forme cylindrique allong\u00e9e qui le rend unique et parfait pour les d\u00e9corations culinaires ou les pr\u00e9sentations sp\u00e9ciales.<\/li>\n<li><strong>Saveur douce et d\u00e9licate :<\/strong> sa saveur douce et d\u00e9licate en fait un excellent choix pour \u00eatre consomm\u00e9 cru dans les salades ou comme ingr\u00e9dient vedette dans les plats cuisin\u00e9s.<\/li>\n<li><strong>Couleur rouge vif :<\/strong> la peau rouge violac\u00e9e n&rsquo;est pas seulement attrayante, elle indique \u00e9galement une teneur \u00e9lev\u00e9e en antioxydants, b\u00e9n\u00e9fiques pour la sant\u00e9.<\/li>\n<li><strong>Riche en nutriments :<\/strong> Cet oignon est une excellente source de vitamine C, d&rsquo;antioxydants et de compos\u00e9s bioactifs, qui contribuent \u00e0 renforcer le syst\u00e8me immunitaire et \u00e0 am\u00e9liorer l&rsquo;\u00e9tat de sant\u00e9 g\u00e9n\u00e9ral.<\/li>\n<li><strong>Facile \u00e0 cultiver :<\/strong> rustique et adaptable, cette vari\u00e9t\u00e9 est id\u00e9ale pour les d\u00e9butants et les jardiniers exp\u00e9riment\u00e9s. Elle s&rsquo;adapte bien \u00e0 diff\u00e9rents types de sols et de climats. <\/li>\n<li><strong>Culture biologique :<\/strong> Nos semences sont 100% biologiques, sans pesticides ni produits chimiques, ce qui garantit une culture saine et respectueuse de l&rsquo;environnement.<\/li>\n<\/ul>\n<p>Ajoutez une touche de saveur et de tradition italiennes \u00e0 votre jardin avec les <strong>graines d&rsquo;oignons biologiques Rossa Lunga di Firenze<\/strong>. Faciles \u00e0 cultiver et d\u00e9licieux, ces oignons seront indispensables dans votre cuisine. Commandez d\u00e8s aujourd&rsquo;hui et profitez de la fra\u00eecheur et de la qualit\u00e9 de cette vari\u00e9t\u00e9 directement dans votre jardin !  <\/p>\n","protected":false},"featured_media":15474,"comment_status":"open","ping_status":"closed","template":"","meta":{"_acf_changed":false},"product_brand":[],"product_cat":[426,424],"product_tag":[1579],"class_list":{"0":"post-19757","1":"product","2":"type-product","3":"status-publish","4":"has-post-thumbnail","6":"product_cat-graines-de-racines-biologiques","7":"product_cat-semences-biologiques","8":"product_tag-eco","10":"first","11":"instock","12":"sale","13":"taxable","14":"shipping-taxable","15":"purchasable","16":"product-type-simple"},"acf":[],"_links":{"self":[{"href":"https:\/\/cultivers.es\/fr\/wp-json\/wp\/v2\/product\/19757","targetHints":{"allow":["GET"]}}],"collection":[{"href":"https:\/\/cultivers.es\/fr\/wp-json\/wp\/v2\/product"}],"about":[{"href":"https:\/\/cultivers.es\/fr\/wp-json\/wp\/v2\/types\/product"}],"replies":[{"embeddable":true,"href":"https:\/\/cultivers.es\/fr\/wp-json\/wp\/v2\/comments?post=19757"}],"wp:featuredmedia":[{"embeddable":true,"href":"https:\/\/cultivers.es\/fr\/wp-json\/wp\/v2\/media\/15474"}],"wp:attachment":[{"href":"https:\/\/cultivers.es\/fr\/wp-json\/wp\/v2\/media?parent=19757"}],"wp:term":[{"taxonomy":"product_brand","embeddable":true,"href":"https:\/\/cultivers.es\/fr\/wp-json\/wp\/v2\/product_brand?post=19757"},{"taxonomy":"product_cat","embeddable":true,"href":"https:\/\/cultivers.es\/fr\/wp-json\/wp\/v2\/product_cat?post=19757"},{"taxonomy":"product_tag","embeddable":true,"href":"https:\/\/cultivers.es\/fr\/wp-json\/wp\/v2\/product_tag?post=19757"}],"curies":[{"name":"wp","href":"https:\/\/api.w.org\/{rel}","templated":true}]}}