{"id":19758,"date":"2022-10-07T07:08:06","date_gmt":"2022-10-07T07:08:06","guid":{"rendered":"https:\/\/cultivers.es\/abonos\/tatsoi-semences-de-legumes-asiatiques-bio\/"},"modified":"2025-11-22T11:45:48","modified_gmt":"2025-11-22T11:45:48","slug":"asian-vegetable-asiatic-tatsoi-ecological-seeds-semences-ecologiques","status":"publish","type":"product","link":"https:\/\/cultivers.es\/fr\/abonnements\/asian-vegetable-asiatic-tatsoi-ecological-seeds-semences-ecologiques\/","title":{"rendered":"Graines de l\u00e9gumes asiatiques Tatsoi"},"content":{"rendered":"","protected":false},"excerpt":{"rendered":"<p>Ajoutez une touche exotique et saine \u00e0 votre jardin avec nos <strong>graines de l\u00e9gumes asiatiques Tatsoi biologiques<\/strong>. Cette vari\u00e9t\u00e9 est connue pour ses feuilles vert fonc\u00e9 en forme de rosette et sa saveur douce et l\u00e9g\u00e8rement sucr\u00e9e. Id\u00e9al pour les salades fra\u00eeches, les saut\u00e9s, les soupes ou les rago\u00fbts, le Tatsoi est une option polyvalente et d\u00e9licieuse qui ajoute de la nutrition et du style \u00e0 vos plats. Sa culture facile et sa croissance rapide en font un excellent choix pour les jardiniers de tous niveaux.   <\/p>\n<ul>\n<li><strong>Feuilles d&rsquo;un vert \u00e9clatant :<\/strong> Le Tatsoi produit des feuilles vertes fonc\u00e9es, \u00e0 la texture douce et tendre, dispos\u00e9es en rosette \u00e9l\u00e9gante.<\/li>\n<li><strong>Saveur douce et d\u00e9licate :<\/strong> son go\u00fbt l\u00e9g\u00e8rement sucr\u00e9 et frais le rend parfait pour une grande vari\u00e9t\u00e9 de plats, des salades crues aux recettes cuites telles que les soupes et les saut\u00e9s.<\/li>\n<li><strong>Croissance rapide :<\/strong> Ce l\u00e9gume asiatique pousse rapidement, permettant des r\u00e9coltes continues de feuilles tendres en quelques semaines, ce qui le rend id\u00e9al pour ceux qui recherchent des r\u00e9sultats rapides.<\/li>\n<li><strong>Rustique et polyvalent :<\/strong> le Tatsoi est rustique et peut \u00eatre cultiv\u00e9 toute l&rsquo;ann\u00e9e, ce qui en fait un excellent choix pour les jardins d&rsquo;automne et d&rsquo;hiver.<\/li>\n<li><strong>Riche en nutriments :<\/strong> C&rsquo;est une excellente source de vitamines A, C et K, d&rsquo;antioxydants, de calcium et de fer, ce qui lui conf\u00e8re de nombreux avantages pour la sant\u00e9.<\/li>\n<li><strong>Facile \u00e0 cultiver :<\/strong> sa capacit\u00e9 \u00e0 s&rsquo;adapter \u00e0 diff\u00e9rents sols et climats fait du Tatsoi une plante id\u00e9ale pour les d\u00e9butants comme pour les jardiniers exp\u00e9riment\u00e9s. Il peut \u00eatre cultiv\u00e9 dans les potagers ou en pots. <\/li>\n<li><strong>Culture biologique :<\/strong> Nos semences sont 100 % biologiques, sans pesticides ni produits chimiques, ce qui garantit une culture saine et respectueuse de l&rsquo;environnement pour vous et votre famille.<\/li>\n<\/ul>\n<p>D\u00e9couvrez la saveur et la polyvalence du <strong>Tatsoi<\/strong> avec nos semences biologiques. Cultivez ce l\u00e9gume asiatique nutritif et d\u00e9licieux et apportez de la fra\u00eecheur et du style \u00e0 votre cuisine. Commandez d\u00e8s aujourd&rsquo;hui et profitez de r\u00e9coltes rapides et durables directement dans votre jardin !  <\/p>\n","protected":false},"featured_media":15479,"comment_status":"open","ping_status":"closed","template":"","meta":{"_acf_changed":false},"product_brand":[],"product_cat":[424,459],"product_tag":[1579],"class_list":{"0":"post-19758","1":"product","2":"type-product","3":"status-publish","4":"has-post-thumbnail","6":"product_cat-semences-biologiques","7":"product_cat-semences-de-legumes-feuilles-biologiques","8":"product_tag-eco","10":"first","11":"instock","12":"sale","13":"taxable","14":"shipping-taxable","15":"purchasable","16":"product-type-simple"},"acf":[],"_links":{"self":[{"href":"https:\/\/cultivers.es\/fr\/wp-json\/wp\/v2\/product\/19758","targetHints":{"allow":["GET"]}}],"collection":[{"href":"https:\/\/cultivers.es\/fr\/wp-json\/wp\/v2\/product"}],"about":[{"href":"https:\/\/cultivers.es\/fr\/wp-json\/wp\/v2\/types\/product"}],"replies":[{"embeddable":true,"href":"https:\/\/cultivers.es\/fr\/wp-json\/wp\/v2\/comments?post=19758"}],"wp:featuredmedia":[{"embeddable":true,"href":"https:\/\/cultivers.es\/fr\/wp-json\/wp\/v2\/media\/15479"}],"wp:attachment":[{"href":"https:\/\/cultivers.es\/fr\/wp-json\/wp\/v2\/media?parent=19758"}],"wp:term":[{"taxonomy":"product_brand","embeddable":true,"href":"https:\/\/cultivers.es\/fr\/wp-json\/wp\/v2\/product_brand?post=19758"},{"taxonomy":"product_cat","embeddable":true,"href":"https:\/\/cultivers.es\/fr\/wp-json\/wp\/v2\/product_cat?post=19758"},{"taxonomy":"product_tag","embeddable":true,"href":"https:\/\/cultivers.es\/fr\/wp-json\/wp\/v2\/product_tag?post=19758"}],"curies":[{"name":"wp","href":"https:\/\/api.w.org\/{rel}","templated":true}]}}