{"id":19761,"date":"2022-10-07T07:08:06","date_gmt":"2022-10-07T07:08:06","guid":{"rendered":"https:\/\/cultivers.es\/abonos\/semences-de-basilic-citronne-bio\/"},"modified":"2025-09-22T05:36:20","modified_gmt":"2025-09-22T05:36:20","slug":"basilic-citron-semences-ecologiques","status":"publish","type":"product","link":"https:\/\/cultivers.es\/fr\/abonnements\/basilic-citron-semences-ecologiques\/","title":{"rendered":"Semences biodynamiques de basilic citronn\u00e9 Demeter"},"content":{"rendered":"","protected":false},"excerpt":{"rendered":"<p>Le <strong>basilic citron<\/strong> est une vari\u00e9t\u00e9 aromatique qui associe l&rsquo;ar\u00f4me caract\u00e9ristique du basilic \u00e0 des notes rafra\u00eechissantes d&rsquo;agrumes citronn\u00e9s. Ses feuilles vertes brillantes d\u00e9gagent un parfum d\u00e9licat qui s&rsquo;harmonise parfaitement avec les salades, les poissons, les sauces, les marinades et les desserts, apportant une nuance unique et surprenante. Cette plante, en plus d&rsquo;\u00eatre appr\u00e9ci\u00e9e dans la cuisine, embellit le <strong>jardin<\/strong> avec ses feuilles douces et son ar\u00f4me agr\u00e9able, attirant les pollinisateurs et contribuant \u00e0 la biodiversit\u00e9.  <\/p>\n<p><strong>Ar\u00f4me et go\u00fbt uniques :<\/strong> il associe la douceur et la fra\u00eecheur du basilic \u00e0 la touche acide du citron, cr\u00e9ant ainsi un profil aromatique exceptionnel.<\/p>\n<p><strong>Polyvalent en cuisine :<\/strong> id\u00e9al pour les salades, les sauces, les huiles aromatiques, les infusions, les plats de poisson et les desserts, apportant une nuance citronn\u00e9e et rafra\u00eechissante.<\/p>\n<p><strong>Feuilles lisses et brillantes :<\/strong> Ses feuilles d&rsquo;un vert profond et sa texture d\u00e9licate sont parfaites pour \u00eatre consomm\u00e9es fra\u00eeches, en pr\u00e9servant tout leur ar\u00f4me et leur saveur.<\/p>\n<p><strong>Attractif pour les pollinisateurs :<\/strong> ses petites fleurs blanches attirent les abeilles et d&rsquo;autres insectes utiles, favorisant ainsi la biodiversit\u00e9 dans le <strong>jardin<\/strong>.<\/p>\n<p><strong>Facile \u00e0 cultiver :<\/strong> elle s&rsquo;adapte bien \u00e0 diff\u00e9rents types de sols et de climats, convenant aussi bien aux d\u00e9butants qu&rsquo;aux jardiniers exp\u00e9riment\u00e9s, et est parfaite pour les pots, les balcons ou directement dans le sol.<\/p>\n<p><strong>Culture biologique Demeter :<\/strong> Ces semences, certifi\u00e9es selon les principes de l&rsquo;agriculture biodynamique, garantissent une culture durable, respectueuse de l&rsquo;environnement et de la plus haute qualit\u00e9.<\/p>\n<p>Profitez de l&rsquo;ar\u00f4me unique et de l&rsquo;\u00e9l\u00e9gance du <strong>basilic citronn\u00e9 Demeter Organic<\/strong> dans votre <strong>jardin<\/strong>, pour cr\u00e9er des combinaisons culinaires pleines de fra\u00eecheur et de sophistication.<\/p>\n","protected":false},"featured_media":15844,"comment_status":"open","ping_status":"closed","template":"","meta":{"_acf_changed":false},"product_brand":[],"product_cat":[747,1303,424],"product_tag":[1385],"class_list":{"0":"post-19761","1":"product","2":"type-product","3":"status-publish","4":"has-post-thumbnail","6":"product_cat-graines-aromatiques-biologiques","7":"product_cat-graines-de-demeter","8":"product_cat-semences-biologiques","9":"product_tag-demeter-fr","11":"first","12":"instock","13":"taxable","14":"shipping-taxable","15":"purchasable","16":"product-type-simple"},"acf":[],"_links":{"self":[{"href":"https:\/\/cultivers.es\/fr\/wp-json\/wp\/v2\/product\/19761","targetHints":{"allow":["GET"]}}],"collection":[{"href":"https:\/\/cultivers.es\/fr\/wp-json\/wp\/v2\/product"}],"about":[{"href":"https:\/\/cultivers.es\/fr\/wp-json\/wp\/v2\/types\/product"}],"replies":[{"embeddable":true,"href":"https:\/\/cultivers.es\/fr\/wp-json\/wp\/v2\/comments?post=19761"}],"wp:featuredmedia":[{"embeddable":true,"href":"https:\/\/cultivers.es\/fr\/wp-json\/wp\/v2\/media\/15844"}],"wp:attachment":[{"href":"https:\/\/cultivers.es\/fr\/wp-json\/wp\/v2\/media?parent=19761"}],"wp:term":[{"taxonomy":"product_brand","embeddable":true,"href":"https:\/\/cultivers.es\/fr\/wp-json\/wp\/v2\/product_brand?post=19761"},{"taxonomy":"product_cat","embeddable":true,"href":"https:\/\/cultivers.es\/fr\/wp-json\/wp\/v2\/product_cat?post=19761"},{"taxonomy":"product_tag","embeddable":true,"href":"https:\/\/cultivers.es\/fr\/wp-json\/wp\/v2\/product_tag?post=19761"}],"curies":[{"name":"wp","href":"https:\/\/api.w.org\/{rel}","templated":true}]}}