{"id":19764,"date":"2022-10-07T07:08:06","date_gmt":"2022-10-07T07:08:06","guid":{"rendered":"https:\/\/cultivers.es\/abonos\/betterave-chioggia-graines-bio\/"},"modified":"2025-09-22T05:09:38","modified_gmt":"2025-09-22T05:09:38","slug":"semences-beetroot-chioggia-ecologique","status":"publish","type":"product","link":"https:\/\/cultivers.es\/fr\/abonnements\/semences-beetroot-chioggia-ecologique\/","title":{"rendered":"Graines de betterave Chioggia"},"content":{"rendered":"","protected":false},"excerpt":{"rendered":"<p>Cultivez une betterave unique et attrayante avec nos <strong>graines de betterave Chioggia biologique<\/strong>. Cette vari\u00e9t\u00e9 italienne traditionnelle est connue pour ses spectaculaires anneaux concentriques rouges et blancs \u00e0 l&rsquo;int\u00e9rieur, qui ajoutent une touche visuelle unique \u00e0 vos plats. Sa saveur douce et sucr\u00e9e, ainsi que sa texture tendre, en font un choix id\u00e9al pour les salades, les soupes, les rago\u00fbts ou m\u00eame les r\u00f4tis au four. Facile \u00e0 cultiver et tr\u00e8s nutritive, la betterave Chioggia sera la star de votre jardin et de votre cuisine.   <\/p>\n<ul>\n<li><strong>Int\u00e9rieur d\u00e9coratif :<\/strong> la betterave Chioggia se distingue par son design int\u00e9rieur attrayant compos\u00e9 d&rsquo;anneaux rouges et blancs, qui non seulement embellissent vos plats, mais se distinguent \u00e9galement par leur originalit\u00e9.<\/li>\n<li><strong>Saveur douce et polyvalente :<\/strong> sa saveur douce et l\u00e9g\u00e8rement sucr\u00e9e est id\u00e9ale pour une vari\u00e9t\u00e9 de pr\u00e9parations, des salades fra\u00eeches aux soupes, en passant par les plats cuits \u00e0 la vapeur ou r\u00f4tis.<\/li>\n<li><strong>Croissance rapide :<\/strong> Il s&rsquo;agit d&rsquo;une vari\u00e9t\u00e9 \u00e0 croissance rapide, qui vous permet de profiter de racines tendres et nutritives en quelques semaines. Vous pouvez \u00e9galement r\u00e9colter les jeunes feuilles pour les salades. <\/li>\n<li><strong>Riche en nutriments :<\/strong> La betterave Chioggia est une excellente source de vitamines A et C, de fer, de potassium et d&rsquo;antioxydants, ce qui lui conf\u00e8re des bienfaits essentiels pour la sant\u00e9.<\/li>\n<li><strong>Facile \u00e0 cultiver :<\/strong> elle s&rsquo;adapte bien \u00e0 diff\u00e9rents types de sol et de climat, et est rustique, ce qui la rend parfaite pour les jardiniers d\u00e9butants et exp\u00e9riment\u00e9s.<\/li>\n<li><strong>Culture biologique :<\/strong> Nos semences sont 100 % biologiques, sans pesticides ni engrais chimiques, ce qui favorise une culture durable et respectueuse de l&rsquo;environnement.<\/li>\n<\/ul>\n<p>Remplissez votre jardin de couleur, de fra\u00eecheur et de saveur avec les <strong>graines de betterave Chioggia biologique<\/strong>. Cultivez cette vari\u00e9t\u00e9 spectaculaire et profitez de r\u00e9coltes saines, visuellement attrayantes et d\u00e9licieuses. Commandez d\u00e8s aujourd&rsquo;hui et commencez \u00e0 profiter de cette betterave unique directement dans votre jardin !  <\/p>\n","protected":false},"featured_media":15464,"comment_status":"open","ping_status":"closed","template":"","meta":{"_acf_changed":false},"product_brand":[],"product_cat":[426,1307,424],"product_tag":[1579],"woo-feed-brand":[],"class_list":{"0":"post-19764","1":"product","2":"type-product","3":"status-publish","4":"has-post-thumbnail","6":"product_cat-graines-de-racines-biologiques","7":"product_cat-recommander-des-graines","8":"product_cat-semences-biologiques","9":"product_tag-eco","11":"first","12":"outofstock","13":"taxable","14":"shipping-taxable","15":"purchasable","16":"product-type-simple"},"acf":[],"_links":{"self":[{"href":"https:\/\/cultivers.es\/fr\/wp-json\/wp\/v2\/product\/19764","targetHints":{"allow":["GET"]}}],"collection":[{"href":"https:\/\/cultivers.es\/fr\/wp-json\/wp\/v2\/product"}],"about":[{"href":"https:\/\/cultivers.es\/fr\/wp-json\/wp\/v2\/types\/product"}],"replies":[{"embeddable":true,"href":"https:\/\/cultivers.es\/fr\/wp-json\/wp\/v2\/comments?post=19764"}],"wp:featuredmedia":[{"embeddable":true,"href":"https:\/\/cultivers.es\/fr\/wp-json\/wp\/v2\/media\/15464"}],"wp:attachment":[{"href":"https:\/\/cultivers.es\/fr\/wp-json\/wp\/v2\/media?parent=19764"}],"wp:term":[{"taxonomy":"product_brand","embeddable":true,"href":"https:\/\/cultivers.es\/fr\/wp-json\/wp\/v2\/product_brand?post=19764"},{"taxonomy":"product_cat","embeddable":true,"href":"https:\/\/cultivers.es\/fr\/wp-json\/wp\/v2\/product_cat?post=19764"},{"taxonomy":"product_tag","embeddable":true,"href":"https:\/\/cultivers.es\/fr\/wp-json\/wp\/v2\/product_tag?post=19764"},{"taxonomy":"woo-feed-brand","embeddable":true,"href":"https:\/\/cultivers.es\/fr\/wp-json\/wp\/v2\/woo-feed-brand?post=19764"}],"curies":[{"name":"wp","href":"https:\/\/api.w.org\/{rel}","templated":true}]}}