{"id":19765,"date":"2022-10-07T07:08:06","date_gmt":"2022-10-07T07:08:06","guid":{"rendered":"https:\/\/cultivers.es\/abonos\/radis-blanc-icicle-organic-seeds\/"},"modified":"2025-11-22T11:45:50","modified_gmt":"2025-11-22T11:45:50","slug":"radis-licule-blanche-semences-ecologiques","status":"publish","type":"product","link":"https:\/\/cultivers.es\/fr\/abonnements\/radis-licule-blanche-semences-ecologiques\/","title":{"rendered":"Graines de radis blanc Icicle"},"content":{"rendered":"","protected":false},"excerpt":{"rendered":"<p>D\u00e9couvrez l&rsquo;\u00e9l\u00e9gance et la saveur unique du <strong>radis blanc Icicle<\/strong> avec nos <strong>graines de radis biologiques<\/strong>. Cette vari\u00e9t\u00e9 se caract\u00e9rise par sa forme allong\u00e9e, sa peau blanche et sa texture croquante. Sa saveur douce avec un soup\u00e7on de piquant en fait un ingr\u00e9dient id\u00e9al pour les salades, les plats d&rsquo;accompagnement ou comme en-cas sain. Facile \u00e0 cultiver et \u00e0 croissance rapide, le radis blanc Icicle est un excellent choix pour ceux qui recherchent des r\u00e9coltes rapides et fra\u00eeches.   <\/p>\n<p><strong>Caract\u00e9ristiques principales<\/strong><strong>:Forme allong\u00e9e et couleur blanc pur :<\/strong> Ce radis produit des racines fines et allong\u00e9es avec une peau blanche et brillante qui ajoute une touche sophistiqu\u00e9e \u00e0 vos plats.<\/p>\n<ul>\n<li><strong>Saveur douce et d\u00e9licate :<\/strong> sa saveur est moins piquante que celle des autres vari\u00e9t\u00e9s, ce qui la rend id\u00e9ale pour \u00eatre d\u00e9gust\u00e9e crue dans des salades, des cornichons ou en accompagnement de plats principaux.<\/li>\n<li><strong>Croissance rapide : le<\/strong> radis blanc Icicle pousse rapidement, ce qui lui permet d&rsquo;\u00eatre r\u00e9colt\u00e9 en seulement 4 \u00e0 5 semaines, ce qui est id\u00e9al pour les cultures \u00e0 rotation rapide.<\/li>\n<li><strong>Riche en nutriments :<\/strong> C&rsquo;est une excellente source de vitamine C, d&rsquo;antioxydants et de fibres, qui pr\u00e9sente des avantages pour la sant\u00e9 et contribue \u00e0 une alimentation \u00e9quilibr\u00e9e.<\/li>\n<li><strong>Facile \u00e0 cultiver :<\/strong> rustique et adaptable, cette vari\u00e9t\u00e9 s&rsquo;adapte bien \u00e0 diff\u00e9rents types de sols et de climats. Elle est id\u00e9ale pour les jardins en conteneurs traditionnels et urbains. <\/li>\n<li><strong>Culture biologique :<\/strong> Nos semences sont 100 % biologiques, sans pesticides ni engrais chimiques, ce qui garantit une culture durable et respectueuse de l&rsquo;environnement.<\/li>\n<\/ul>\n<p>Apportez de la fra\u00eecheur et de l&rsquo;\u00e9l\u00e9gance \u00e0 votre jardin avec les <strong>graines de radis blanc Icicle Organic<\/strong>. Faciles \u00e0 cultiver, rapides \u00e0 r\u00e9colter et d\u00e9licieuses, ces racines seront un ajout id\u00e9al \u00e0 votre cuisine. Commandez d\u00e8s aujourd&rsquo;hui et profitez de la qualit\u00e9 et de la fra\u00eecheur de ce radis sp\u00e9cial directement dans votre jardin !  <\/p>\n","protected":false},"featured_media":15444,"comment_status":"open","ping_status":"closed","template":"","meta":{"_acf_changed":false},"product_brand":[],"product_cat":[426,424],"product_tag":[1579],"class_list":{"0":"post-19765","1":"product","2":"type-product","3":"status-publish","4":"has-post-thumbnail","6":"product_cat-graines-de-racines-biologiques","7":"product_cat-semences-biologiques","8":"product_tag-eco","10":"first","11":"instock","12":"taxable","13":"shipping-taxable","14":"purchasable","15":"product-type-simple"},"acf":[],"_links":{"self":[{"href":"https:\/\/cultivers.es\/fr\/wp-json\/wp\/v2\/product\/19765","targetHints":{"allow":["GET"]}}],"collection":[{"href":"https:\/\/cultivers.es\/fr\/wp-json\/wp\/v2\/product"}],"about":[{"href":"https:\/\/cultivers.es\/fr\/wp-json\/wp\/v2\/types\/product"}],"replies":[{"embeddable":true,"href":"https:\/\/cultivers.es\/fr\/wp-json\/wp\/v2\/comments?post=19765"}],"wp:featuredmedia":[{"embeddable":true,"href":"https:\/\/cultivers.es\/fr\/wp-json\/wp\/v2\/media\/15444"}],"wp:attachment":[{"href":"https:\/\/cultivers.es\/fr\/wp-json\/wp\/v2\/media?parent=19765"}],"wp:term":[{"taxonomy":"product_brand","embeddable":true,"href":"https:\/\/cultivers.es\/fr\/wp-json\/wp\/v2\/product_brand?post=19765"},{"taxonomy":"product_cat","embeddable":true,"href":"https:\/\/cultivers.es\/fr\/wp-json\/wp\/v2\/product_cat?post=19765"},{"taxonomy":"product_tag","embeddable":true,"href":"https:\/\/cultivers.es\/fr\/wp-json\/wp\/v2\/product_tag?post=19765"}],"curies":[{"name":"wp","href":"https:\/\/api.w.org\/{rel}","templated":true}]}}