{"id":19780,"date":"2022-10-07T07:08:06","date_gmt":"2022-10-07T07:08:06","guid":{"rendered":"https:\/\/cultivers.es\/abonos\/graines-de-basilic-thai-biologique\/"},"modified":"2025-11-22T11:45:47","modified_gmt":"2025-11-22T11:45:47","slug":"graines-de-basilic-thai-biologique","status":"publish","type":"product","link":"https:\/\/cultivers.es\/fr\/abonnements\/graines-de-basilic-thai-biologique\/","title":{"rendered":"Graines de basilic tha\u00ef"},"content":{"rendered":"","protected":false},"excerpt":{"rendered":"<p>Le <strong>basilic tha\u00ef<\/strong> est une vari\u00e9t\u00e9 aromatique appr\u00e9ci\u00e9e dans la cuisine asiatique pour sa saveur intense aux notes subtilement anis\u00e9es et l\u00e9g\u00e8rement \u00e9pic\u00e9es. Ses feuilles vertes brillantes aux bords d\u00e9licats d\u00e9gagent un ar\u00f4me caract\u00e9ristique qui donne de la profondeur et du caract\u00e8re aux currys, aux soupes, aux sauces et aux salades. Outre sa valeur culinaire, cette plante aromatique embellit le <strong>jardin<\/strong> avec ses feuilles \u00e9l\u00e9gantes et ses fleurs lilas, attirant les pollinisateurs b\u00e9n\u00e9fiques.  <\/p>\n<p><strong>Ar\u00f4me et saveur exotiques :<\/strong> ses feuilles offrent un profil aromatique distinctif, m\u00e9lange de basilic, d&rsquo;anis et de clous de girofle, qui enrichit les recettes traditionnelles et modernes.<\/p>\n<p><strong>Feuilles lisses et brillantes :<\/strong> D&rsquo;un vert profond et d&rsquo;une texture d\u00e9licate, elles sont id\u00e9ales pour un usage frais, pr\u00e9servant au maximum leur saveur et leur parfum.<\/p>\n<p><strong>Polyvalent dans la cuisine asiatique :<\/strong> Indispensable dans les plats tha\u00eflandais, vietnamiens ou fusion, il apporte une touche authentique et \u00e9pic\u00e9e.<\/p>\n<p><strong>Attractif pour les pollinisateurs :<\/strong> ses fleurs violettes attirent les abeilles et les papillons, favorisant ainsi la biodiversit\u00e9 et la sant\u00e9 du <strong>jardin<\/strong>.<\/p>\n<p><strong>Facile \u00e0 cultiver :<\/strong> s&rsquo;adapte bien \u00e0 diff\u00e9rents sols et climats, convient aux d\u00e9butants et aux jardiniers exp\u00e9riment\u00e9s. Convient \u00e0 la culture en pots ou directement en pleine terre. <\/p>\n<p><strong>Culture biologique :<\/strong> Nos semences sont 100 % biologiques, sans pesticides ni engrais chimiques, ce qui garantit un <strong>jardin<\/strong> durable et respectueux de l&rsquo;environnement.<\/p>\n<p>Appr\u00e9ciez le go\u00fbt, l&rsquo;ar\u00f4me et la beaut\u00e9 du <strong>basilic tha\u00eflandais biologique<\/strong> dans votre <strong>jardin<\/strong>, transformant vos plats avec une touche authentique et exotique.<\/p>\n","protected":false},"featured_media":15839,"comment_status":"open","ping_status":"closed","template":"","meta":{"_acf_changed":false},"product_brand":[],"product_cat":[424,747],"product_tag":[1579],"woo-feed-brand":[],"class_list":{"0":"post-19780","1":"product","2":"type-product","3":"status-publish","4":"has-post-thumbnail","6":"product_cat-semences-biologiques","7":"product_cat-graines-aromatiques-biologiques","8":"product_tag-eco","10":"first","11":"instock","12":"sale","13":"taxable","14":"shipping-taxable","15":"purchasable","16":"product-type-simple"},"acf":[],"_links":{"self":[{"href":"https:\/\/cultivers.es\/fr\/wp-json\/wp\/v2\/product\/19780","targetHints":{"allow":["GET"]}}],"collection":[{"href":"https:\/\/cultivers.es\/fr\/wp-json\/wp\/v2\/product"}],"about":[{"href":"https:\/\/cultivers.es\/fr\/wp-json\/wp\/v2\/types\/product"}],"replies":[{"embeddable":true,"href":"https:\/\/cultivers.es\/fr\/wp-json\/wp\/v2\/comments?post=19780"}],"wp:featuredmedia":[{"embeddable":true,"href":"https:\/\/cultivers.es\/fr\/wp-json\/wp\/v2\/media\/15839"}],"wp:attachment":[{"href":"https:\/\/cultivers.es\/fr\/wp-json\/wp\/v2\/media?parent=19780"}],"wp:term":[{"taxonomy":"product_brand","embeddable":true,"href":"https:\/\/cultivers.es\/fr\/wp-json\/wp\/v2\/product_brand?post=19780"},{"taxonomy":"product_cat","embeddable":true,"href":"https:\/\/cultivers.es\/fr\/wp-json\/wp\/v2\/product_cat?post=19780"},{"taxonomy":"product_tag","embeddable":true,"href":"https:\/\/cultivers.es\/fr\/wp-json\/wp\/v2\/product_tag?post=19780"},{"taxonomy":"woo-feed-brand","embeddable":true,"href":"https:\/\/cultivers.es\/fr\/wp-json\/wp\/v2\/woo-feed-brand?post=19780"}],"curies":[{"name":"wp","href":"https:\/\/api.w.org\/{rel}","templated":true}]}}