{"id":19782,"date":"2022-10-07T07:08:06","date_gmt":"2022-10-07T07:08:06","guid":{"rendered":"https:\/\/cultivers.es\/abonos\/semences-de-laitue-cerbiatta-biologique\/"},"modified":"2025-09-22T05:07:29","modified_gmt":"2025-09-22T05:07:29","slug":"bio-cerbiatta-cerbiatta-lettuce-seeds","status":"publish","type":"product","link":"https:\/\/cultivers.es\/fr\/abonnements\/bio-cerbiatta-cerbiatta-lettuce-seeds\/","title":{"rendered":"Semences de laitue Cerbiatta"},"content":{"rendered":"","protected":false},"excerpt":{"rendered":"<p>Cultivez une vari\u00e9t\u00e9 unique et d\u00e9licieuse avec nos <strong>graines de laitue Cerbiatta biologique<\/strong>. Cette laitue, avec ses feuilles allong\u00e9es, fris\u00e9es et d&rsquo;un vert vif, est id\u00e9ale pour les salades fra\u00eeches et l\u00e9g\u00e8res. Sa texture tendre et sa saveur d\u00e9licate en font un choix parfait pour ceux qui recherchent un ingr\u00e9dient frais, nutritif et polyvalent dans leur cuisine. Elle est \u00e9galement facile \u00e0 cultiver et adapt\u00e9e \u00e0 diff\u00e9rentes conditions climatiques, id\u00e9ale pour les petits et les grands jardins.   <\/p>\n<ul>\n<li><strong>Feuilles allong\u00e9es et fris\u00e9es :<\/strong> La laitue Cerbiatta produit des feuilles fines, tendres et fris\u00e9es d&rsquo;une couleur vert vif attrayante qui donne de la fra\u00eecheur et du style \u00e0 vos salades et \u00e0 vos plats.<\/li>\n<li><strong>Saveur douce et d\u00e9licate :<\/strong> cette vari\u00e9t\u00e9 a une saveur fra\u00eeche et l\u00e9g\u00e8re, id\u00e9ale pour \u00eatre d\u00e9gust\u00e9e crue dans les salades, comme base pour les wraps ou comme garniture dans n&rsquo;importe quelle recette.<\/li>\n<li><strong>Rusticit\u00e9 et adaptabilit\u00e9 :<\/strong> la laitue Cerbiatta est r\u00e9sistante aux conditions variables et poss\u00e8de une grande adaptabilit\u00e9, ce qui permet de la cultiver en diff\u00e9rentes saisons et sous diff\u00e9rents climats.<\/li>\n<li><strong>Riche en nutriments :<\/strong> C&rsquo;est une excellente source de vitamines A, C et K, d&rsquo;antioxydants et de min\u00e9raux essentiels tels que le fer, contribuant ainsi \u00e0 une alimentation saine et \u00e9quilibr\u00e9e.<\/li>\n<li><strong>Facile \u00e0 cultiver :<\/strong> Il s&rsquo;agit d&rsquo;une laitue \u00e0 croissance rapide et facile \u00e0 manipuler, qui convient aux jardiniers d\u00e9butants et avanc\u00e9s, avec la possibilit\u00e9 de la cultiver dans des jardins ou des pots.<\/li>\n<li><strong>Culture biologique :<\/strong> Nos semences sont 100% biologiques, sans pesticides ni produits chimiques, ce qui garantit une culture saine et respectueuse de l&rsquo;environnement pour vous et votre famille.<\/li>\n<\/ul>\n<p>Ajoutez de la fra\u00eecheur et de la finesse \u00e0 votre jardin avec les <strong>graines de laitue biologique Cerbiatta<\/strong>. Parfaites pour ceux qui recherchent un l\u00e9gume polyvalent, nutritif et facile \u00e0 cultiver, commandez d\u00e8s aujourd&rsquo;hui et profitez de la fra\u00eecheur et de la saveur unique de cette d\u00e9licieuse laitue directement dans votre jardin !  <\/p>\n","protected":false},"featured_media":15614,"comment_status":"open","ping_status":"closed","template":"","meta":{"_acf_changed":false},"product_brand":[],"product_cat":[424,459],"product_tag":[1579],"class_list":{"0":"post-19782","1":"product","2":"type-product","3":"status-publish","4":"has-post-thumbnail","6":"product_cat-semences-biologiques","7":"product_cat-semences-de-legumes-feuilles-biologiques","8":"product_tag-eco","10":"first","11":"instock","12":"sale","13":"taxable","14":"shipping-taxable","15":"purchasable","16":"product-type-simple"},"acf":[],"_links":{"self":[{"href":"https:\/\/cultivers.es\/fr\/wp-json\/wp\/v2\/product\/19782","targetHints":{"allow":["GET"]}}],"collection":[{"href":"https:\/\/cultivers.es\/fr\/wp-json\/wp\/v2\/product"}],"about":[{"href":"https:\/\/cultivers.es\/fr\/wp-json\/wp\/v2\/types\/product"}],"replies":[{"embeddable":true,"href":"https:\/\/cultivers.es\/fr\/wp-json\/wp\/v2\/comments?post=19782"}],"wp:featuredmedia":[{"embeddable":true,"href":"https:\/\/cultivers.es\/fr\/wp-json\/wp\/v2\/media\/15614"}],"wp:attachment":[{"href":"https:\/\/cultivers.es\/fr\/wp-json\/wp\/v2\/media?parent=19782"}],"wp:term":[{"taxonomy":"product_brand","embeddable":true,"href":"https:\/\/cultivers.es\/fr\/wp-json\/wp\/v2\/product_brand?post=19782"},{"taxonomy":"product_cat","embeddable":true,"href":"https:\/\/cultivers.es\/fr\/wp-json\/wp\/v2\/product_cat?post=19782"},{"taxonomy":"product_tag","embeddable":true,"href":"https:\/\/cultivers.es\/fr\/wp-json\/wp\/v2\/product_tag?post=19782"}],"curies":[{"name":"wp","href":"https:\/\/api.w.org\/{rel}","templated":true}]}}