{"id":19804,"date":"2022-10-07T07:08:06","date_gmt":"2022-10-07T07:08:06","guid":{"rendered":"https:\/\/cultivers.es\/abonos\/graines-de-pois-meraviglia-ditalia-graines-de-pois-biologiques\/"},"modified":"2025-09-22T04:41:31","modified_gmt":"2025-09-22T04:41:31","slug":"graines-de-pois-meraviglia-d-italia-ecologique","status":"publish","type":"product","link":"https:\/\/cultivers.es\/fr\/abonnements\/graines-de-pois-meraviglia-d-italia-ecologique\/","title":{"rendered":"Graines de pois Meraviglia d&rsquo;Italia"},"content":{"rendered":"","protected":false},"excerpt":{"rendered":"<p>Cette vari\u00e9t\u00e9 de pois traditionnelle est originaire d&rsquo;Italie. Il atteint une hauteur de 45 cm et est donc consid\u00e9r\u00e9 comme un arbuste \u00e0 faible croissance. Les pois se pr\u00e9sentent sous forme de gousses droites de 9 \u00e0 10 cm de long, avec environ 7 \u00e0 9 pois par gousse.<\/p>\n","protected":false},"featured_media":15324,"comment_status":"open","ping_status":"closed","template":"","meta":{"_acf_changed":false},"product_brand":[],"product_cat":[761,424],"product_tag":[],"woo-feed-brand":[],"class_list":{"0":"post-19804","1":"product","2":"type-product","3":"status-publish","4":"has-post-thumbnail","6":"product_cat-graines-de-legumineuses-biologiques","7":"product_cat-semences-biologiques","9":"first","10":"outofstock","11":"taxable","12":"shipping-taxable","13":"purchasable","14":"product-type-simple"},"acf":[],"_links":{"self":[{"href":"https:\/\/cultivers.es\/fr\/wp-json\/wp\/v2\/product\/19804","targetHints":{"allow":["GET"]}}],"collection":[{"href":"https:\/\/cultivers.es\/fr\/wp-json\/wp\/v2\/product"}],"about":[{"href":"https:\/\/cultivers.es\/fr\/wp-json\/wp\/v2\/types\/product"}],"replies":[{"embeddable":true,"href":"https:\/\/cultivers.es\/fr\/wp-json\/wp\/v2\/comments?post=19804"}],"wp:featuredmedia":[{"embeddable":true,"href":"https:\/\/cultivers.es\/fr\/wp-json\/wp\/v2\/media\/15324"}],"wp:attachment":[{"href":"https:\/\/cultivers.es\/fr\/wp-json\/wp\/v2\/media?parent=19804"}],"wp:term":[{"taxonomy":"product_brand","embeddable":true,"href":"https:\/\/cultivers.es\/fr\/wp-json\/wp\/v2\/product_brand?post=19804"},{"taxonomy":"product_cat","embeddable":true,"href":"https:\/\/cultivers.es\/fr\/wp-json\/wp\/v2\/product_cat?post=19804"},{"taxonomy":"product_tag","embeddable":true,"href":"https:\/\/cultivers.es\/fr\/wp-json\/wp\/v2\/product_tag?post=19804"},{"taxonomy":"woo-feed-brand","embeddable":true,"href":"https:\/\/cultivers.es\/fr\/wp-json\/wp\/v2\/woo-feed-brand?post=19804"}],"curies":[{"name":"wp","href":"https:\/\/api.w.org\/{rel}","templated":true}]}}