{"id":19808,"date":"2022-10-07T07:08:06","date_gmt":"2022-10-07T07:08:06","guid":{"rendered":"https:\/\/cultivers.es\/abonos\/rodelika-organic-carrot-seeds\/"},"modified":"2025-09-22T04:41:00","modified_gmt":"2025-09-22T04:41:00","slug":"bio-carotte-rodelika-semences","status":"publish","type":"product","link":"https:\/\/cultivers.es\/fr\/abonnements\/bio-carotte-rodelika-semences\/","title":{"rendered":"Rodelika Semences de carottes biodynamiques Demeter"},"content":{"rendered":"","protected":false},"excerpt":{"rendered":"<p>Cultivez l&rsquo;une des vari\u00e9t\u00e9s de carottes les plus savoureuses et les plus nutritives avec nos <strong>graines de carottes biologiques Rodelika<\/strong>. Connue pour sa douceur naturelle et sa texture croquante, cette carotte orange fonc\u00e9 est id\u00e9ale pour les salades, les rago\u00fbts, les jus de fruits ou pour \u00eatre consomm\u00e9e fra\u00eeche en tant qu&rsquo;en-cas sain. Rodelika est une vari\u00e9t\u00e9 facile \u00e0 cultiver, productive et rustique, parfaite pour ceux qui recherchent la qualit\u00e9 et la saveur dans leur jardin.  <\/p>\n<ul>\n<li>Des <strong>racines larges et uniformes :<\/strong> La carotte Rodelika produit des racines longues et droites, d&rsquo;une couleur orange vibrante, avec un int\u00e9rieur sucr\u00e9 et juteux, id\u00e9al pour une grande vari\u00e9t\u00e9 de recettes.<\/li>\n<li><strong>Go\u00fbt sucr\u00e9 et \u00e9quilibr\u00e9 :<\/strong> Avec son go\u00fbt sucr\u00e9 caract\u00e9ristique et sa texture croquante, cette carotte est parfaite pour \u00eatre consomm\u00e9e crue ou cuite dans des plats sains.<\/li>\n<li><strong>Croissance rapide et rendement \u00e9lev\u00e9 :<\/strong> Cette vari\u00e9t\u00e9 se distingue par son rendement et sa r\u00e9sistance, ce qui garantit une r\u00e9colte abondante et de qualit\u00e9.<\/li>\n<li><strong>Riche en nutriments :<\/strong> Le Rodelika est une excellente source de vitamine A, d&rsquo;antioxydants et de fibres, ce qui en fait un aliment sain pour toute la famille.<\/li>\n<li><strong>Facile \u00e0 cultiver :<\/strong> Adaptable \u00e0 diff\u00e9rents types de sols et de climats, cette carotte est r\u00e9sistante aux parasites et aux maladies, id\u00e9ale pour les d\u00e9butants et les jardiniers exp\u00e9riment\u00e9s.<\/li>\n<li><strong>Culture biologique :<\/strong> Nos semences sont 100% biologiques, sans pesticides ni produits chimiques, garantissant une culture durable et respectueuse de l&rsquo;environnement.<\/li>\n<\/ul>\n<p>Remplissez votre potager de douceur et de fra\u00eecheur avec les <strong>graines de carottes biologiques Rodelika<\/strong>. Savourez des carottes croquantes et nutritives cultiv\u00e9es de mani\u00e8re simple et durable. Commandez d\u00e8s aujourd&rsquo;hui et commencez \u00e0 r\u00e9colter sant\u00e9 et saveur directement dans votre jardin !  <\/p>\n","protected":false},"featured_media":15429,"comment_status":"open","ping_status":"closed","template":"","meta":{"_acf_changed":false},"product_brand":[],"product_cat":[1303,426,424],"product_tag":[1385],"class_list":{"0":"post-19808","1":"product","2":"type-product","3":"status-publish","4":"has-post-thumbnail","6":"product_cat-graines-de-demeter","7":"product_cat-graines-de-racines-biologiques","8":"product_cat-semences-biologiques","9":"product_tag-demeter-fr","11":"first","12":"instock","13":"taxable","14":"shipping-taxable","15":"purchasable","16":"product-type-simple"},"acf":[],"_links":{"self":[{"href":"https:\/\/cultivers.es\/fr\/wp-json\/wp\/v2\/product\/19808","targetHints":{"allow":["GET"]}}],"collection":[{"href":"https:\/\/cultivers.es\/fr\/wp-json\/wp\/v2\/product"}],"about":[{"href":"https:\/\/cultivers.es\/fr\/wp-json\/wp\/v2\/types\/product"}],"replies":[{"embeddable":true,"href":"https:\/\/cultivers.es\/fr\/wp-json\/wp\/v2\/comments?post=19808"}],"wp:featuredmedia":[{"embeddable":true,"href":"https:\/\/cultivers.es\/fr\/wp-json\/wp\/v2\/media\/15429"}],"wp:attachment":[{"href":"https:\/\/cultivers.es\/fr\/wp-json\/wp\/v2\/media?parent=19808"}],"wp:term":[{"taxonomy":"product_brand","embeddable":true,"href":"https:\/\/cultivers.es\/fr\/wp-json\/wp\/v2\/product_brand?post=19808"},{"taxonomy":"product_cat","embeddable":true,"href":"https:\/\/cultivers.es\/fr\/wp-json\/wp\/v2\/product_cat?post=19808"},{"taxonomy":"product_tag","embeddable":true,"href":"https:\/\/cultivers.es\/fr\/wp-json\/wp\/v2\/product_tag?post=19808"}],"curies":[{"name":"wp","href":"https:\/\/api.w.org\/{rel}","templated":true}]}}