{"id":19820,"date":"2022-10-07T07:08:06","date_gmt":"2022-10-07T07:08:06","guid":{"rendered":"https:\/\/cultivers.es\/abonos\/graines-de-carotte-jaune-du-doubs-bio\/"},"modified":"2025-09-22T04:41:16","modified_gmt":"2025-09-22T04:41:16","slug":"graines-de-carotte-jaune-du-doubs-ecologicas","status":"publish","type":"product","link":"https:\/\/cultivers.es\/fr\/abonnements\/graines-de-carotte-jaune-du-doubs-ecologicas\/","title":{"rendered":"Graines de carottes Jaune du Doubs Biodynamique Demeter"},"content":{"rendered":"","protected":false},"excerpt":{"rendered":"<p>La <strong>carotte Jaune du Doubs<\/strong> est une vari\u00e9t\u00e9 traditionnelle et attrayante, reconnaissable \u00e0 sa couleur jaune d&rsquo;or caract\u00e9ristique et \u00e0 sa forme conique allong\u00e9e. Cette carotte offre une saveur douce et \u00e9quilibr\u00e9e, id\u00e9ale pour les salades fra\u00eeches, les rago\u00fbts, les jus ou comme en-cas sain. Parfaite pour ceux qui cherchent \u00e0 ajouter de la couleur et de la diversit\u00e9 \u00e0 leurs plats, cette vari\u00e9t\u00e9 se distingue par sa qualit\u00e9 et sa polyvalence dans la cuisine.  <\/p>\n<p>Des <strong>racines larges et fermes :<\/strong> La carotte Jaune du Doubs produit des racines coniques de taille consid\u00e9rable et de texture tendre, avec une couleur jaune attrayante qui la rend unique.<\/p>\n<p><strong>Saveur douce et d\u00e9licate :<\/strong> sa douceur l\u00e9g\u00e8re en fait un choix d\u00e9licieux pour toutes sortes de pr\u00e9parations, qu&rsquo;il s&rsquo;agisse de recettes crues ou cuites.<\/p>\n<p><strong>Rustique et productive :<\/strong> cette vari\u00e9t\u00e9 r\u00e9siste aux climats variables et garantit une r\u00e9colte abondante, ce qui en fait un choix id\u00e9al pour les vergers en diff\u00e9rentes saisons.<\/p>\n<p><strong>Riche en nutriments :<\/strong> Source importante de vitamines A et C, de fibres et d&rsquo;antioxydants, cette carotte compl\u00e8te parfaitement une alimentation \u00e9quilibr\u00e9e.<\/p>\n<p><strong>Facile \u00e0 cultiver :<\/strong> S&rsquo;adaptant \u00e0 diff\u00e9rents types de sol, cette vari\u00e9t\u00e9 est facile \u00e0 cultiver pour les jardiniers novices et exp\u00e9riment\u00e9s.<\/p>\n<p><strong>Culture biologique :<\/strong> Nos semences sont 100 % biologiques, sans pesticides ni produits chimiques, ce qui favorise une culture durable et respectueuse de l&rsquo;environnement.<\/p>\n<p>Remplissez votre potager de couleur et de saveur avec les <strong>graines de carottes Jaune du Doubs biologiques<\/strong>. Ajoutez une touche nutritive et originale \u00e0 vos plats avec cette vari\u00e9t\u00e9 unique et saine. Commandez aujourd&rsquo;hui et profitez d&rsquo;une r\u00e9colte sp\u00e9ciale directement dans votre jardin !  <\/p>\n","protected":false},"featured_media":15469,"comment_status":"open","ping_status":"closed","template":"","meta":{"_acf_changed":false},"product_brand":[],"product_cat":[1303,426,424],"product_tag":[1385],"class_list":{"0":"post-19820","1":"product","2":"type-product","3":"status-publish","4":"has-post-thumbnail","6":"product_cat-graines-de-demeter","7":"product_cat-graines-de-racines-biologiques","8":"product_cat-semences-biologiques","9":"product_tag-demeter-fr","11":"first","12":"instock","13":"taxable","14":"shipping-taxable","15":"purchasable","16":"product-type-variable"},"acf":[],"_links":{"self":[{"href":"https:\/\/cultivers.es\/fr\/wp-json\/wp\/v2\/product\/19820","targetHints":{"allow":["GET"]}}],"collection":[{"href":"https:\/\/cultivers.es\/fr\/wp-json\/wp\/v2\/product"}],"about":[{"href":"https:\/\/cultivers.es\/fr\/wp-json\/wp\/v2\/types\/product"}],"replies":[{"embeddable":true,"href":"https:\/\/cultivers.es\/fr\/wp-json\/wp\/v2\/comments?post=19820"}],"wp:featuredmedia":[{"embeddable":true,"href":"https:\/\/cultivers.es\/fr\/wp-json\/wp\/v2\/media\/15469"}],"wp:attachment":[{"href":"https:\/\/cultivers.es\/fr\/wp-json\/wp\/v2\/media?parent=19820"}],"wp:term":[{"taxonomy":"product_brand","embeddable":true,"href":"https:\/\/cultivers.es\/fr\/wp-json\/wp\/v2\/product_brand?post=19820"},{"taxonomy":"product_cat","embeddable":true,"href":"https:\/\/cultivers.es\/fr\/wp-json\/wp\/v2\/product_cat?post=19820"},{"taxonomy":"product_tag","embeddable":true,"href":"https:\/\/cultivers.es\/fr\/wp-json\/wp\/v2\/product_tag?post=19820"}],"curies":[{"name":"wp","href":"https:\/\/api.w.org\/{rel}","templated":true}]}}