{"id":19826,"date":"2022-10-07T07:08:06","date_gmt":"2022-10-07T07:08:06","guid":{"rendered":"https:\/\/cultivers.es\/abonos\/pois-norli-graines-de-pois-biologiques\/"},"modified":"2025-09-22T04:41:54","modified_gmt":"2025-09-22T04:41:54","slug":"graines-de-pois-norli-ecologiques","status":"publish","type":"product","link":"https:\/\/cultivers.es\/fr\/abonnements\/graines-de-pois-norli-ecologiques\/","title":{"rendered":"Graines de pois Norli"},"content":{"rendered":"","protected":false},"excerpt":{"rendered":"<p>Le <strong>pois Norli<\/strong> est une vari\u00e9t\u00e9 pr\u00e9coce \u00e0 haut rendement, id\u00e9ale pour profiter de pois frais et croquants dans vos recettes. Ses cosses plates et sucr\u00e9es sont id\u00e9ales pour \u00eatre r\u00e9colt\u00e9es jeunes et utilis\u00e9es dans des salades, des saut\u00e9s ou pour accompagner des plats sains. Gr\u00e2ce \u00e0 sa croissance rapide et \u00e0 sa facilit\u00e9 de culture, c&rsquo;est un excellent choix pour tous les types de potagers.  <\/p>\n<p><strong>Gousses plates et sucr\u00e9es :<\/strong> Le pois Norli produit des gousses tendres, juteuses et sucr\u00e9es, parfaites pour \u00eatre consomm\u00e9es fra\u00eeches ou cuites.<\/p>\n<p><strong>Saveur douce et polyvalente :<\/strong> avec une saveur d\u00e9licate, cette vari\u00e9t\u00e9 est id\u00e9ale pour les salades, les rago\u00fbts, les saut\u00e9s et d&rsquo;autres pr\u00e9parations saines.<\/p>\n<p><strong>Croissance rapide et production abondante :<\/strong> son cycle de croissance est rapide, ce qui permet des r\u00e9coltes pr\u00e9coces et continues tout au long de la saison.<\/p>\n<p><strong>Riche en nutriments :<\/strong> Ce pois est une excellente source de prot\u00e9ines v\u00e9g\u00e9tales, de fibres, de vitamines A et C, ainsi que de min\u00e9raux essentiels tels que le fer et le potassium.<\/p>\n<p><strong>Facile \u00e0 cultiver :<\/strong> rustique et adaptable \u00e0 diff\u00e9rents climats et sols, cette vari\u00e9t\u00e9 est id\u00e9ale pour les d\u00e9butants comme pour les jardiniers exp\u00e9riment\u00e9s.<\/p>\n<p><strong>Culture biologique :<\/strong> Les semences sont 100% biologiques, garantissant une culture sans pesticides ni produits chimiques, respectueuse de l&rsquo;environnement et b\u00e9n\u00e9fique pour la biodiversit\u00e9.<\/p>\n<p>Appr\u00e9ciez la fra\u00eecheur et la douceur du <strong>pois Norli biologique<\/strong> cultiv\u00e9 directement dans votre jardin. Commandez d\u00e8s aujourd&rsquo;hui et ajoutez cette vari\u00e9t\u00e9 d\u00e9licieuse et nutritive \u00e0 vos cultures ! <\/p>\n","protected":false},"featured_media":50187,"comment_status":"open","ping_status":"closed","template":"","meta":{"_acf_changed":false},"product_brand":[],"product_cat":[761,424],"product_tag":[1579],"class_list":{"0":"post-19826","1":"product","2":"type-product","3":"status-publish","4":"has-post-thumbnail","6":"product_cat-graines-de-legumineuses-biologiques","7":"product_cat-semences-biologiques","8":"product_tag-eco","10":"first","11":"instock","12":"taxable","13":"shipping-taxable","14":"purchasable","15":"product-type-simple"},"acf":[],"_links":{"self":[{"href":"https:\/\/cultivers.es\/fr\/wp-json\/wp\/v2\/product\/19826","targetHints":{"allow":["GET"]}}],"collection":[{"href":"https:\/\/cultivers.es\/fr\/wp-json\/wp\/v2\/product"}],"about":[{"href":"https:\/\/cultivers.es\/fr\/wp-json\/wp\/v2\/types\/product"}],"replies":[{"embeddable":true,"href":"https:\/\/cultivers.es\/fr\/wp-json\/wp\/v2\/comments?post=19826"}],"wp:featuredmedia":[{"embeddable":true,"href":"https:\/\/cultivers.es\/fr\/wp-json\/wp\/v2\/media\/50187"}],"wp:attachment":[{"href":"https:\/\/cultivers.es\/fr\/wp-json\/wp\/v2\/media?parent=19826"}],"wp:term":[{"taxonomy":"product_brand","embeddable":true,"href":"https:\/\/cultivers.es\/fr\/wp-json\/wp\/v2\/product_brand?post=19826"},{"taxonomy":"product_cat","embeddable":true,"href":"https:\/\/cultivers.es\/fr\/wp-json\/wp\/v2\/product_cat?post=19826"},{"taxonomy":"product_tag","embeddable":true,"href":"https:\/\/cultivers.es\/fr\/wp-json\/wp\/v2\/product_tag?post=19826"}],"curies":[{"name":"wp","href":"https:\/\/api.w.org\/{rel}","templated":true}]}}