{"id":19827,"date":"2022-10-07T07:08:06","date_gmt":"2022-10-07T07:08:06","guid":{"rendered":"https:\/\/cultivers.es\/abonos\/graines-de-pois-magiques-kelvedon-biologiques\/"},"modified":"2025-09-22T04:41:24","modified_gmt":"2025-09-22T04:41:24","slug":"pea-kelvedon-wonde-ecological-pea-seed-semences-de-pois-ecologiques","status":"publish","type":"product","link":"https:\/\/cultivers.es\/fr\/abonnements\/pea-kelvedon-wonde-ecological-pea-seed-semences-de-pois-ecologiques\/","title":{"rendered":"Kelvedon Wonder Pea Seeds"},"content":{"rendered":"","protected":false},"excerpt":{"rendered":"<p><strong>Kelvedon Wonder Pea<\/strong> est une vari\u00e9t\u00e9 classique, connue pour son excellente saveur, sa productivit\u00e9 et sa polyvalence. Avec ses cosses pleines de pois tendres et sucr\u00e9s, cette vari\u00e9t\u00e9 est id\u00e9ale pour les salades, les rago\u00fbts, les saut\u00e9s ou pour \u00eatre d\u00e9gust\u00e9e fra\u00eechement r\u00e9colt\u00e9e. Elle est facile et rapide \u00e0 cultiver, ce qui en fait un choix id\u00e9al pour tout jardin biologique.  <\/p>\n<p><strong>Gousses pleines et savoureuses :<\/strong> Kelvedon Wonder Pea produit des gousses compactes avec des pois doux, tendres et d&rsquo;excellente qualit\u00e9.<\/p>\n<p><strong>Go\u00fbt doux et d\u00e9licat :<\/strong> son go\u00fbt doux et l\u00e9g\u00e8rement sucr\u00e9 le rend parfait pour \u00eatre consomm\u00e9 frais, cuit ou dans diff\u00e9rentes recettes saines.<\/p>\n<p><strong>Productivit\u00e9 \u00e9lev\u00e9e :<\/strong> Cette vari\u00e9t\u00e9 se distingue par sa capacit\u00e9 \u00e0 produire des r\u00e9coltes abondantes en peu de temps.<\/p>\n<p><strong>Rustique et polyvalente :<\/strong> Kelvedon Wonder est une plante rustique, adapt\u00e9e \u00e0 une vari\u00e9t\u00e9 de climats, assurant une croissance r\u00e9ussie dans une vari\u00e9t\u00e9 de types de sols et de conditions.<\/p>\n<p><strong>Riche en nutriments :<\/strong> C&rsquo;est une source naturelle de prot\u00e9ines v\u00e9g\u00e9tales, de fibres, de vitamines A et C, ainsi que de min\u00e9raux essentiels tels que le fer et le potassium, ce qui favorise une alimentation \u00e9quilibr\u00e9e.<\/p>\n<p><strong>Culture biologique :<\/strong> Nos semences sont 100 % biologiques, sans pesticides ni engrais chimiques, ce qui garantit une culture respectueuse de l&rsquo;environnement et de la biodiversit\u00e9.<\/p>\n<p>Appr\u00e9ciez le go\u00fbt, la fra\u00eecheur et la qualit\u00e9 des <strong>Kelvedon Wonder Peas biologiques<\/strong>. Cultivez cette vari\u00e9t\u00e9 dans votre jardin et d\u00e9couvrez la satisfaction de r\u00e9colter vos propres pois. Commandez d\u00e8s aujourd&rsquo;hui et apportez le meilleur de la nature \u00e0 votre table !  <\/p>\n","protected":false},"featured_media":50193,"comment_status":"open","ping_status":"closed","template":"","meta":{"_acf_changed":false},"product_brand":[],"product_cat":[761,424],"product_tag":[1579],"woo-feed-brand":[],"class_list":{"0":"post-19827","1":"product","2":"type-product","3":"status-publish","4":"has-post-thumbnail","6":"product_cat-graines-de-legumineuses-biologiques","7":"product_cat-semences-biologiques","8":"product_tag-eco","10":"first","11":"instock","12":"taxable","13":"shipping-taxable","14":"purchasable","15":"product-type-simple"},"acf":[],"_links":{"self":[{"href":"https:\/\/cultivers.es\/fr\/wp-json\/wp\/v2\/product\/19827","targetHints":{"allow":["GET"]}}],"collection":[{"href":"https:\/\/cultivers.es\/fr\/wp-json\/wp\/v2\/product"}],"about":[{"href":"https:\/\/cultivers.es\/fr\/wp-json\/wp\/v2\/types\/product"}],"replies":[{"embeddable":true,"href":"https:\/\/cultivers.es\/fr\/wp-json\/wp\/v2\/comments?post=19827"}],"wp:featuredmedia":[{"embeddable":true,"href":"https:\/\/cultivers.es\/fr\/wp-json\/wp\/v2\/media\/50193"}],"wp:attachment":[{"href":"https:\/\/cultivers.es\/fr\/wp-json\/wp\/v2\/media?parent=19827"}],"wp:term":[{"taxonomy":"product_brand","embeddable":true,"href":"https:\/\/cultivers.es\/fr\/wp-json\/wp\/v2\/product_brand?post=19827"},{"taxonomy":"product_cat","embeddable":true,"href":"https:\/\/cultivers.es\/fr\/wp-json\/wp\/v2\/product_cat?post=19827"},{"taxonomy":"product_tag","embeddable":true,"href":"https:\/\/cultivers.es\/fr\/wp-json\/wp\/v2\/product_tag?post=19827"},{"taxonomy":"woo-feed-brand","embeddable":true,"href":"https:\/\/cultivers.es\/fr\/wp-json\/wp\/v2\/woo-feed-brand?post=19827"}],"curies":[{"name":"wp","href":"https:\/\/api.w.org\/{rel}","templated":true}]}}