{"id":19838,"date":"2022-10-07T07:08:06","date_gmt":"2022-10-07T07:08:06","guid":{"rendered":"https:\/\/cultivers.es\/abonos\/graines-de-haricots-verts-vitalis-ecological\/"},"modified":"2025-09-22T05:10:31","modified_gmt":"2025-09-22T05:10:31","slug":"vert-vert-vitalis-ecologique-judia-seeds","status":"publish","type":"product","link":"https:\/\/cultivers.es\/fr\/abonnements\/vert-vert-vitalis-ecologique-judia-seeds\/","title":{"rendered":"Graines de haricots verts Vitalis"},"content":{"rendered":"","protected":false},"excerpt":{"rendered":"<p>Cette vari\u00e9t\u00e9 de haricot est un haricot grimpant. Il peut atteindre jusqu&rsquo;\u00e0 2 m de hauteur (n\u00e9cessite un support). Cycle semi-pr\u00e9coce et croissance lente. Il produit des gousses d&rsquo;un go\u00fbt et d&rsquo;une qualit\u00e9 excellents. Les gousses sont plates, larges de 20 mm et longues de 20 \u00e0 22 cm, de couleur vert fonc\u00e9. Cette vari\u00e9t\u00e9 convient aussi bien \u00e0 la culture en serre qu&rsquo;\u00e0 la culture en plein air dans les r\u00e9gions temp\u00e9r\u00e9es de l&rsquo;\u00e9t\u00e9.<\/p>\n","protected":false},"featured_media":15489,"comment_status":"open","ping_status":"closed","template":"","meta":{"_acf_changed":false},"product_brand":[],"product_cat":[761,424],"product_tag":[],"woo-feed-brand":[],"class_list":{"0":"post-19838","1":"product","2":"type-product","3":"status-publish","4":"has-post-thumbnail","6":"product_cat-graines-de-legumineuses-biologiques","7":"product_cat-semences-biologiques","9":"first","10":"outofstock","11":"taxable","12":"shipping-taxable","13":"purchasable","14":"product-type-simple"},"acf":[],"_links":{"self":[{"href":"https:\/\/cultivers.es\/fr\/wp-json\/wp\/v2\/product\/19838","targetHints":{"allow":["GET"]}}],"collection":[{"href":"https:\/\/cultivers.es\/fr\/wp-json\/wp\/v2\/product"}],"about":[{"href":"https:\/\/cultivers.es\/fr\/wp-json\/wp\/v2\/types\/product"}],"replies":[{"embeddable":true,"href":"https:\/\/cultivers.es\/fr\/wp-json\/wp\/v2\/comments?post=19838"}],"wp:featuredmedia":[{"embeddable":true,"href":"https:\/\/cultivers.es\/fr\/wp-json\/wp\/v2\/media\/15489"}],"wp:attachment":[{"href":"https:\/\/cultivers.es\/fr\/wp-json\/wp\/v2\/media?parent=19838"}],"wp:term":[{"taxonomy":"product_brand","embeddable":true,"href":"https:\/\/cultivers.es\/fr\/wp-json\/wp\/v2\/product_brand?post=19838"},{"taxonomy":"product_cat","embeddable":true,"href":"https:\/\/cultivers.es\/fr\/wp-json\/wp\/v2\/product_cat?post=19838"},{"taxonomy":"product_tag","embeddable":true,"href":"https:\/\/cultivers.es\/fr\/wp-json\/wp\/v2\/product_tag?post=19838"},{"taxonomy":"woo-feed-brand","embeddable":true,"href":"https:\/\/cultivers.es\/fr\/wp-json\/wp\/v2\/woo-feed-brand?post=19838"}],"curies":[{"name":"wp","href":"https:\/\/api.w.org\/{rel}","templated":true}]}}