{"id":19839,"date":"2022-10-07T07:08:06","date_gmt":"2022-10-07T07:08:06","guid":{"rendered":"https:\/\/cultivers.es\/abonos\/graines-de-pois-dangole-bio\/"},"modified":"2025-09-22T05:10:07","modified_gmt":"2025-09-22T05:10:07","slug":"pois-pois-semences-heraut-ecologique","status":"publish","type":"product","link":"https:\/\/cultivers.es\/fr\/abonnements\/pois-pois-semences-heraut-ecologique\/","title":{"rendered":"Graines de pois Heraut"},"content":{"rendered":"","protected":false},"excerpt":{"rendered":"<p>Cette vari\u00e9t\u00e9 de pois est pr\u00e9coce et grimpante et doit donc \u00eatre paliss\u00e9e. La hauteur peut atteindre 1,5 \u00e0 2 m\u00e8tres. Les gousses sont larges. Cette vari\u00e9t\u00e9 peut \u00eatre consomm\u00e9e \u00e0 la fois comme haricot et comme gousse enti\u00e8re.<\/p>\n","protected":false},"featured_media":15319,"comment_status":"open","ping_status":"closed","template":"","meta":{"_acf_changed":false},"product_brand":[],"product_cat":[761,424],"product_tag":[1579],"class_list":{"0":"post-19839","1":"product","2":"type-product","3":"status-publish","4":"has-post-thumbnail","6":"product_cat-graines-de-legumineuses-biologiques","7":"product_cat-semences-biologiques","8":"product_tag-eco","10":"first","11":"instock","12":"taxable","13":"shipping-taxable","14":"purchasable","15":"product-type-simple"},"acf":[],"_links":{"self":[{"href":"https:\/\/cultivers.es\/fr\/wp-json\/wp\/v2\/product\/19839","targetHints":{"allow":["GET"]}}],"collection":[{"href":"https:\/\/cultivers.es\/fr\/wp-json\/wp\/v2\/product"}],"about":[{"href":"https:\/\/cultivers.es\/fr\/wp-json\/wp\/v2\/types\/product"}],"replies":[{"embeddable":true,"href":"https:\/\/cultivers.es\/fr\/wp-json\/wp\/v2\/comments?post=19839"}],"wp:featuredmedia":[{"embeddable":true,"href":"https:\/\/cultivers.es\/fr\/wp-json\/wp\/v2\/media\/15319"}],"wp:attachment":[{"href":"https:\/\/cultivers.es\/fr\/wp-json\/wp\/v2\/media?parent=19839"}],"wp:term":[{"taxonomy":"product_brand","embeddable":true,"href":"https:\/\/cultivers.es\/fr\/wp-json\/wp\/v2\/product_brand?post=19839"},{"taxonomy":"product_cat","embeddable":true,"href":"https:\/\/cultivers.es\/fr\/wp-json\/wp\/v2\/product_cat?post=19839"},{"taxonomy":"product_tag","embeddable":true,"href":"https:\/\/cultivers.es\/fr\/wp-json\/wp\/v2\/product_tag?post=19839"}],"curies":[{"name":"wp","href":"https:\/\/api.w.org\/{rel}","templated":true}]}}