{"id":19840,"date":"2022-10-07T07:08:06","date_gmt":"2022-10-07T07:08:06","guid":{"rendered":"https:\/\/cultivers.es\/abonos\/green-dior-organic-graines-de-haricots\/"},"modified":"2025-09-22T05:10:39","modified_gmt":"2025-09-22T05:10:39","slug":"haricot-vert-vert-dior-ecologique-semences","status":"publish","type":"product","link":"https:\/\/cultivers.es\/fr\/abonnements\/haricot-vert-vert-dior-ecologique-semences\/","title":{"rendered":"Graines de haricots verts Dior"},"content":{"rendered":"","protected":false},"excerpt":{"rendered":"<p>Le <strong>haricot vert Dior<\/strong> est une vari\u00e9t\u00e9 de haricot beurre jaune, connu pour ses gousses arrondies d&rsquo;un jaune dor\u00e9 brillant. Sa texture tendre et sa saveur douce le rendent id\u00e9al pour la cuisson \u00e0 la vapeur, les saut\u00e9s, les salades ou les rago\u00fbts. Cette plante est rustique, \u00e0 haut rendement et facile \u00e0 cultiver, parfaite pour profiter de r\u00e9coltes saines et durables dans votre jardin biologique.  <\/p>\n<p><strong>Gousses arrondies et frappantes :<\/strong> produit des gousses arrondies, lisses et d&rsquo;un jaune \u00e9clatant, \u00e0 la texture tendre et croquante.<\/p>\n<p><strong>Saveur douce et d\u00e9licate :<\/strong> Avec une touche douce et sucr\u00e9e, cette vari\u00e9t\u00e9 est parfaite pour enrichir une grande vari\u00e9t\u00e9 de plats, des salades fra\u00eeches aux recettes cuisin\u00e9es.<\/p>\n<p><strong>Productivit\u00e9 \u00e9lev\u00e9e :<\/strong> Le haricot vert Dior offre des r\u00e9coltes g\u00e9n\u00e9reuses et continues, garantissant une production constante tout au long de la saison.<\/p>\n<p><strong>Riche en nutriments :<\/strong> Cette vari\u00e9t\u00e9 est une excellente source de fibres, de vitamines A et C, ainsi que de min\u00e9raux essentiels tels que le fer et le potassium, contribuant ainsi \u00e0 une alimentation \u00e9quilibr\u00e9e.<\/p>\n<p><strong>Facile \u00e0 cultiver :<\/strong> rustique et adaptable \u00e0 diff\u00e9rents types de sols et de climats, cette plante est id\u00e9ale pour les d\u00e9butants comme pour les jardiniers exp\u00e9riment\u00e9s.<\/p>\n<p><strong>Culture biologique :<\/strong> Nos semences sont 100 % biologiques, sans pesticides ni produits chimiques, ce qui garantit une culture saine et respectueuse de l&rsquo;environnement pour toute la famille.<\/p>\n<p>Appr\u00e9ciez la couleur, la fra\u00eecheur et la polyvalence du <strong>haricot vert Dior biologique<\/strong>. Cultivez ce l\u00e9gume nutritif et savoureux dans votre jardin et remplissez votre table de qualit\u00e9 et de durabilit\u00e9. Commandez d\u00e8s aujourd&rsquo;hui et commencez \u00e0 r\u00e9colter !  <\/p>\n","protected":false},"featured_media":15354,"comment_status":"open","ping_status":"closed","template":"","meta":{"_acf_changed":false},"product_brand":[],"product_cat":[761,424],"product_tag":[1579],"class_list":{"0":"post-19840","1":"product","2":"type-product","3":"status-publish","4":"has-post-thumbnail","6":"product_cat-graines-de-legumineuses-biologiques","7":"product_cat-semences-biologiques","8":"product_tag-eco","10":"first","11":"instock","12":"taxable","13":"shipping-taxable","14":"purchasable","15":"product-type-simple"},"acf":[],"_links":{"self":[{"href":"https:\/\/cultivers.es\/fr\/wp-json\/wp\/v2\/product\/19840","targetHints":{"allow":["GET"]}}],"collection":[{"href":"https:\/\/cultivers.es\/fr\/wp-json\/wp\/v2\/product"}],"about":[{"href":"https:\/\/cultivers.es\/fr\/wp-json\/wp\/v2\/types\/product"}],"replies":[{"embeddable":true,"href":"https:\/\/cultivers.es\/fr\/wp-json\/wp\/v2\/comments?post=19840"}],"wp:featuredmedia":[{"embeddable":true,"href":"https:\/\/cultivers.es\/fr\/wp-json\/wp\/v2\/media\/15354"}],"wp:attachment":[{"href":"https:\/\/cultivers.es\/fr\/wp-json\/wp\/v2\/media?parent=19840"}],"wp:term":[{"taxonomy":"product_brand","embeddable":true,"href":"https:\/\/cultivers.es\/fr\/wp-json\/wp\/v2\/product_brand?post=19840"},{"taxonomy":"product_cat","embeddable":true,"href":"https:\/\/cultivers.es\/fr\/wp-json\/wp\/v2\/product_cat?post=19840"},{"taxonomy":"product_tag","embeddable":true,"href":"https:\/\/cultivers.es\/fr\/wp-json\/wp\/v2\/product_tag?post=19840"}],"curies":[{"name":"wp","href":"https:\/\/api.w.org\/{rel}","templated":true}]}}