{"id":19841,"date":"2022-10-07T07:08:06","date_gmt":"2022-10-07T07:08:06","guid":{"rendered":"https:\/\/cultivers.es\/abonos\/golden-gate-green-bean-organic-seeds\/"},"modified":"2025-09-22T05:10:43","modified_gmt":"2025-09-22T05:10:43","slug":"green-judia-green-gate-ecological-seeds-semences-ecologiques","status":"publish","type":"product","link":"https:\/\/cultivers.es\/fr\/abonnements\/green-judia-green-gate-ecological-seeds-semences-ecologiques\/","title":{"rendered":"Golden Gate Green Bean Seeds"},"content":{"rendered":"","protected":false},"excerpt":{"rendered":"<p>Le <strong>haricot vert Golden Gate<\/strong> est une vari\u00e9t\u00e9 grimpante aux longues gousses d&rsquo;un jaune dor\u00e9 brillant. Sa texture tendre et sa saveur douce font de ce haricot un choix parfait pour les saut\u00e9s, les salades, les rago\u00fbts ou la cuisson \u00e0 la vapeur. Id\u00e9ale pour les jardins verticaux ou les petits espaces, cette plante est tr\u00e8s productive et r\u00e9sistante, offrant des r\u00e9coltes continues de haute qualit\u00e9 tout au long de la saison.  <\/p>\n<p><strong>Gousses longues et brillantes :<\/strong> Produit des gousses lisses, uniformes et d&rsquo;un jaune profond, qui sont non seulement d\u00e9licieuses mais aussi visuellement attrayantes.<\/p>\n<p><strong>Saveur douce et sucr\u00e9e :<\/strong> sa saveur d\u00e9licate se marie parfaitement avec toutes sortes de plats, qu&rsquo;il s&rsquo;agisse de recettes fra\u00eeches ou cuisin\u00e9es.<\/p>\n<p><strong>Croissance grimpante :<\/strong> Cette vari\u00e9t\u00e9 grimpante est id\u00e9ale pour optimiser l&rsquo;espace dans les petits jardins ou les jardins verticaux, en utilisant des tuteurs ou des treillis.<\/p>\n<p><strong>Productivit\u00e9 \u00e9lev\u00e9e :<\/strong> les haricots verts Golden Gate garantissent des r\u00e9coltes abondantes et r\u00e9guli\u00e8res, assurant un approvisionnement continu tout au long de la saison.<\/p>\n<p><strong>Riche en nutriments :<\/strong> Source de fibres, de prot\u00e9ines v\u00e9g\u00e9tales, de vitamines A et C et de min\u00e9raux tels que le fer et le potassium, ce haricot compl\u00e8te parfaitement un r\u00e9gime alimentaire sain.<\/p>\n<p><strong>Facile \u00e0 cultiver :<\/strong> R\u00e9sistante \u00e0 diverses conditions climatiques, cette plante convient aussi bien aux d\u00e9butants qu&rsquo;aux jardiniers exp\u00e9riment\u00e9s.<\/p>\n<p><strong>Culture biologique :<\/strong> Nos semences sont 100 % biologiques, sans pesticides ni engrais chimiques, ce qui favorise une culture durable et respectueuse de l&rsquo;environnement.<\/p>\n<p>Remplissez votre jardin de couleur, de fra\u00eecheur et de saveur avec les <strong>graines de haricots verts Golden Gate Organic<\/strong>. Profitez d&rsquo;une r\u00e9colte saine et savoureuse directement dans votre jardin - commandez aujourd&rsquo;hui et commencez \u00e0 profiter de cette vari\u00e9t\u00e9 unique et d\u00e9licieuse !  <\/p>\n","protected":false},"featured_media":15494,"comment_status":"open","ping_status":"closed","template":"","meta":{"_acf_changed":false},"product_brand":[],"product_cat":[761,424],"product_tag":[],"class_list":{"0":"post-19841","1":"product","2":"type-product","3":"status-publish","4":"has-post-thumbnail","6":"product_cat-graines-de-legumineuses-biologiques","7":"product_cat-semences-biologiques","9":"first","10":"instock","11":"taxable","12":"shipping-taxable","13":"purchasable","14":"product-type-simple"},"acf":[],"_links":{"self":[{"href":"https:\/\/cultivers.es\/fr\/wp-json\/wp\/v2\/product\/19841","targetHints":{"allow":["GET"]}}],"collection":[{"href":"https:\/\/cultivers.es\/fr\/wp-json\/wp\/v2\/product"}],"about":[{"href":"https:\/\/cultivers.es\/fr\/wp-json\/wp\/v2\/types\/product"}],"replies":[{"embeddable":true,"href":"https:\/\/cultivers.es\/fr\/wp-json\/wp\/v2\/comments?post=19841"}],"wp:featuredmedia":[{"embeddable":true,"href":"https:\/\/cultivers.es\/fr\/wp-json\/wp\/v2\/media\/15494"}],"wp:attachment":[{"href":"https:\/\/cultivers.es\/fr\/wp-json\/wp\/v2\/media?parent=19841"}],"wp:term":[{"taxonomy":"product_brand","embeddable":true,"href":"https:\/\/cultivers.es\/fr\/wp-json\/wp\/v2\/product_brand?post=19841"},{"taxonomy":"product_cat","embeddable":true,"href":"https:\/\/cultivers.es\/fr\/wp-json\/wp\/v2\/product_cat?post=19841"},{"taxonomy":"product_tag","embeddable":true,"href":"https:\/\/cultivers.es\/fr\/wp-json\/wp\/v2\/product_tag?post=19841"}],"curies":[{"name":"wp","href":"https:\/\/api.w.org\/{rel}","templated":true}]}}