{"id":19842,"date":"2022-10-07T07:08:06","date_gmt":"2022-10-07T07:08:06","guid":{"rendered":"https:\/\/cultivers.es\/abonos\/graines-de-haricots-haricots-catarino-organic\/"},"modified":"2025-09-22T05:10:55","modified_gmt":"2025-09-22T05:10:55","slug":"graines-de-haricots-catarino-ecologiques","status":"publish","type":"product","link":"https:\/\/cultivers.es\/fr\/abonnements\/graines-de-haricots-catarino-ecologiques\/","title":{"rendered":"Graine de haricot Haricot Catarino"},"content":{"rendered":"","protected":false},"excerpt":{"rendered":"<p>Le <strong>haricot Catarino<\/strong> est une vari\u00e9t\u00e9 traditionnelle de haricot sec, connue pour ses grains rouge fonc\u00e9 avec des stries sombres et sa saveur unique et profonde. Parfait pour les rago\u00fbts, les plats mijot\u00e9s, les salades ou comme ingr\u00e9dient principal dans les recettes traditionnelles, cette vari\u00e9t\u00e9 se distingue par sa texture cr\u00e9meuse et sa haute valeur nutritionnelle. Sa culture est simple et productive, id\u00e9ale pour tout jardin biologique.  <\/p>\n<p><strong>Des haricots rouges attrayants :<\/strong> Le haricot Catarino produit des haricots de taille moyenne d&rsquo;un rouge profond saisissant, id\u00e9al pour agr\u00e9menter tous les plats.<\/p>\n<p><strong>Saveur riche et authentique :<\/strong> Avec un profil de saveur intense et cr\u00e9meux, cette vari\u00e9t\u00e9 est id\u00e9ale pour la pr\u00e9paration de plats traditionnels et modernes.<\/p>\n<p><strong>Rustique et productif :<\/strong> ce haricot est tr\u00e8s r\u00e9sistant aux conditions climatiques d\u00e9favorables, ce qui garantit une r\u00e9colte abondante et de haute qualit\u00e9.<\/p>\n<p><strong>Riche en nutriments :<\/strong> Les haricots sont une excellente source de prot\u00e9ines v\u00e9g\u00e9tales, de fibres, de fer, de potassium et d&rsquo;antioxydants, ce qui en fait un aliment indispensable \u00e0 une alimentation \u00e9quilibr\u00e9e.<\/p>\n<p><strong>Facile \u00e0 cultiver :<\/strong> Cette plante est rustique et s&rsquo;adapte \u00e0 diff\u00e9rents sols et climats, parfaite pour les jardiniers d\u00e9butants et confirm\u00e9s.<\/p>\n<p><strong>Culture biologique :<\/strong> Nos semences sont 100 % biologiques, sans pesticides ni produits chimiques, ce qui garantit une culture durable et respectueuse de l&rsquo;environnement.<\/p>\n<p>Remplissez votre jardin de tradition et de saveur avec les <strong>graines de haricots Catarino Organic<\/strong>. Cultivez cette vari\u00e9t\u00e9 unique et profitez de r\u00e9coltes abondantes et nutritives dans vos plats pr\u00e9f\u00e9r\u00e9s. Commandez d\u00e8s aujourd&rsquo;hui et profitez de ce haricot sp\u00e9cial directement dans votre jardin !  <\/p>\n","protected":false},"featured_media":15504,"comment_status":"open","ping_status":"closed","template":"","meta":{"_acf_changed":false},"product_brand":[],"product_cat":[761,424],"product_tag":[],"woo-feed-brand":[],"class_list":{"0":"post-19842","1":"product","2":"type-product","3":"status-publish","4":"has-post-thumbnail","6":"product_cat-graines-de-legumineuses-biologiques","7":"product_cat-semences-biologiques","9":"first","10":"outofstock","11":"taxable","12":"shipping-taxable","13":"purchasable","14":"product-type-simple"},"acf":[],"_links":{"self":[{"href":"https:\/\/cultivers.es\/fr\/wp-json\/wp\/v2\/product\/19842","targetHints":{"allow":["GET"]}}],"collection":[{"href":"https:\/\/cultivers.es\/fr\/wp-json\/wp\/v2\/product"}],"about":[{"href":"https:\/\/cultivers.es\/fr\/wp-json\/wp\/v2\/types\/product"}],"replies":[{"embeddable":true,"href":"https:\/\/cultivers.es\/fr\/wp-json\/wp\/v2\/comments?post=19842"}],"wp:featuredmedia":[{"embeddable":true,"href":"https:\/\/cultivers.es\/fr\/wp-json\/wp\/v2\/media\/15504"}],"wp:attachment":[{"href":"https:\/\/cultivers.es\/fr\/wp-json\/wp\/v2\/media?parent=19842"}],"wp:term":[{"taxonomy":"product_brand","embeddable":true,"href":"https:\/\/cultivers.es\/fr\/wp-json\/wp\/v2\/product_brand?post=19842"},{"taxonomy":"product_cat","embeddable":true,"href":"https:\/\/cultivers.es\/fr\/wp-json\/wp\/v2\/product_cat?post=19842"},{"taxonomy":"product_tag","embeddable":true,"href":"https:\/\/cultivers.es\/fr\/wp-json\/wp\/v2\/product_tag?post=19842"},{"taxonomy":"woo-feed-brand","embeddable":true,"href":"https:\/\/cultivers.es\/fr\/wp-json\/wp\/v2\/woo-feed-brand?post=19842"}],"curies":[{"name":"wp","href":"https:\/\/api.w.org\/{rel}","templated":true}]}}