{"id":19843,"date":"2022-10-07T07:08:06","date_gmt":"2022-10-07T07:08:06","guid":{"rendered":"https:\/\/cultivers.es\/abonos\/pois-chiche-bio-prince-seeds\/"},"modified":"2025-09-22T05:10:50","modified_gmt":"2025-09-22T05:10:50","slug":"pois-chiches-pois-semences-principe-ecologique","status":"publish","type":"product","link":"https:\/\/cultivers.es\/fr\/abonnements\/pois-chiches-pois-semences-principe-ecologique\/","title":{"rendered":"Pois chiches Prince Graines"},"content":{"rendered":"","protected":false},"excerpt":{"rendered":"<p>Le <strong>Garbanzo Pr\u00edncipe<\/strong> est une vari\u00e9t\u00e9 traditionnelle de haute qualit\u00e9, connue pour produire de gros haricots tendres et savoureux. Id\u00e9al pour pr\u00e9parer des plats classiques tels que des rago\u00fbts, des salades, du houmous ou des soupes, ce pois chiche se distingue par sa texture cr\u00e9meuse et sa saveur unique. Il est \u00e9galement facile \u00e0 cultiver, r\u00e9sistant aux conditions d\u00e9favorables et parfait pour les jardins biologiques durables.  <\/p>\n<p><strong>Gros grains nutritifs :<\/strong> le pois chiche Prince produit des grains de taille g\u00e9n\u00e9reuse, \u00e0 la texture lisse et cr\u00e9meuse, parfaits pour toutes sortes de pr\u00e9parations culinaires.<\/p>\n<p><strong>Saveur riche et authentique :<\/strong> son go\u00fbt caract\u00e9ristique et d\u00e9licieux en fait un ingr\u00e9dient essentiel pour les recettes traditionnelles et modernes.<\/p>\n<p><strong>Productivit\u00e9 \u00e9lev\u00e9e :<\/strong> Cette vari\u00e9t\u00e9 garantit une r\u00e9colte abondante, offrant un excellent rendement \u00e0 chaque semis.<\/p>\n<p><strong>Riche en nutriments :<\/strong> Les pois chiches sont une excellente source de prot\u00e9ines v\u00e9g\u00e9tales, de fibres, de fer, de magn\u00e9sium et de vitamines B, ce qui en fait un aliment id\u00e9al pour une alimentation saine et \u00e9quilibr\u00e9e.<\/p>\n<p><strong>Facile \u00e0 cultiver :<\/strong> R\u00e9sistante \u00e0 la s\u00e9cheresse et s&rsquo;adaptant \u00e0 diff\u00e9rents types de sol, cette plante convient aussi bien aux d\u00e9butants qu&rsquo;aux jardiniers exp\u00e9riment\u00e9s.<\/p>\n<p><strong>Culture biologique :<\/strong> Nos semences sont 100 % biologiques, sans pesticides ni produits chimiques, ce qui favorise une culture durable et respectueuse de l&rsquo;environnement.<\/p>\n<p>Appr\u00e9ciez la tradition et la saveur authentique avec les <strong>graines de pois chiches Prince biologiques<\/strong>. Cultivez cette vari\u00e9t\u00e9 nutritive et polyvalente dans votre jardin et remplissez votre cuisine de recettes saines et d\u00e9licieuses. Commandez d\u00e8s aujourd&rsquo;hui et commencez \u00e0 r\u00e9colter qualit\u00e9 et fra\u00eecheur !  <\/p>\n","protected":false},"featured_media":15314,"comment_status":"open","ping_status":"closed","template":"","meta":{"_acf_changed":false},"product_brand":[],"product_cat":[761,424],"product_tag":[1579],"class_list":{"0":"post-19843","1":"product","2":"type-product","3":"status-publish","4":"has-post-thumbnail","6":"product_cat-graines-de-legumineuses-biologiques","7":"product_cat-semences-biologiques","8":"product_tag-eco","10":"first","11":"instock","12":"taxable","13":"shipping-taxable","14":"purchasable","15":"product-type-simple"},"acf":[],"_links":{"self":[{"href":"https:\/\/cultivers.es\/fr\/wp-json\/wp\/v2\/product\/19843","targetHints":{"allow":["GET"]}}],"collection":[{"href":"https:\/\/cultivers.es\/fr\/wp-json\/wp\/v2\/product"}],"about":[{"href":"https:\/\/cultivers.es\/fr\/wp-json\/wp\/v2\/types\/product"}],"replies":[{"embeddable":true,"href":"https:\/\/cultivers.es\/fr\/wp-json\/wp\/v2\/comments?post=19843"}],"wp:featuredmedia":[{"embeddable":true,"href":"https:\/\/cultivers.es\/fr\/wp-json\/wp\/v2\/media\/15314"}],"wp:attachment":[{"href":"https:\/\/cultivers.es\/fr\/wp-json\/wp\/v2\/media?parent=19843"}],"wp:term":[{"taxonomy":"product_brand","embeddable":true,"href":"https:\/\/cultivers.es\/fr\/wp-json\/wp\/v2\/product_brand?post=19843"},{"taxonomy":"product_cat","embeddable":true,"href":"https:\/\/cultivers.es\/fr\/wp-json\/wp\/v2\/product_cat?post=19843"},{"taxonomy":"product_tag","embeddable":true,"href":"https:\/\/cultivers.es\/fr\/wp-json\/wp\/v2\/product_tag?post=19843"}],"curies":[{"name":"wp","href":"https:\/\/api.w.org\/{rel}","templated":true}]}}