{"id":19844,"date":"2022-10-07T07:08:06","date_gmt":"2022-10-07T07:08:06","guid":{"rendered":"https:\/\/cultivers.es\/abonos\/graines-de-basilic-rouge-bio\/"},"modified":"2025-12-08T10:02:01","modified_gmt":"2025-12-08T10:02:01","slug":"basilic-rouge-rouge-semences-ecologiques","status":"publish","type":"product","link":"https:\/\/cultivers.es\/fr\/abonnements\/basilic-rouge-rouge-semences-ecologiques\/","title":{"rendered":"Graines de basilic rouge"},"content":{"rendered":"","protected":false},"excerpt":{"rendered":"<p>Le <strong>basilic rouge<\/strong> se distingue par ses feuilles d&rsquo;un violet intense et son go\u00fbt l\u00e9g\u00e8rement plus fort et plus \u00e9pic\u00e9 que la vari\u00e9t\u00e9 verte. Cette caract\u00e9ristique en fait un ingr\u00e9dient exceptionnel pour les salades, les plats de p\u00e2tes, les sauces ou les huiles aromatiques, lui conf\u00e9rant une touche distinctive tant au niveau de la saveur que de la couleur. Outre sa valeur culinaire, sa pr\u00e9sence apporte une touche ornementale et \u00e9l\u00e9gante au <strong>jardin<\/strong>, attirant les pollinisateurs et cr\u00e9ant un environnement plus vivant et aromatique.  <\/p>\n<p><strong>Feuilles pourpre fonc\u00e9 :<\/strong> sa teinte sombre et brillante lui conf\u00e8re personnalit\u00e9 et beaut\u00e9, ce qui en fait une herbe qui attire l&rsquo;attention dans la cuisine comme dans le <strong>jardin<\/strong>.<\/p>\n<p><strong>Saveur \u00e9pic\u00e9e et robuste :<\/strong> Une nuance plus forte que le basilic vert, parfaite pour les recettes o\u00f9 une saveur plus profonde et plus prononc\u00e9e est souhait\u00e9e.<\/p>\n<p><strong>Polyvalent en cuisine :<\/strong> id\u00e9al pour les salades fra\u00eeches, les sauces, le pesto de basilic rouge, les marinades ou pour aromatiser les huiles et les vinaigres, ajoutant une touche gourmande \u00e0 vos cr\u00e9ations.<\/p>\n<p><strong>Attractif pour les pollinisateurs :<\/strong> ses fleurs violettes attirent les abeilles et les papillons, contribuant ainsi \u00e0 la biodiversit\u00e9 du <strong>jardin<\/strong> et am\u00e9liorant la sant\u00e9 des autres cultures.<\/p>\n<p><strong>Facile \u00e0 cultiver :<\/strong> s&rsquo;adaptant \u00e0 diff\u00e9rents sols et climats, elle convient aussi bien aux d\u00e9butants qu&rsquo;aux jardiniers exp\u00e9riment\u00e9s. Elle peut \u00eatre cultiv\u00e9e en pot ou directement en pleine terre. <\/p>\n<p><strong>Culture biologique :<\/strong> Nos semences sont 100% biologiques, sans pesticides ni engrais chimiques, ce qui garantit un <strong>jardin<\/strong> durable et respectueux de l&rsquo;environnement.<\/p>\n<p>Appr\u00e9ciez la qualit\u00e9, l&rsquo;ar\u00f4me et la couleur du <strong>basilic rouge biologique<\/strong>, qui apporte \u00e0 votre <strong>jardin<\/strong> et \u00e0 votre table une herbe polyvalente, nutritive et pleine de caract\u00e8re.<\/p>\n","protected":false},"featured_media":15849,"comment_status":"open","ping_status":"closed","template":"","meta":{"_acf_changed":false},"product_brand":[],"product_cat":[424,747],"product_tag":[1579],"woo-feed-brand":[],"class_list":{"0":"post-19844","1":"product","2":"type-product","3":"status-publish","4":"has-post-thumbnail","6":"product_cat-semences-biologiques","7":"product_cat-graines-aromatiques-biologiques","8":"product_tag-eco","10":"first","11":"instock","12":"sale","13":"taxable","14":"shipping-taxable","15":"purchasable","16":"product-type-simple"},"acf":[],"_links":{"self":[{"href":"https:\/\/cultivers.es\/fr\/wp-json\/wp\/v2\/product\/19844","targetHints":{"allow":["GET"]}}],"collection":[{"href":"https:\/\/cultivers.es\/fr\/wp-json\/wp\/v2\/product"}],"about":[{"href":"https:\/\/cultivers.es\/fr\/wp-json\/wp\/v2\/types\/product"}],"replies":[{"embeddable":true,"href":"https:\/\/cultivers.es\/fr\/wp-json\/wp\/v2\/comments?post=19844"}],"wp:featuredmedia":[{"embeddable":true,"href":"https:\/\/cultivers.es\/fr\/wp-json\/wp\/v2\/media\/15849"}],"wp:attachment":[{"href":"https:\/\/cultivers.es\/fr\/wp-json\/wp\/v2\/media?parent=19844"}],"wp:term":[{"taxonomy":"product_brand","embeddable":true,"href":"https:\/\/cultivers.es\/fr\/wp-json\/wp\/v2\/product_brand?post=19844"},{"taxonomy":"product_cat","embeddable":true,"href":"https:\/\/cultivers.es\/fr\/wp-json\/wp\/v2\/product_cat?post=19844"},{"taxonomy":"product_tag","embeddable":true,"href":"https:\/\/cultivers.es\/fr\/wp-json\/wp\/v2\/product_tag?post=19844"},{"taxonomy":"woo-feed-brand","embeddable":true,"href":"https:\/\/cultivers.es\/fr\/wp-json\/wp\/v2\/woo-feed-brand?post=19844"}],"curies":[{"name":"wp","href":"https:\/\/api.w.org\/{rel}","templated":true}]}}