{"id":19856,"date":"2022-10-07T07:08:06","date_gmt":"2022-10-07T07:08:06","guid":{"rendered":"https:\/\/cultivers.es\/abonos\/graines-de-haricots-verts-capitano-ecological\/"},"modified":"2025-09-22T05:10:19","modified_gmt":"2025-09-22T05:10:19","slug":"haricot-vert-vert-capitano-ecologique-semences","status":"publish","type":"product","link":"https:\/\/cultivers.es\/fr\/abonnements\/haricot-vert-vert-capitano-ecologique-semences\/","title":{"rendered":"Graines de haricots verts Capitano"},"content":{"rendered":"","protected":false},"excerpt":{"rendered":"<p>Le <strong>haricot vert Capitano<\/strong> est une vari\u00e9t\u00e9 de haricot jaune ou \u00ab\u00a0beurre\u00a0\u00bb, id\u00e9ale pour ceux qui recherchent un l\u00e9gume tendre et savoureux. Ses gousses plates, d&rsquo;une belle couleur jaune d&rsquo;or, sont parfaites pour \u00eatre consomm\u00e9es fra\u00eeches, cuites \u00e0 la vapeur, en rago\u00fbt ou m\u00eame saut\u00e9es. C&rsquo;est une plante tr\u00e8s productive et rustique, adapt\u00e9e \u00e0 une grande vari\u00e9t\u00e9 de climats, ce qui en fait un excellent choix pour tout potager biologique.  <\/p>\n<p><strong>Tendres gousses plates :<\/strong> produit de longues gousses plates \u00e0 la texture douce et \u00e0 la saveur d\u00e9licate, id\u00e9ales pour une grande vari\u00e9t\u00e9 de recettes.<\/p>\n<p><strong>Go\u00fbt doux et sucr\u00e9 :<\/strong> son go\u00fbt l\u00e9ger et l\u00e9g\u00e8rement sucr\u00e9 le rend parfait pour les salades, les rago\u00fbts ou comme garniture dans les plats sains.<\/p>\n<p><strong>Productivit\u00e9 \u00e9lev\u00e9e :<\/strong> Cette vari\u00e9t\u00e9 garantit des r\u00e9coltes abondantes, offrant des gousses de haute qualit\u00e9 tout au long de la saison.<\/p>\n<p><strong>Riche en nutriments :<\/strong> Les haricots verts sont une source importante de fibres, de vitamines A et C, ainsi que de min\u00e9raux tels que le fer et le potassium, ce qui est id\u00e9al pour une alimentation \u00e9quilibr\u00e9e.<\/p>\n<p><strong>Facile \u00e0 cultiver :<\/strong> rustique et n\u00e9cessitant peu d&rsquo;entretien, cette plante s&rsquo;adapte bien \u00e0 diff\u00e9rents types de sols et de climats, ce qui la rend appropri\u00e9e pour les d\u00e9butants comme pour les jardiniers exp\u00e9riment\u00e9s.<\/p>\n<p><strong>Culture biologique :<\/strong> Nos semences sont 100 % biologiques, sans pesticides ni engrais chimiques, ce qui garantit une culture saine et respectueuse de l&rsquo;environnement pour votre famille.<\/p>\n<p>Appr\u00e9ciez la fra\u00eecheur, la couleur et la saveur du <strong>haricot vert Capitano biologique<\/strong> directement dans votre jardin. Cultivez cette vari\u00e9t\u00e9 polyvalente et nutritive et remplissez votre table de qualit\u00e9 et de durabilit\u00e9 - commandez aujourd&rsquo;hui et commencez \u00e0 r\u00e9colter !  <\/p>\n","protected":false},"featured_media":15359,"comment_status":"open","ping_status":"closed","template":"","meta":{"_acf_changed":false},"product_brand":[],"product_cat":[761,424],"product_tag":[],"class_list":{"0":"post-19856","1":"product","2":"type-product","3":"status-publish","4":"has-post-thumbnail","6":"product_cat-graines-de-legumineuses-biologiques","7":"product_cat-semences-biologiques","9":"first","10":"outofstock","11":"taxable","12":"shipping-taxable","13":"purchasable","14":"product-type-simple"},"acf":[],"_links":{"self":[{"href":"https:\/\/cultivers.es\/fr\/wp-json\/wp\/v2\/product\/19856","targetHints":{"allow":["GET"]}}],"collection":[{"href":"https:\/\/cultivers.es\/fr\/wp-json\/wp\/v2\/product"}],"about":[{"href":"https:\/\/cultivers.es\/fr\/wp-json\/wp\/v2\/types\/product"}],"replies":[{"embeddable":true,"href":"https:\/\/cultivers.es\/fr\/wp-json\/wp\/v2\/comments?post=19856"}],"wp:featuredmedia":[{"embeddable":true,"href":"https:\/\/cultivers.es\/fr\/wp-json\/wp\/v2\/media\/15359"}],"wp:attachment":[{"href":"https:\/\/cultivers.es\/fr\/wp-json\/wp\/v2\/media?parent=19856"}],"wp:term":[{"taxonomy":"product_brand","embeddable":true,"href":"https:\/\/cultivers.es\/fr\/wp-json\/wp\/v2\/product_brand?post=19856"},{"taxonomy":"product_cat","embeddable":true,"href":"https:\/\/cultivers.es\/fr\/wp-json\/wp\/v2\/product_cat?post=19856"},{"taxonomy":"product_tag","embeddable":true,"href":"https:\/\/cultivers.es\/fr\/wp-json\/wp\/v2\/product_tag?post=19856"}],"curies":[{"name":"wp","href":"https:\/\/api.w.org\/{rel}","templated":true}]}}