{"id":19862,"date":"2022-10-07T07:08:06","date_gmt":"2022-10-07T07:08:06","guid":{"rendered":"https:\/\/cultivers.es\/abonos\/graines-de-haricot-eleonora-bio\/"},"modified":"2025-09-22T05:10:19","modified_gmt":"2025-09-22T05:10:19","slug":"haricots-eleonore-semences-ecologiques","status":"publish","type":"product","link":"https:\/\/cultivers.es\/fr\/abonnements\/haricots-eleonore-semences-ecologiques\/","title":{"rendered":"Eleonora Semences de haricots"},"content":{"rendered":"","protected":false},"excerpt":{"rendered":"<p>Le <strong>haricot Eleonora<\/strong> est une vari\u00e9t\u00e9 polyvalente et rustique, connue pour son rendement \u00e9lev\u00e9 et sa saveur douce. Il produit des gousses pleines de gros haricots tendres, id\u00e9ales pour \u00eatre consomm\u00e9es fra\u00eeches ou cuisin\u00e9es dans une grande vari\u00e9t\u00e9 de recettes, des rago\u00fbts aux salades. Sa facilit\u00e9 de culture et sa capacit\u00e9 \u00e0 s&rsquo;adapter \u00e0 diff\u00e9rents climats en font un incontournable des jardins biologiques.  <\/p>\n<p>Des <strong>gousses pleines et savoureuses :<\/strong> Le haricot Eleonora offre de grandes gousses aux grains tendres et juteux, parfaits pour toutes sortes de pr\u00e9parations culinaires.<\/p>\n<p><strong>Saveur douce et d\u00e9licieuse :<\/strong> avec un profil de saveur d\u00e9licat et agr\u00e9able, ces haricots sont id\u00e9aux pour les recettes traditionnelles ou modernes.<\/p>\n<p><strong>Productivit\u00e9 et r\u00e9sistance \u00e9lev\u00e9es :<\/strong> Cette vari\u00e9t\u00e9 garantit des r\u00e9coltes abondantes, car elle est tr\u00e8s r\u00e9sistante aux climats froids et aux changements de temp\u00e9rature.<\/p>\n<p><strong>Riche en nutriments :<\/strong> Les f\u00e8ves sont une excellente source de prot\u00e9ines v\u00e9g\u00e9tales, de fibres, de vitamines B et C et de min\u00e9raux tels que le fer et le magn\u00e9sium, ce qui les rend parfaites pour une alimentation \u00e9quilibr\u00e9e.<\/p>\n<p><strong>Facile \u00e0 cultiver :<\/strong> S&rsquo;adaptant \u00e0 diff\u00e9rents types de sol et de conditions climatiques, c&rsquo;est un excellent choix pour les d\u00e9butants comme pour les jardiniers exp\u00e9riment\u00e9s.<\/p>\n<p><strong>Culture biologique :<\/strong> Nos semences sont 100 % biologiques, sans pesticides ni engrais chimiques, ce qui garantit une culture durable et respectueuse de l&rsquo;environnement.<\/p>\n<p>Appr\u00e9ciez la qualit\u00e9 et le go\u00fbt authentique de la <strong>f\u00e8ve Eleonora biologique<\/strong> dans votre jardin. Cultivez cette vari\u00e9t\u00e9 rustique et nutritive pour obtenir des r\u00e9coltes saines et d\u00e9licieuses - commandez d\u00e8s aujourd&rsquo;hui et commencez \u00e0 appr\u00e9cier les f\u00e8ves fra\u00eeches et naturelles directement dans votre jardin !  <\/p>\n","protected":false},"featured_media":15339,"comment_status":"open","ping_status":"closed","template":"","meta":{"_acf_changed":false},"product_brand":[],"product_cat":[761,424],"product_tag":[],"class_list":{"0":"post-19862","1":"product","2":"type-product","3":"status-publish","4":"has-post-thumbnail","6":"product_cat-graines-de-legumineuses-biologiques","7":"product_cat-semences-biologiques","9":"first","10":"outofstock","11":"taxable","12":"shipping-taxable","13":"purchasable","14":"product-type-simple"},"acf":[],"_links":{"self":[{"href":"https:\/\/cultivers.es\/fr\/wp-json\/wp\/v2\/product\/19862","targetHints":{"allow":["GET"]}}],"collection":[{"href":"https:\/\/cultivers.es\/fr\/wp-json\/wp\/v2\/product"}],"about":[{"href":"https:\/\/cultivers.es\/fr\/wp-json\/wp\/v2\/types\/product"}],"replies":[{"embeddable":true,"href":"https:\/\/cultivers.es\/fr\/wp-json\/wp\/v2\/comments?post=19862"}],"wp:featuredmedia":[{"embeddable":true,"href":"https:\/\/cultivers.es\/fr\/wp-json\/wp\/v2\/media\/15339"}],"wp:attachment":[{"href":"https:\/\/cultivers.es\/fr\/wp-json\/wp\/v2\/media?parent=19862"}],"wp:term":[{"taxonomy":"product_brand","embeddable":true,"href":"https:\/\/cultivers.es\/fr\/wp-json\/wp\/v2\/product_brand?post=19862"},{"taxonomy":"product_cat","embeddable":true,"href":"https:\/\/cultivers.es\/fr\/wp-json\/wp\/v2\/product_cat?post=19862"},{"taxonomy":"product_tag","embeddable":true,"href":"https:\/\/cultivers.es\/fr\/wp-json\/wp\/v2\/product_tag?post=19862"}],"curies":[{"name":"wp","href":"https:\/\/api.w.org\/{rel}","templated":true}]}}