{"id":19878,"date":"2022-10-07T07:08:06","date_gmt":"2022-10-07T07:08:06","guid":{"rendered":"https:\/\/cultivers.es\/abonos\/aubergine-blanche-aubergine-bio-semences\/"},"modified":"2025-11-22T11:45:47","modified_gmt":"2025-11-22T11:45:47","slug":"oeuf-blanc-oeuf-oeuf-ecologique-oeuf-ecologique-semences","status":"publish","type":"product","link":"https:\/\/cultivers.es\/fr\/abonnements\/oeuf-blanc-oeuf-oeuf-ecologique-oeuf-ecologique-semences\/","title":{"rendered":"Aubergine blanche Semences d&rsquo;aubergine Biodynamique Demeter"},"content":{"rendered":"","protected":false},"excerpt":{"rendered":"<p>L&rsquo;<strong>aubergine blanche<\/strong> est une vari\u00e9t\u00e9 exceptionnelle en raison de sa couleur blanche pure, de sa forme ovale et de son go\u00fbt doux et d\u00e9licat. Cette aubergine se distingue par sa texture ferme et cr\u00e9meuse, id\u00e9ale pour une grande vari\u00e9t\u00e9 de pr\u00e9parations culinaires, des rago\u00fbts aux r\u00f4tis en passant par les cr\u00e8mes et les sauces. Certifi\u00e9e Demeter, elle est cultiv\u00e9e selon les principes de l&rsquo;agriculture biodynamique, ce qui garantit un produit biologique, durable et respectueux de l&rsquo;environnement.  <\/p>\n<p><strong>Couleur blanche et forme ovale :<\/strong> Ses fruits ont une couleur blanche uniforme et une forme ovale qui leur donne un aspect \u00e9l\u00e9gant et attrayant dans la cuisine.<\/p>\n<p><strong>Saveur douce et d\u00e9licate :<\/strong> sa chair ferme et cr\u00e9meuse offre une saveur douce qui s&rsquo;int\u00e8gre parfaitement \u00e0 tous les types de plats, des recettes traditionnelles aux options plus cr\u00e9atives.<\/p>\n<p><strong>Productivit\u00e9 \u00e9lev\u00e9e :<\/strong> Cette vari\u00e9t\u00e9 est productive et r\u00e9sistante, elle s&rsquo;adapte bien aux diff\u00e9rentes conditions climatiques et aux diff\u00e9rents sols, ce qui garantit des r\u00e9coltes abondantes et de qualit\u00e9.<\/p>\n<p><strong>Riche en nutriments :<\/strong> L&rsquo;aubergine est une excellente source de fibres, d&rsquo;antioxydants, de vitamines et de min\u00e9raux, contribuant \u00e0 une alimentation saine et \u00e9quilibr\u00e9e.<\/p>\n<p><strong>Facile \u00e0 cultiver :<\/strong> Id\u00e9ale pour les jardiniers d\u00e9butants et exp\u00e9riment\u00e9s, cette plante s&rsquo;adapte bien aux potagers et aux pots, ce qui en fait un choix polyvalent pour n&rsquo;importe quel espace de culture.<\/p>\n<p><strong>Certification Demeter :<\/strong> Ces semences sont issues de cultures biodynamiques, qui favorisent la fertilit\u00e9 des sols, la biodiversit\u00e9 et l&rsquo;\u00e9quilibre naturel de l&rsquo;\u00e9cosyst\u00e8me, garantissant ainsi la meilleure qualit\u00e9 du produit.<\/p>\n<p>Appr\u00e9ciez la saveur, l&rsquo;\u00e9l\u00e9gance et la polyvalence de l&rsquo;<strong>aubergine blanche biologique Demeter<\/strong> dans votre jardin et votre cuisine. Ajoutez une touche distinctive \u00e0 vos recettes avec cette vari\u00e9t\u00e9 unique et nutritive - commandez aujourd&rsquo;hui et d\u00e9couvrez la diff\u00e9rence \u00e0 votre table !  <\/p>\n","protected":false},"featured_media":15549,"comment_status":"open","ping_status":"closed","template":"","meta":{"_acf_changed":false},"product_brand":[],"product_cat":[1303,424],"product_tag":[1385],"class_list":{"0":"post-19878","1":"product","2":"type-product","3":"status-publish","4":"has-post-thumbnail","6":"product_cat-graines-de-demeter","7":"product_cat-semences-biologiques","8":"product_tag-demeter-fr","10":"first","11":"instock","12":"sale","13":"taxable","14":"shipping-taxable","15":"purchasable","16":"product-type-simple"},"acf":[],"_links":{"self":[{"href":"https:\/\/cultivers.es\/fr\/wp-json\/wp\/v2\/product\/19878","targetHints":{"allow":["GET"]}}],"collection":[{"href":"https:\/\/cultivers.es\/fr\/wp-json\/wp\/v2\/product"}],"about":[{"href":"https:\/\/cultivers.es\/fr\/wp-json\/wp\/v2\/types\/product"}],"replies":[{"embeddable":true,"href":"https:\/\/cultivers.es\/fr\/wp-json\/wp\/v2\/comments?post=19878"}],"wp:featuredmedia":[{"embeddable":true,"href":"https:\/\/cultivers.es\/fr\/wp-json\/wp\/v2\/media\/15549"}],"wp:attachment":[{"href":"https:\/\/cultivers.es\/fr\/wp-json\/wp\/v2\/media?parent=19878"}],"wp:term":[{"taxonomy":"product_brand","embeddable":true,"href":"https:\/\/cultivers.es\/fr\/wp-json\/wp\/v2\/product_brand?post=19878"},{"taxonomy":"product_cat","embeddable":true,"href":"https:\/\/cultivers.es\/fr\/wp-json\/wp\/v2\/product_cat?post=19878"},{"taxonomy":"product_tag","embeddable":true,"href":"https:\/\/cultivers.es\/fr\/wp-json\/wp\/v2\/product_tag?post=19878"}],"curies":[{"name":"wp","href":"https:\/\/api.w.org\/{rel}","templated":true}]}}