{"id":19879,"date":"2022-10-07T07:08:06","date_gmt":"2022-10-07T07:08:06","guid":{"rendered":"https:\/\/cultivers.es\/abonos\/aubergine-biologique-black-beauty-seeds\/"},"modified":"2025-09-22T05:11:20","modified_gmt":"2025-09-22T05:11:20","slug":"black-beauty-black-beauty-ecological-eggplant-seeds-graines-dovules-ecologiques","status":"publish","type":"product","link":"https:\/\/cultivers.es\/fr\/abonnements\/black-beauty-black-beauty-ecological-eggplant-seeds-graines-dovules-ecologiques\/","title":{"rendered":"Aubergine Black Beauty Biodynamic Demeter Seeds"},"content":{"rendered":"","protected":false},"excerpt":{"rendered":"<p>L&rsquo;<strong>aubergine Black Beauty<\/strong> est une vari\u00e9t\u00e9 classique tr\u00e8s appr\u00e9ci\u00e9e pour ses gros fruits ovales d&rsquo;un violet profond. Avec une saveur douce et une texture ferme, elle est id\u00e9ale pour les r\u00f4tis, les rago\u00fbts, les sauces ou les cr\u00e8mes, ce qui en fait un choix polyvalent et d\u00e9licieux dans la cuisine. Elle est \u00e9galement facile \u00e0 cultiver et offre des r\u00e9coltes g\u00e9n\u00e9reuses, parfaites pour les jardins urbains et traditionnels.  <\/p>\n<p><strong>Fruits gros et \u00e9l\u00e9gants :<\/strong> Produit des aubergines de taille g\u00e9n\u00e9reuse, \u00e0 la peau violette brillante, id\u00e9ales pour \u00eatre mises en valeur dans n&rsquo;importe quelle recette.<\/p>\n<p><strong>Saveur douce et polyvalente :<\/strong> sa chair charnue absorbe les saveurs des ingr\u00e9dients, rehaussant ainsi les plats traditionnels et modernes.<\/p>\n<p><strong>Productivit\u00e9 \u00e9lev\u00e9e :<\/strong> Cette vari\u00e9t\u00e9 garantit des r\u00e9coltes abondantes, m\u00eame avec un minimum de soins, et s&rsquo;adapte bien \u00e0 diff\u00e9rents types de sols et de climats.<\/p>\n<p><strong>Riche en nutriments :<\/strong> Source de fibres, d&rsquo;antioxydants, de vitamines B et de min\u00e9raux, il contribue \u00e0 une alimentation \u00e9quilibr\u00e9e et saine.<\/p>\n<p><strong>Facile \u00e0 cultiver :<\/strong> Convient aux d\u00e9butants et aux experts, s&rsquo;adapte facilement aux petits jardins, aux pots ou \u00e0 la culture en terrain sec.<\/p>\n<p><strong>Culture biologique :<\/strong> Nos semences sont 100 % biologiques, sans pesticides ni produits chimiques, ce qui garantit un environnement durable et sain.<\/p>\n<p>Appr\u00e9ciez la qualit\u00e9, la saveur et la valeur nutritionnelle de l&rsquo;<strong>aubergine Black Beauty biologique<\/strong> directement dans votre jardin. Un choix parfait pour enrichir votre table avec de la fra\u00eecheur, de la couleur et de l&rsquo;authenticit\u00e9. Commandez aujourd&rsquo;hui et commencez \u00e0 profiter de cette vari\u00e9t\u00e9 exquise !  <\/p>\n","protected":false},"featured_media":15544,"comment_status":"open","ping_status":"closed","template":"","meta":{"_acf_changed":false},"product_brand":[],"product_cat":[1303,424,430],"product_tag":[1385],"class_list":{"0":"post-19879","1":"product","2":"type-product","3":"status-publish","4":"has-post-thumbnail","6":"product_cat-graines-de-demeter","7":"product_cat-semences-biologiques","8":"product_cat-semences-de-fruits-et-legumes-biologiques","9":"product_tag-demeter-fr","11":"first","12":"instock","13":"taxable","14":"shipping-taxable","15":"purchasable","16":"product-type-variable"},"acf":[],"_links":{"self":[{"href":"https:\/\/cultivers.es\/fr\/wp-json\/wp\/v2\/product\/19879","targetHints":{"allow":["GET"]}}],"collection":[{"href":"https:\/\/cultivers.es\/fr\/wp-json\/wp\/v2\/product"}],"about":[{"href":"https:\/\/cultivers.es\/fr\/wp-json\/wp\/v2\/types\/product"}],"replies":[{"embeddable":true,"href":"https:\/\/cultivers.es\/fr\/wp-json\/wp\/v2\/comments?post=19879"}],"wp:featuredmedia":[{"embeddable":true,"href":"https:\/\/cultivers.es\/fr\/wp-json\/wp\/v2\/media\/15544"}],"wp:attachment":[{"href":"https:\/\/cultivers.es\/fr\/wp-json\/wp\/v2\/media?parent=19879"}],"wp:term":[{"taxonomy":"product_brand","embeddable":true,"href":"https:\/\/cultivers.es\/fr\/wp-json\/wp\/v2\/product_brand?post=19879"},{"taxonomy":"product_cat","embeddable":true,"href":"https:\/\/cultivers.es\/fr\/wp-json\/wp\/v2\/product_cat?post=19879"},{"taxonomy":"product_tag","embeddable":true,"href":"https:\/\/cultivers.es\/fr\/wp-json\/wp\/v2\/product_tag?post=19879"}],"curies":[{"name":"wp","href":"https:\/\/api.w.org\/{rel}","templated":true}]}}