{"id":19912,"date":"2022-10-07T07:08:06","date_gmt":"2022-10-07T07:08:06","guid":{"rendered":"https:\/\/cultivers.es\/abonos\/aubergine-violetta-lunga-bio-semences\/"},"modified":"2025-09-22T05:11:25","modified_gmt":"2025-09-22T05:11:25","slug":"graines-de-legumes-bio-violetta-lunga","status":"publish","type":"product","link":"https:\/\/cultivers.es\/fr\/abonnements\/graines-de-legumes-bio-violetta-lunga\/","title":{"rendered":"Aubergine Violetta Lunga Semences biodynamiques Demeter"},"content":{"rendered":"","protected":false},"excerpt":{"rendered":"<p>L&rsquo;<strong>aubergine Violetta Lunga<\/strong> est une vari\u00e9t\u00e9 italienne traditionnelle connue pour ses fruits allong\u00e9s, \u00e0 la peau fine et d&rsquo;un violet profond. Elle se distingue par son go\u00fbt doux et l\u00e9g\u00e8rement sucr\u00e9, avec une texture ferme et juteuse qui en fait un choix polyvalent dans la cuisine. Parfaite pour r\u00f4tir, sauter, farcir ou pr\u00e9parer des sauces, cette aubergine est id\u00e9ale pour ceux qui recherchent un go\u00fbt authentique et un l\u00e9gume facile \u00e0 cultiver.  <\/p>\n<p><strong>Fruits allong\u00e9s et minces :<\/strong> Produit des aubergines allong\u00e9es \u00e0 la peau fine et \u00e0 la couleur violette profonde, parfaites pour des pr\u00e9sentations \u00e9l\u00e9gantes sur l&rsquo;assiette.<\/p>\n<p><strong>Saveur douce et sucr\u00e9e :<\/strong> sa saveur d\u00e9licate et sa chair ferme et juteuse la rendent id\u00e9ale pour toutes sortes de pr\u00e9parations, qu&rsquo;il s&rsquo;agisse de recettes traditionnelles ou de plats plus cr\u00e9atifs.<\/p>\n<p><strong>Productivit\u00e9 \u00e9lev\u00e9e :<\/strong> Cette vari\u00e9t\u00e9 offre des r\u00e9coltes g\u00e9n\u00e9reuses et de qualit\u00e9, garantissant des fruits continus tout au long de la saison de croissance.<\/p>\n<p><strong>Riche en nutriments :<\/strong> L&rsquo;aubergine est une source de fibres, d&rsquo;antioxydants, de vitamines B et de min\u00e9raux essentiels, contribuant \u00e0 une alimentation saine et \u00e9quilibr\u00e9e.<\/p>\n<p><strong>Facile \u00e0 cultiver :<\/strong> rustique et adaptable \u00e0 diff\u00e9rents climats et sols, il convient aussi bien aux d\u00e9butants qu&rsquo;aux jardiniers exp\u00e9riment\u00e9s.<\/p>\n<p><strong>Culture biologique :<\/strong> Nos semences sont 100% biologiques, sans pesticides ni produits chimiques, ce qui garantit un jardin durable et respectueux de l&rsquo;environnement.<\/p>\n<p>Appr\u00e9ciez l&rsquo;\u00e9l\u00e9gance, la saveur et la qualit\u00e9 de l&rsquo;<strong>aubergine biologique Violetta Lunga<\/strong> directement dans votre jardin. Un excellent choix pour enrichir votre table de plats sains, color\u00e9s et savoureux. Commandez d\u00e8s aujourd&rsquo;hui et commencez \u00e0 cultiver cette vari\u00e9t\u00e9 exquise !  <\/p>\n","protected":false},"featured_media":15554,"comment_status":"open","ping_status":"closed","template":"","meta":{"_acf_changed":false},"product_brand":[],"product_cat":[1303,424,430],"product_tag":[1385],"class_list":{"0":"post-19912","1":"product","2":"type-product","3":"status-publish","4":"has-post-thumbnail","6":"product_cat-graines-de-demeter","7":"product_cat-semences-biologiques","8":"product_cat-semences-de-fruits-et-legumes-biologiques","9":"product_tag-demeter-fr","11":"first","12":"instock","13":"taxable","14":"shipping-taxable","15":"purchasable","16":"product-type-variable"},"acf":[],"_links":{"self":[{"href":"https:\/\/cultivers.es\/fr\/wp-json\/wp\/v2\/product\/19912","targetHints":{"allow":["GET"]}}],"collection":[{"href":"https:\/\/cultivers.es\/fr\/wp-json\/wp\/v2\/product"}],"about":[{"href":"https:\/\/cultivers.es\/fr\/wp-json\/wp\/v2\/types\/product"}],"replies":[{"embeddable":true,"href":"https:\/\/cultivers.es\/fr\/wp-json\/wp\/v2\/comments?post=19912"}],"wp:featuredmedia":[{"embeddable":true,"href":"https:\/\/cultivers.es\/fr\/wp-json\/wp\/v2\/media\/15554"}],"wp:attachment":[{"href":"https:\/\/cultivers.es\/fr\/wp-json\/wp\/v2\/media?parent=19912"}],"wp:term":[{"taxonomy":"product_brand","embeddable":true,"href":"https:\/\/cultivers.es\/fr\/wp-json\/wp\/v2\/product_brand?post=19912"},{"taxonomy":"product_cat","embeddable":true,"href":"https:\/\/cultivers.es\/fr\/wp-json\/wp\/v2\/product_cat?post=19912"},{"taxonomy":"product_tag","embeddable":true,"href":"https:\/\/cultivers.es\/fr\/wp-json\/wp\/v2\/product_tag?post=19912"}],"curies":[{"name":"wp","href":"https:\/\/api.w.org\/{rel}","templated":true}]}}