{"id":19921,"date":"2022-10-07T07:08:06","date_gmt":"2022-10-07T07:08:06","guid":{"rendered":"https:\/\/cultivers.es\/abonos\/yellow-submarine-tomato-seeds-organic-yellow-submarine-seeds\/"},"modified":"2025-09-22T05:20:55","modified_gmt":"2025-09-22T05:20:55","slug":"jaune-jaune-jaune-submarine-ecologique-tomato-seeds","status":"publish","type":"product","link":"https:\/\/cultivers.es\/fr\/abonnements\/jaune-jaune-jaune-submarine-ecologique-tomato-seeds\/","title":{"rendered":"Graines de tomate Yellow Submarine Yellow"},"content":{"rendered":"","protected":false},"excerpt":{"rendered":"<p>Remplissez votre jardin de couleur et de saveur avec nos <strong>graines de tomate Yellow Submarine<\/strong>. Cette vari\u00e9t\u00e9 de tomate cerise se distingue par sa forme allong\u00e9e, semblable \u00e0 celle d&rsquo;un sous-marin, et sa couleur jaune vif. Avec une saveur sucr\u00e9e et juteuse, elle est parfaite pour les salades, les ap\u00e9ritifs ou tout simplement pour un en-cas sain. Sa rusticit\u00e9 et sa facilit\u00e9 de culture en font un excellent choix pour tout potager, qu&rsquo;il soit en pleine terre ou en pot.   <\/p>\n<ul>\n<li><strong>Couleur jaune vif :<\/strong> les tomates Yellow Submarine ont une couleur jaune vif qui ajoute une touche d\u00e9corative \u00e0 n&rsquo;importe quel plat et apporte de la vari\u00e9t\u00e9 \u00e0 vos cultures.<\/li>\n<li><strong>Saveur sucr\u00e9e et juteuse :<\/strong> cette vari\u00e9t\u00e9 est connue pour sa douceur naturelle et sa texture onctueuse, ce qui en fait un ingr\u00e9dient id\u00e9al pour les salades fra\u00eeches, les tapas ou la consommation directe de la plante.<\/li>\n<li><strong>Forme allong\u00e9e attrayante :<\/strong> la forme unique, semblable \u00e0 celle d&rsquo;un sous-marin, est non seulement amusante et attrayante, mais aussi pratique pour les pr\u00e9sentations culinaires.<\/li>\n<li><strong>Rustique et productive :<\/strong> La tomate Yellow Submarine est une plante vigoureuse et tr\u00e8s productive, offrant des r\u00e9coltes continues tout au long de la saison.<\/li>\n<li><strong>Facile \u00e0 cultiver :<\/strong> Cette vari\u00e9t\u00e9 s&rsquo;adapte bien \u00e0 diff\u00e9rents climats et conditions et est id\u00e9ale pour les jardiniers d\u00e9butants et exp\u00e9riment\u00e9s. Elle peut \u00eatre cultiv\u00e9e dans le jardin ou en pots sur les balcons et les terrasses. <\/li>\n<li><strong>Culture biologique :<\/strong> Nos semences sont 100% biologiques, sans pesticides ni produits chimiques, ce qui garantit une culture saine et respectueuse de l&rsquo;environnement pour votre famille.<\/li>\n<\/ul>\n<p>Appr\u00e9ciez la douceur et la couleur vibrante de la <strong>tomate Yellow Submarine<\/strong> sur votre table. Cultivez de mani\u00e8re durable et embellissez votre jardin avec cette vari\u00e9t\u00e9 unique et d\u00e9licieuse. Commandez d\u00e8s aujourd&rsquo;hui et remplissez votre jardin de saveur et de fra\u00eecheur !  <\/p>\n<p>&nbsp;<\/p>\n","protected":false},"featured_media":15564,"comment_status":"open","ping_status":"closed","template":"","meta":{"_acf_changed":false},"product_brand":[],"product_cat":[424,430],"product_tag":[1579],"class_list":{"0":"post-19921","1":"product","2":"type-product","3":"status-publish","4":"has-post-thumbnail","6":"product_cat-semences-biologiques","7":"product_cat-semences-de-fruits-et-legumes-biologiques","8":"product_tag-eco","10":"first","11":"instock","12":"taxable","13":"shipping-taxable","14":"purchasable","15":"product-type-simple"},"acf":[],"_links":{"self":[{"href":"https:\/\/cultivers.es\/fr\/wp-json\/wp\/v2\/product\/19921","targetHints":{"allow":["GET"]}}],"collection":[{"href":"https:\/\/cultivers.es\/fr\/wp-json\/wp\/v2\/product"}],"about":[{"href":"https:\/\/cultivers.es\/fr\/wp-json\/wp\/v2\/types\/product"}],"replies":[{"embeddable":true,"href":"https:\/\/cultivers.es\/fr\/wp-json\/wp\/v2\/comments?post=19921"}],"wp:featuredmedia":[{"embeddable":true,"href":"https:\/\/cultivers.es\/fr\/wp-json\/wp\/v2\/media\/15564"}],"wp:attachment":[{"href":"https:\/\/cultivers.es\/fr\/wp-json\/wp\/v2\/media?parent=19921"}],"wp:term":[{"taxonomy":"product_brand","embeddable":true,"href":"https:\/\/cultivers.es\/fr\/wp-json\/wp\/v2\/product_brand?post=19921"},{"taxonomy":"product_cat","embeddable":true,"href":"https:\/\/cultivers.es\/fr\/wp-json\/wp\/v2\/product_cat?post=19921"},{"taxonomy":"product_tag","embeddable":true,"href":"https:\/\/cultivers.es\/fr\/wp-json\/wp\/v2\/product_tag?post=19921"}],"curies":[{"name":"wp","href":"https:\/\/api.w.org\/{rel}","templated":true}]}}