{"id":19923,"date":"2022-10-07T07:08:06","date_gmt":"2022-10-07T07:08:06","guid":{"rendered":"https:\/\/cultivers.es\/abonos\/semences-de-tomatilles-violettes-biologiques\/"},"modified":"2025-11-22T11:45:48","modified_gmt":"2025-11-22T11:45:48","slug":"bio-violette-tomatillo-semences-ecologique","status":"publish","type":"product","link":"https:\/\/cultivers.es\/fr\/abonnements\/bio-violette-tomatillo-semences-ecologique\/","title":{"rendered":"Graines de tomatilles pourpres"},"content":{"rendered":"","protected":false},"excerpt":{"rendered":"<p>La <strong>tomatille pourpre<\/strong> est une vari\u00e9t\u00e9 particuli\u00e8re de tomatille, appr\u00e9ci\u00e9e pour ses fruits violets, son go\u00fbt l\u00e9g\u00e8rement sucr\u00e9 et une pointe d&rsquo;acidit\u00e9. Ce petit fruit, envelopp\u00e9 d&rsquo;une fine coque, est un ingr\u00e9dient essentiel dans les sauces, les rago\u00fbts, les soupes, ou m\u00eame pour \u00eatre consomm\u00e9 frais en salade. Sa couleur et sa saveur lui conf\u00e8rent un caract\u00e8re unique, enrichissant une grande vari\u00e9t\u00e9 de pr\u00e9parations culinaires.  <\/p>\n<p><strong>Fruits violets :<\/strong> La tomate pourpre produit de petits fruits ronds, recouverts d&rsquo;une fine coque, qui, une fois m\u00fbrs, acqui\u00e8rent une teinte violette intense, remplissant votre jardin de couleur et d&rsquo;originalit\u00e9.<\/p>\n<p><strong>Saveur aigre-douce :<\/strong> son \u00e9quilibre parfait entre douceur et acidit\u00e9 le rend id\u00e9al pour cr\u00e9er des sauces authentiques, des salades avec une touche exotique ou pour accompagner viandes et poissons avec une saveur unique.<\/p>\n<p><strong>Productivit\u00e9 \u00e9lev\u00e9e :<\/strong> Cette plante est rustique et offre des rendements g\u00e9n\u00e9reux, fournissant des fruits continus tout au long de la saison.<\/p>\n<p><strong>Riche en nutriments :<\/strong> La tomatille fournit des vitamines A et C, des antioxydants et des min\u00e9raux, contribuant ainsi \u00e0 une alimentation vari\u00e9e et saine.<\/p>\n<p><strong>Facile \u00e0 cultiver :<\/strong> il s&rsquo;adapte bien \u00e0 diff\u00e9rents climats et sols, et convient aussi bien aux jardins urbains en pots qu&rsquo;aux cultures plus importantes.<\/p>\n<p><strong>Culture biologique :<\/strong> Nos semences sont 100% biologiques, sans pesticides ni engrais chimiques, garantissant un jardin durable et respectueux de l&rsquo;environnement.<\/p>\n<p>Appr\u00e9ciez la saveur authentique de la <strong>tomatille violette biologique<\/strong> et remplissez votre table de pr\u00e9parations color\u00e9es, fra\u00eeches et originales. Commandez d\u00e8s aujourd&rsquo;hui et profitez de cette vari\u00e9t\u00e9 exotique directement de votre jardin ! <\/p>\n","protected":false},"featured_media":15604,"comment_status":"open","ping_status":"closed","template":"","meta":{"_acf_changed":false},"product_brand":[],"product_cat":[424,430],"product_tag":[1579],"class_list":{"0":"post-19923","1":"product","2":"type-product","3":"status-publish","4":"has-post-thumbnail","6":"product_cat-semences-biologiques","7":"product_cat-semences-de-fruits-et-legumes-biologiques","8":"product_tag-eco","10":"first","11":"instock","12":"sale","13":"taxable","14":"shipping-taxable","15":"purchasable","16":"product-type-simple"},"acf":[],"_links":{"self":[{"href":"https:\/\/cultivers.es\/fr\/wp-json\/wp\/v2\/product\/19923","targetHints":{"allow":["GET"]}}],"collection":[{"href":"https:\/\/cultivers.es\/fr\/wp-json\/wp\/v2\/product"}],"about":[{"href":"https:\/\/cultivers.es\/fr\/wp-json\/wp\/v2\/types\/product"}],"replies":[{"embeddable":true,"href":"https:\/\/cultivers.es\/fr\/wp-json\/wp\/v2\/comments?post=19923"}],"wp:featuredmedia":[{"embeddable":true,"href":"https:\/\/cultivers.es\/fr\/wp-json\/wp\/v2\/media\/15604"}],"wp:attachment":[{"href":"https:\/\/cultivers.es\/fr\/wp-json\/wp\/v2\/media?parent=19923"}],"wp:term":[{"taxonomy":"product_brand","embeddable":true,"href":"https:\/\/cultivers.es\/fr\/wp-json\/wp\/v2\/product_brand?post=19923"},{"taxonomy":"product_cat","embeddable":true,"href":"https:\/\/cultivers.es\/fr\/wp-json\/wp\/v2\/product_cat?post=19923"},{"taxonomy":"product_tag","embeddable":true,"href":"https:\/\/cultivers.es\/fr\/wp-json\/wp\/v2\/product_tag?post=19923"}],"curies":[{"name":"wp","href":"https:\/\/api.w.org\/{rel}","templated":true}]}}