{"id":19924,"date":"2022-10-07T07:08:06","date_gmt":"2022-10-07T07:08:06","guid":{"rendered":"https:\/\/cultivers.es\/abonos\/principe-borghese-semences-de-tomates-bio\/"},"modified":"2025-09-22T05:21:07","modified_gmt":"2025-09-22T05:21:07","slug":"graines-de-tomate-prince-borghese-ecologique","status":"publish","type":"product","link":"https:\/\/cultivers.es\/fr\/abonnements\/graines-de-tomate-prince-borghese-ecologique\/","title":{"rendered":"Semences de tomates biodynamiques Principe Borghese Demeter"},"content":{"rendered":"","protected":false},"excerpt":{"rendered":"<p>La <strong>tomate Principe Borghese<\/strong> est une vari\u00e9t\u00e9 italienne traditionnelle, connue pour ses petits fruits ronds et intens\u00e9ment parfum\u00e9s. Ces tomates sont parfaites pour le s\u00e9chage au soleil, la pr\u00e9paration de sauces concentr\u00e9es, de salades ou pour l&rsquo;ap\u00e9ritif. Leur chair ferme et leur peau r\u00e9sistante les rendent id\u00e9ales pour une conservation prolong\u00e9e. La certification Demeter garantit que ces semences ont \u00e9t\u00e9 obtenues selon les principes de l&rsquo;agriculture biodynamique, assurant une culture durable et respectueuse de l&rsquo;environnement.   <\/p>\n<p>Des <strong>fruits petits et savoureux :<\/strong> Ils produisent des tomates de petite taille \u00e0 la saveur intense et l\u00e9g\u00e8rement sucr\u00e9e, id\u00e9ales \u00e0 d\u00e9guster fra\u00eeches ou s\u00e9ch\u00e9es.<\/p>\n<p><strong>Texture ferme :<\/strong> sa chair dense et sa peau ferme facilitent sa conservation et en font un ingr\u00e9dient polyvalent en cuisine.<\/p>\n<p><strong>Productivit\u00e9 \u00e9lev\u00e9e :<\/strong> Cette vari\u00e9t\u00e9 offre des rendements g\u00e9n\u00e9reux, fournissant une abondance de tomates tout au long de la saison.<\/p>\n<p><strong>Riche en nutriments :<\/strong> Source de vitamines A et C, d&rsquo;antioxydants et de min\u00e9raux, la tomate Principe Borghese contribue \u00e0 une alimentation \u00e9quilibr\u00e9e et saine.<\/p>\n<p><strong>Facile \u00e0 cultiver :<\/strong> S&rsquo;adaptant \u00e0 diff\u00e9rents types de sols et de climats, il convient aussi bien aux d\u00e9butants qu&rsquo;aux jardiniers exp\u00e9riment\u00e9s.<\/p>\n<p><strong>Certification Demeter :<\/strong> Ces semences ont \u00e9t\u00e9 cultiv\u00e9es selon les principes de l&rsquo;agriculture biodynamique, en respectant les cycles naturels du sol et en favorisant la biodiversit\u00e9.<\/p>\n<p><strong>Culture biologique :<\/strong> Nos semences sont 100 % biologiques, sans pesticides ni engrais chimiques, ce qui garantit un jardin durable et sain.<\/p>\n<p>Appr\u00e9ciez la tradition italienne et la qualit\u00e9 exceptionnelle de la <strong>tomate Demeter Organic Principe Borghese<\/strong>. Ajoutez cette tomate polyvalente \u00e0 votre jardin et profitez de sa saveur authentique dans une grande vari\u00e9t\u00e9 de recettes - commandez aujourd&rsquo;hui et d\u00e9couvrez le charme de cette vari\u00e9t\u00e9 classique !  <\/p>\n","protected":false},"featured_media":15589,"comment_status":"open","ping_status":"closed","template":"","meta":{"_acf_changed":false},"product_brand":[],"product_cat":[1303,424],"product_tag":[1385],"class_list":{"0":"post-19924","1":"product","2":"type-product","3":"status-publish","4":"has-post-thumbnail","6":"product_cat-graines-de-demeter","7":"product_cat-semences-biologiques","8":"product_tag-demeter-fr","10":"first","11":"instock","12":"sale","13":"taxable","14":"shipping-taxable","15":"purchasable","16":"product-type-simple"},"acf":[],"_links":{"self":[{"href":"https:\/\/cultivers.es\/fr\/wp-json\/wp\/v2\/product\/19924","targetHints":{"allow":["GET"]}}],"collection":[{"href":"https:\/\/cultivers.es\/fr\/wp-json\/wp\/v2\/product"}],"about":[{"href":"https:\/\/cultivers.es\/fr\/wp-json\/wp\/v2\/types\/product"}],"replies":[{"embeddable":true,"href":"https:\/\/cultivers.es\/fr\/wp-json\/wp\/v2\/comments?post=19924"}],"wp:featuredmedia":[{"embeddable":true,"href":"https:\/\/cultivers.es\/fr\/wp-json\/wp\/v2\/media\/15589"}],"wp:attachment":[{"href":"https:\/\/cultivers.es\/fr\/wp-json\/wp\/v2\/media?parent=19924"}],"wp:term":[{"taxonomy":"product_brand","embeddable":true,"href":"https:\/\/cultivers.es\/fr\/wp-json\/wp\/v2\/product_brand?post=19924"},{"taxonomy":"product_cat","embeddable":true,"href":"https:\/\/cultivers.es\/fr\/wp-json\/wp\/v2\/product_cat?post=19924"},{"taxonomy":"product_tag","embeddable":true,"href":"https:\/\/cultivers.es\/fr\/wp-json\/wp\/v2\/product_tag?post=19924"}],"curies":[{"name":"wp","href":"https:\/\/api.w.org\/{rel}","templated":true}]}}