{"id":19925,"date":"2022-10-07T07:08:06","date_gmt":"2022-10-07T07:08:06","guid":{"rendered":"https:\/\/cultivers.es\/abonos\/semences-de-tomates-ace-55-bio\/"},"modified":"2025-09-22T05:33:24","modified_gmt":"2025-09-22T05:33:24","slug":"graines-tomato-ace-55-ecologique","status":"publish","type":"product","link":"https:\/\/cultivers.es\/fr\/abonnements\/graines-tomato-ace-55-ecologique\/","title":{"rendered":"Semences de tomates Ace 55"},"content":{"rendered":"","protected":false},"excerpt":{"rendered":"<p>La <strong>tomate Ace 55<\/strong> est une vari\u00e9t\u00e9 classique connue pour ses fruits de taille moyenne, \u00e0 la peau \u00e9paisse et \u00e0 la chair ferme, \u00e0 la saveur \u00e9quilibr\u00e9e et l\u00e9g\u00e8rement sucr\u00e9e. Elle est id\u00e9ale pour les salades, les sauces ou la mise en conserve, offrant une polyvalence exceptionnelle en cuisine. Gr\u00e2ce \u00e0 sa r\u00e9sistance et \u00e0 sa productivit\u00e9, cette tomate est parfaite pour les jardiniers qui recherchent des r\u00e9coltes abondantes et de qualit\u00e9.  <\/p>\n<p><strong>Fruits moyens et uniformes :<\/strong> Produit des tomates rondes de taille moyenne, \u00e0 la peau r\u00e9sistante, id\u00e9ales pour de multiples pr\u00e9parations culinaires.<\/p>\n<p><strong>Saveur douce et \u00e9quilibr\u00e9e :<\/strong> sa saveur douce avec une pointe d&rsquo;acidit\u00e9 en fait un choix polyvalent pour toutes sortes de plats, des salades fra\u00eeches aux sauces maison.<\/p>\n<p><strong>Bonne productivit\u00e9 :<\/strong> La tomate Ace 55 se distingue par son rendement \u00e9lev\u00e9, garantissant des r\u00e9coltes g\u00e9n\u00e9reuses tout au long de la saison.<\/p>\n<p><strong>Rustique et polyvalente :<\/strong> cette vari\u00e9t\u00e9 est r\u00e9sistante \u00e0 diverses conditions climatiques et s&rsquo;adapte bien \u00e0 diff\u00e9rents sols, ce qui la rend appropri\u00e9e pour les jardins urbains et les grands jardins.<\/p>\n<p><strong>Riche en nutriments :<\/strong> Source de vitamines A et C, d&rsquo;antioxydants et de min\u00e9raux, cette tomate contribue \u00e0 une alimentation \u00e9quilibr\u00e9e et saine.<\/p>\n<p><strong>Culture biologique :<\/strong> Nos semences sont 100 % biologiques, sans pesticides ni engrais chimiques, ce qui garantit une culture durable et respectueuse de l&rsquo;environnement.<\/p>\n<p>Appr\u00e9ciez la saveur, la polyvalence et la qualit\u00e9 de la <strong>tomate Ace 55 Organic<\/strong> directement dans votre jardin. Ajoutez cette vari\u00e9t\u00e9 \u00e0 votre jardin et profitez de r\u00e9coltes abondantes et d\u00e9licieuses tout au long de la saison. Commandez d\u00e8s aujourd&rsquo;hui et commencez \u00e0 profiter de ce classique du jardin !  <\/p>\n","protected":false},"featured_media":15559,"comment_status":"open","ping_status":"closed","template":"","meta":{"_acf_changed":false},"product_brand":[],"product_cat":[424,430],"product_tag":[1579],"class_list":{"0":"post-19925","1":"product","2":"type-product","3":"status-publish","4":"has-post-thumbnail","6":"product_cat-semences-biologiques","7":"product_cat-semences-de-fruits-et-legumes-biologiques","8":"product_tag-eco","10":"first","11":"instock","12":"taxable","13":"shipping-taxable","14":"purchasable","15":"product-type-simple"},"acf":[],"_links":{"self":[{"href":"https:\/\/cultivers.es\/fr\/wp-json\/wp\/v2\/product\/19925","targetHints":{"allow":["GET"]}}],"collection":[{"href":"https:\/\/cultivers.es\/fr\/wp-json\/wp\/v2\/product"}],"about":[{"href":"https:\/\/cultivers.es\/fr\/wp-json\/wp\/v2\/types\/product"}],"replies":[{"embeddable":true,"href":"https:\/\/cultivers.es\/fr\/wp-json\/wp\/v2\/comments?post=19925"}],"wp:featuredmedia":[{"embeddable":true,"href":"https:\/\/cultivers.es\/fr\/wp-json\/wp\/v2\/media\/15559"}],"wp:attachment":[{"href":"https:\/\/cultivers.es\/fr\/wp-json\/wp\/v2\/media?parent=19925"}],"wp:term":[{"taxonomy":"product_brand","embeddable":true,"href":"https:\/\/cultivers.es\/fr\/wp-json\/wp\/v2\/product_brand?post=19925"},{"taxonomy":"product_cat","embeddable":true,"href":"https:\/\/cultivers.es\/fr\/wp-json\/wp\/v2\/product_cat?post=19925"},{"taxonomy":"product_tag","embeddable":true,"href":"https:\/\/cultivers.es\/fr\/wp-json\/wp\/v2\/product_tag?post=19925"}],"curies":[{"name":"wp","href":"https:\/\/api.w.org\/{rel}","templated":true}]}}