{"id":19926,"date":"2022-10-07T07:08:06","date_gmt":"2022-10-07T07:08:06","guid":{"rendered":"https:\/\/cultivers.es\/abonos\/semences-de-tomates-bio-a-coeur-de-boeuf\/"},"modified":"2025-09-22T05:24:35","modified_gmt":"2025-09-22T05:24:35","slug":"graines-de-coeur-de-legumes-ecologiques-bio","status":"publish","type":"product","link":"https:\/\/cultivers.es\/fr\/abonnements\/graines-de-coeur-de-legumes-ecologiques-bio\/","title":{"rendered":"Semences de tomates Oxheart"},"content":{"rendered":"","protected":false},"excerpt":{"rendered":"<p>La <strong>tomate c\u0153ur de b\u0153uf<\/strong> est une vari\u00e9t\u00e9 classique, tr\u00e8s appr\u00e9ci\u00e9e pour sa forme distinctive en forme de c\u0153ur et pour la qualit\u00e9 exceptionnelle de sa chair. Sa saveur est douce et \u00e9quilibr\u00e9e, avec une texture charnue id\u00e9ale pour les salades, les sauces ou pour \u00eatre consomm\u00e9e fra\u00eeche. Cette vari\u00e9t\u00e9 est connue pour produire de gros fruits juteux, ce qui en fait un must pour les amateurs de tomates authentiques et savoureuses.  <\/p>\n<p><strong>Gros fruits charnus :<\/strong> produit de grosses tomates \u00e0 la chair ferme et juteuse, parfaites pour de nombreuses pr\u00e9parations culinaires.<\/p>\n<p><strong>Saveur douce et \u00e9quilibr\u00e9e :<\/strong> sa douceur naturelle, associ\u00e9e \u00e0 une l\u00e9g\u00e8re acidit\u00e9, en fait une tomate polyvalente, d\u00e9licieuse aussi bien crue que cuite.<\/p>\n<p><strong>Texture tendre et pulpe ferme :<\/strong> Gr\u00e2ce \u00e0 sa forte proportion de pulpe, cette tomate est id\u00e9ale pour les sauces, les pur\u00e9es, les salades et les sandwichs, offrant une exp\u00e9rience gastronomique exceptionnelle.<\/p>\n<p><strong>Riche en nutriments :<\/strong> Source importante de vitamines A et C et d&rsquo;antioxydants, contribuant \u00e0 une alimentation saine et \u00e9quilibr\u00e9e.<\/p>\n<p><strong>Facile \u00e0 cultiver :<\/strong> s&rsquo;adaptant \u00e0 diff\u00e9rentes conditions climatiques et \u00e0 diff\u00e9rents types de sol, il convient aux d\u00e9butants comme aux jardiniers exp\u00e9riment\u00e9s.<\/p>\n<p><strong>Culture biologique :<\/strong> Nos semences sont 100% biologiques, sans pesticides ni engrais chimiques, garantissant un jardin durable et respectueux de l&rsquo;environnement.<\/p>\n<p>Appr\u00e9ciez la saveur, la texture et la qualit\u00e9 de la <strong>tomate Beefheart biologique<\/strong> directement dans votre jardin. Un choix id\u00e9al pour ceux qui appr\u00e9cient l&rsquo;authenticit\u00e9 et la saveur traditionnelle des tomates. Commandez d\u00e8s aujourd&rsquo;hui et d\u00e9couvrez le charme de cette vari\u00e9t\u00e9 classique !  <\/p>\n","protected":false},"featured_media":15574,"comment_status":"open","ping_status":"closed","template":"","meta":{"_acf_changed":false},"product_brand":[],"product_cat":[424,430],"product_tag":[1579],"class_list":{"0":"post-19926","1":"product","2":"type-product","3":"status-publish","4":"has-post-thumbnail","6":"product_cat-semences-biologiques","7":"product_cat-semences-de-fruits-et-legumes-biologiques","8":"product_tag-eco","10":"first","11":"instock","12":"taxable","13":"shipping-taxable","14":"purchasable","15":"product-type-simple"},"acf":[],"_links":{"self":[{"href":"https:\/\/cultivers.es\/fr\/wp-json\/wp\/v2\/product\/19926","targetHints":{"allow":["GET"]}}],"collection":[{"href":"https:\/\/cultivers.es\/fr\/wp-json\/wp\/v2\/product"}],"about":[{"href":"https:\/\/cultivers.es\/fr\/wp-json\/wp\/v2\/types\/product"}],"replies":[{"embeddable":true,"href":"https:\/\/cultivers.es\/fr\/wp-json\/wp\/v2\/comments?post=19926"}],"wp:featuredmedia":[{"embeddable":true,"href":"https:\/\/cultivers.es\/fr\/wp-json\/wp\/v2\/media\/15574"}],"wp:attachment":[{"href":"https:\/\/cultivers.es\/fr\/wp-json\/wp\/v2\/media?parent=19926"}],"wp:term":[{"taxonomy":"product_brand","embeddable":true,"href":"https:\/\/cultivers.es\/fr\/wp-json\/wp\/v2\/product_brand?post=19926"},{"taxonomy":"product_cat","embeddable":true,"href":"https:\/\/cultivers.es\/fr\/wp-json\/wp\/v2\/product_cat?post=19926"},{"taxonomy":"product_tag","embeddable":true,"href":"https:\/\/cultivers.es\/fr\/wp-json\/wp\/v2\/product_tag?post=19926"}],"curies":[{"name":"wp","href":"https:\/\/api.w.org\/{rel}","templated":true}]}}