{"id":19927,"date":"2022-10-07T07:08:06","date_gmt":"2022-10-07T07:08:06","guid":{"rendered":"https:\/\/cultivers.es\/abonos\/graines-de-tomate-poire-rouge-bio\/"},"modified":"2025-09-22T05:20:56","modified_gmt":"2025-09-22T05:20:56","slug":"graines-tomato-rouge-poirier-ecologique","status":"publish","type":"product","link":"https:\/\/cultivers.es\/fr\/abonnements\/graines-tomato-rouge-poirier-ecologique\/","title":{"rendered":"Semences de tomates Red Pear"},"content":{"rendered":"","protected":false},"excerpt":{"rendered":"<p>Ajoutez une touche d&rsquo;\u00e9l\u00e9gance et de saveur \u00e0 votre jardin avec nos <strong>graines de tomates poires rouges biologiques<\/strong>. Cette vari\u00e9t\u00e9, connue pour sa forme de poire distinctive et sa couleur rouge vibrante, est id\u00e9ale pour les salades, les sauces, les hors-d&rsquo;\u0153uvre et bien plus encore. Avec une saveur douce et l\u00e9g\u00e8rement acidul\u00e9e et une texture ferme et juteuse, la tomate Red Pear est un choix d\u00e9licieux et polyvalent pour n&rsquo;importe quelle cuisine. De plus, sa culture facile et ses rendements \u00e9lev\u00e9s en font un choix parfait pour les jardiniers de tous niveaux.   <\/p>\n<ul>\n<li><strong>Forme unique et couleur vive :<\/strong> la tomate Red Pear se distingue par sa forme de petite poire et sa couleur rouge intense, qui ajoute une touche d\u00e9corative et attrayante \u00e0 vos plats.<\/li>\n<li><strong>Saveur douce et \u00e9quilibr\u00e9e :<\/strong> Cette vari\u00e9t\u00e9 combine une douceur naturelle avec une touche d&rsquo;acidit\u00e9, offrant un profil de saveur parfait pour les salades, les accompagnements, les sauces et les conserves.<\/li>\n<li><strong>Texture ferme et juteuse :<\/strong> Id\u00e9ale pour \u00eatre tranch\u00e9e ou utilis\u00e9e dans des recettes fra\u00eeches ou cuisin\u00e9es, sa texture ferme rend cette tomate facile \u00e0 manipuler et polyvalente dans la cuisine.<\/li>\n<li><strong>Plante productive et rustique :<\/strong> Cette plante est vigoureuse et offre des r\u00e9coltes abondantes tout au long de la saison, garantissant un approvisionnement continu en tomates d\u00e9licieuses.<\/li>\n<li><strong>Facile \u00e0 cultiver :<\/strong> la tomate Red Pear est rustique et adaptable, id\u00e9ale pour les jardiniers novices et exp\u00e9riment\u00e9s. Elle peut \u00eatre cultiv\u00e9e dans des jardins ext\u00e9rieurs ou en pots dans des espaces plus restreints. <\/li>\n<li><strong>Culture biologique :<\/strong> Nos semences sont 100% biologiques, sans pesticides ni produits chimiques, ce qui garantit une culture saine et respectueuse de l&rsquo;environnement pour vous et votre famille.<\/li>\n<\/ul>\n<p>Embellissez votre jardin avec des <strong>tomates bio Red Pear<\/strong> d\u00e9licieuses et attrayantes. Cultivez de mani\u00e8re durable et profitez d&rsquo;une r\u00e9colte abondante et polyvalente pour vos recettes pr\u00e9f\u00e9r\u00e9es - commandez aujourd&rsquo;hui et remplissez votre table de saveur et de fra\u00eecheur directement de votre jardin !  <\/p>\n","protected":false},"featured_media":15594,"comment_status":"open","ping_status":"closed","template":"","meta":{"_acf_changed":false},"product_brand":[],"product_cat":[424,430],"product_tag":[1579],"class_list":{"0":"post-19927","1":"product","2":"type-product","3":"status-publish","4":"has-post-thumbnail","6":"product_cat-semences-biologiques","7":"product_cat-semences-de-fruits-et-legumes-biologiques","8":"product_tag-eco","10":"first","11":"instock","12":"sale","13":"taxable","14":"shipping-taxable","15":"purchasable","16":"product-type-simple"},"acf":[],"_links":{"self":[{"href":"https:\/\/cultivers.es\/fr\/wp-json\/wp\/v2\/product\/19927","targetHints":{"allow":["GET"]}}],"collection":[{"href":"https:\/\/cultivers.es\/fr\/wp-json\/wp\/v2\/product"}],"about":[{"href":"https:\/\/cultivers.es\/fr\/wp-json\/wp\/v2\/types\/product"}],"replies":[{"embeddable":true,"href":"https:\/\/cultivers.es\/fr\/wp-json\/wp\/v2\/comments?post=19927"}],"wp:featuredmedia":[{"embeddable":true,"href":"https:\/\/cultivers.es\/fr\/wp-json\/wp\/v2\/media\/15594"}],"wp:attachment":[{"href":"https:\/\/cultivers.es\/fr\/wp-json\/wp\/v2\/media?parent=19927"}],"wp:term":[{"taxonomy":"product_brand","embeddable":true,"href":"https:\/\/cultivers.es\/fr\/wp-json\/wp\/v2\/product_brand?post=19927"},{"taxonomy":"product_cat","embeddable":true,"href":"https:\/\/cultivers.es\/fr\/wp-json\/wp\/v2\/product_cat?post=19927"},{"taxonomy":"product_tag","embeddable":true,"href":"https:\/\/cultivers.es\/fr\/wp-json\/wp\/v2\/product_tag?post=19927"}],"curies":[{"name":"wp","href":"https:\/\/api.w.org\/{rel}","templated":true}]}}