{"id":19928,"date":"2022-10-07T07:08:06","date_gmt":"2022-10-07T07:08:06","guid":{"rendered":"https:\/\/cultivers.es\/abonos\/graines-de-tomates-galina-bio\/"},"modified":"2025-09-22T05:24:33","modified_gmt":"2025-09-22T05:24:33","slug":"semences-tomato-galina-ecologiques","status":"publish","type":"product","link":"https:\/\/cultivers.es\/fr\/abonnements\/semences-tomato-galina-ecologiques\/","title":{"rendered":"Galina Semences de tomates"},"content":{"rendered":"","protected":false},"excerpt":{"rendered":"<p>La <strong>tomate Galina<\/strong> est une vari\u00e9t\u00e9 de tomate cerise jaune connue pour son go\u00fbt doux et fruit\u00e9 et son rendement \u00e9lev\u00e9. Ses petits fruits ronds et d&rsquo;un jaune \u00e9clatant sont parfaits pour les salades, les ap\u00e9ritifs, les sauces l\u00e9g\u00e8res ou tout simplement pour un en-cas sain. De plus, sa rusticit\u00e9 et sa facilit\u00e9 de culture en font un choix id\u00e9al pour tous les types de jardins, des grands jardins aux petits balcons.  <\/p>\n<p><strong>Petits fruits sucr\u00e9s :<\/strong> produit des tomates cerises jaunes, sucr\u00e9es et juteuses \u00e0 la saveur fra\u00eeche et l\u00e9g\u00e8rement fruit\u00e9e.<\/p>\n<p><strong>Couleur jaune vif :<\/strong> sa teinte jaune vibrante ajoute non seulement une touche de couleur \u00e0 vos plats, mais aussi de la vari\u00e9t\u00e9 \u00e0 vos cultures.<\/p>\n<p><strong>Productivit\u00e9 \u00e9lev\u00e9e :<\/strong> Cette vari\u00e9t\u00e9 offre un rendement g\u00e9n\u00e9reux tout au long de la saison, assurant une r\u00e9colte continue de tomates d\u00e9licieuses.<\/p>\n<p><strong>Riche en nutriments :<\/strong> Source de vitamines A et C, d&rsquo;antioxydants et de min\u00e9raux, la tomate Galina contribue \u00e0 une alimentation \u00e9quilibr\u00e9e et saine.<\/p>\n<p><strong>Facile \u00e0 cultiver :<\/strong> s&rsquo;adaptant \u00e0 diff\u00e9rentes conditions climatiques et \u00e0 diff\u00e9rents types de sol, elle est parfaite pour les jardiniers d\u00e9butants et exp\u00e9riment\u00e9s. Elle peut \u00e9galement \u00eatre cultiv\u00e9e en pots ou en jardini\u00e8res dans les petits espaces. <\/p>\n<p><strong>Culture biologique :<\/strong> Nos semences sont 100% biologiques, sans pesticides ni engrais chimiques, garantissant un jardin durable et respectueux de l&rsquo;environnement.<\/p>\n<p>Appr\u00e9ciez la douceur, la couleur et la fra\u00eecheur de la <strong>tomate biologique Galina<\/strong> directement dans votre jardin. Ajoutez cette vari\u00e9t\u00e9 \u00e0 votre jardin et d\u00e9couvrez le plaisir de r\u00e9colter vos propres tomates cerises jaunes, pleines de saveur et de vitalit\u00e9. Commandez d\u00e8s aujourd&rsquo;hui et commencez \u00e0 profiter de cette option exquise !  <\/p>\n","protected":false},"featured_media":15579,"comment_status":"open","ping_status":"closed","template":"","meta":{"_acf_changed":false},"product_brand":[],"product_cat":[424,430],"product_tag":[1579],"class_list":{"0":"post-19928","1":"product","2":"type-product","3":"status-publish","4":"has-post-thumbnail","6":"product_cat-semences-biologiques","7":"product_cat-semences-de-fruits-et-legumes-biologiques","8":"product_tag-eco","10":"first","11":"instock","12":"sale","13":"taxable","14":"shipping-taxable","15":"purchasable","16":"product-type-simple"},"acf":[],"_links":{"self":[{"href":"https:\/\/cultivers.es\/fr\/wp-json\/wp\/v2\/product\/19928","targetHints":{"allow":["GET"]}}],"collection":[{"href":"https:\/\/cultivers.es\/fr\/wp-json\/wp\/v2\/product"}],"about":[{"href":"https:\/\/cultivers.es\/fr\/wp-json\/wp\/v2\/types\/product"}],"replies":[{"embeddable":true,"href":"https:\/\/cultivers.es\/fr\/wp-json\/wp\/v2\/comments?post=19928"}],"wp:featuredmedia":[{"embeddable":true,"href":"https:\/\/cultivers.es\/fr\/wp-json\/wp\/v2\/media\/15579"}],"wp:attachment":[{"href":"https:\/\/cultivers.es\/fr\/wp-json\/wp\/v2\/media?parent=19928"}],"wp:term":[{"taxonomy":"product_brand","embeddable":true,"href":"https:\/\/cultivers.es\/fr\/wp-json\/wp\/v2\/product_brand?post=19928"},{"taxonomy":"product_cat","embeddable":true,"href":"https:\/\/cultivers.es\/fr\/wp-json\/wp\/v2\/product_cat?post=19928"},{"taxonomy":"product_tag","embeddable":true,"href":"https:\/\/cultivers.es\/fr\/wp-json\/wp\/v2\/product_tag?post=19928"}],"curies":[{"name":"wp","href":"https:\/\/api.w.org\/{rel}","templated":true}]}}