{"id":19969,"date":"2022-10-07T07:08:06","date_gmt":"2022-10-07T07:08:06","guid":{"rendered":"https:\/\/cultivers.es\/abonos\/graines-de-poivre-jaune-quadrato-dasti-rosso-ecological\/"},"modified":"2025-09-22T05:24:58","modified_gmt":"2025-09-22T05:24:58","slug":"graines-poivre-jaune-quadrate-d-asti-rosso-ecologique","status":"publish","type":"product","link":"https:\/\/cultivers.es\/fr\/abonnements\/graines-poivre-jaune-quadrate-d-asti-rosso-ecologique\/","title":{"rendered":"Graines de poivre jaune Quadrato d&rsquo;Asti Biodynamic Demeter"},"content":{"rendered":"","protected":false},"excerpt":{"rendered":"<p>Le <strong>poivron jaune Quadrato d&rsquo;Asti<\/strong> est une vari\u00e9t\u00e9 italienne traditionnelle, appr\u00e9ci\u00e9e pour son fruit de forme carr\u00e9e et sa couleur jaune intense. Il se distingue par son go\u00fbt doux et sucr\u00e9, ainsi que par sa chair \u00e9paisse et croquante, id\u00e9ale pour les salades fra\u00eeches, les r\u00f4tis, les sauces et les conserves. Cette vari\u00e9t\u00e9 est id\u00e9ale pour ceux qui recherchent un poivron polyvalent d&rsquo;une qualit\u00e9 exceptionnelle pour la cuisine.  <\/p>\n<p><strong>Gros fruits de couleur intense :<\/strong> produit des poivrons de taille g\u00e9n\u00e9reuse, avec une teinte jaune vif qui ajoute un attrait visuel \u00e0 tous les plats.<\/p>\n<p><strong>Saveur douce et sucr\u00e9e :<\/strong> sa pulpe charnue et juteuse, d&rsquo;une douceur naturelle et d\u00e9licate, en fait un choix id\u00e9al pour les recettes fra\u00eeches ou cuisin\u00e9es.<\/p>\n<p><strong>Viande \u00e9paisse et croustillante :<\/strong> La texture ferme et croustillante de sa chair offre une exp\u00e9rience gastronomique unique, parfaite pour les farces et les grillades.<\/p>\n<p><strong>Riche en nutriments :<\/strong> Source de vitamines A et C et d&rsquo;antioxydants, ce piment contribue \u00e0 une alimentation \u00e9quilibr\u00e9e et saine.<\/p>\n<p><strong>Facile \u00e0 cultiver :<\/strong> rustique et adaptable \u00e0 diff\u00e9rents climats et sols, il convient aussi bien aux d\u00e9butants qu&rsquo;aux jardiniers exp\u00e9riment\u00e9s.<\/p>\n<p><strong>Certification Demeter :<\/strong> Ces semences sont issues de cultures biodynamiques, respectant les cycles naturels, la sant\u00e9 des sols et la biodiversit\u00e9.<\/p>\n<p><strong>Culture biologique :<\/strong> Nos semences sont 100% biologiques, sans pesticides ni engrais chimiques, garantissant un jardin durable et respectueux de l&rsquo;environnement.<\/p>\n<p>Appr\u00e9ciez le go\u00fbt, la texture et la qualit\u00e9 du <strong>poivre jaune Demeter Organic Quadrato d&rsquo;Asti<\/strong> directement dans votre jardin. Ajoutez cette vari\u00e9t\u00e9 \u00e0 votre jardin et d\u00e9couvrez sa polyvalence dans une large gamme de pr\u00e9parations culinaires - commandez aujourd&rsquo;hui et enrichissez vos cultures avec ce poivre italien traditionnel !  <\/p>\n","protected":false},"featured_media":15534,"comment_status":"open","ping_status":"closed","template":"","meta":{"_acf_changed":false},"product_brand":[],"product_cat":[1303,424,430],"product_tag":[1385],"woo-feed-brand":[],"class_list":{"0":"post-19969","1":"product","2":"type-product","3":"status-publish","4":"has-post-thumbnail","6":"product_cat-graines-de-demeter","7":"product_cat-semences-biologiques","8":"product_cat-semences-de-fruits-et-legumes-biologiques","9":"product_tag-demeter-fr","11":"first","12":"instock","13":"taxable","14":"shipping-taxable","15":"purchasable","16":"product-type-simple"},"acf":[],"_links":{"self":[{"href":"https:\/\/cultivers.es\/fr\/wp-json\/wp\/v2\/product\/19969","targetHints":{"allow":["GET"]}}],"collection":[{"href":"https:\/\/cultivers.es\/fr\/wp-json\/wp\/v2\/product"}],"about":[{"href":"https:\/\/cultivers.es\/fr\/wp-json\/wp\/v2\/types\/product"}],"replies":[{"embeddable":true,"href":"https:\/\/cultivers.es\/fr\/wp-json\/wp\/v2\/comments?post=19969"}],"wp:featuredmedia":[{"embeddable":true,"href":"https:\/\/cultivers.es\/fr\/wp-json\/wp\/v2\/media\/15534"}],"wp:attachment":[{"href":"https:\/\/cultivers.es\/fr\/wp-json\/wp\/v2\/media?parent=19969"}],"wp:term":[{"taxonomy":"product_brand","embeddable":true,"href":"https:\/\/cultivers.es\/fr\/wp-json\/wp\/v2\/product_brand?post=19969"},{"taxonomy":"product_cat","embeddable":true,"href":"https:\/\/cultivers.es\/fr\/wp-json\/wp\/v2\/product_cat?post=19969"},{"taxonomy":"product_tag","embeddable":true,"href":"https:\/\/cultivers.es\/fr\/wp-json\/wp\/v2\/product_tag?post=19969"},{"taxonomy":"woo-feed-brand","embeddable":true,"href":"https:\/\/cultivers.es\/fr\/wp-json\/wp\/v2\/woo-feed-brand?post=19969"}],"curies":[{"name":"wp","href":"https:\/\/api.w.org\/{rel}","templated":true}]}}