{"id":19970,"date":"2022-10-07T07:08:06","date_gmt":"2022-10-07T07:08:06","guid":{"rendered":"https:\/\/cultivers.es\/abonos\/graines-de-poivre-de-padron-bio\/"},"modified":"2025-09-22T05:11:39","modified_gmt":"2025-09-22T05:11:39","slug":"graines-pepper-padron-ecologique","status":"publish","type":"product","link":"https:\/\/cultivers.es\/fr\/abonnements\/graines-pepper-padron-ecologique\/","title":{"rendered":"Graines de poivre de Padr\u00f3n"},"content":{"rendered":"","protected":false},"excerpt":{"rendered":"<p>Le <strong>piment Padr\u00f3n<\/strong> est une vari\u00e9t\u00e9 traditionnelle de Galice, c\u00e9l\u00e8bre pour ses petits fruits verts, dont certains sont piquants et d&rsquo;autres doux. Leur saveur et leur texture font de ces poivrons un choix id\u00e9al pour \u00eatre consomm\u00e9s frits avec une touche de sel, offrant ainsi une entr\u00e9e ou un accompagnement unique et d\u00e9licieux. De plus, leur <strong>culture facile<\/strong> et leur <strong>productivit\u00e9 \u00e9lev\u00e9e<\/strong> en font un excellent choix pour tout jardin biologique.  <\/p>\n<p><strong>Petits et polyvalents :<\/strong> les poivrons sont de petite taille, parfaits pour une friture rapide et pour \u00eatre d\u00e9gust\u00e9s en tant que tapa ou plat d&rsquo;accompagnement.<\/p>\n<p><strong>Go\u00fbt et surprise :<\/strong> avec leur m\u00e9lange impr\u00e9visible de piments doux et de piments forts, ces piments ajoutent de l&rsquo;excitation et de la vari\u00e9t\u00e9 au palais.<\/p>\n<p><strong>Production rapide :<\/strong> offre des r\u00e9coltes continues tout au long de la saison, garantissant un approvisionnement constant en poivrons frais.<\/p>\n<p><strong>Riche en nutriments :<\/strong> Source de vitamines A et C, ainsi que d&rsquo;antioxydants, contribuant \u00e0 une alimentation \u00e9quilibr\u00e9e.<\/p>\n<p><strong>Facile \u00e0 cultiver :<\/strong> rustique et adaptable, cette vari\u00e9t\u00e9 s&rsquo;adapte bien \u00e0 diff\u00e9rents sols et climats, ce qui la rend id\u00e9ale pour les d\u00e9butants et les jardiniers exp\u00e9riment\u00e9s.<\/p>\n<p><strong>Culture biologique :<\/strong> Nos semences sont <strong>100% biologiques<\/strong>, exemptes de pesticides et de produits chimiques, favorisant un jardin durable et respectueux de l&rsquo;environnement.<\/p>\n<p>Appr\u00e9ciez la saveur authentique et l&rsquo;enthousiasme des <strong>poivrons Padr\u00f3n biologiques<\/strong> dans votre propre cuisine. Ajoutez cette vari\u00e9t\u00e9 classique \u00e0 votre jardin et d\u00e9couvrez pourquoi ils sont si populaires dans la cuisine espagnole - commandez aujourd&rsquo;hui et commencez \u00e0 r\u00e9colter !  <\/p>\n","protected":false},"featured_media":15524,"comment_status":"open","ping_status":"closed","template":"","meta":{"_acf_changed":false},"product_brand":[],"product_cat":[424,430],"product_tag":[1579],"class_list":{"0":"post-19970","1":"product","2":"type-product","3":"status-publish","4":"has-post-thumbnail","6":"product_cat-semences-biologiques","7":"product_cat-semences-de-fruits-et-legumes-biologiques","8":"product_tag-eco","10":"first","11":"instock","12":"sale","13":"taxable","14":"shipping-taxable","15":"purchasable","16":"product-type-simple"},"acf":[],"_links":{"self":[{"href":"https:\/\/cultivers.es\/fr\/wp-json\/wp\/v2\/product\/19970","targetHints":{"allow":["GET"]}}],"collection":[{"href":"https:\/\/cultivers.es\/fr\/wp-json\/wp\/v2\/product"}],"about":[{"href":"https:\/\/cultivers.es\/fr\/wp-json\/wp\/v2\/types\/product"}],"replies":[{"embeddable":true,"href":"https:\/\/cultivers.es\/fr\/wp-json\/wp\/v2\/comments?post=19970"}],"wp:featuredmedia":[{"embeddable":true,"href":"https:\/\/cultivers.es\/fr\/wp-json\/wp\/v2\/media\/15524"}],"wp:attachment":[{"href":"https:\/\/cultivers.es\/fr\/wp-json\/wp\/v2\/media?parent=19970"}],"wp:term":[{"taxonomy":"product_brand","embeddable":true,"href":"https:\/\/cultivers.es\/fr\/wp-json\/wp\/v2\/product_brand?post=19970"},{"taxonomy":"product_cat","embeddable":true,"href":"https:\/\/cultivers.es\/fr\/wp-json\/wp\/v2\/product_cat?post=19970"},{"taxonomy":"product_tag","embeddable":true,"href":"https:\/\/cultivers.es\/fr\/wp-json\/wp\/v2\/product_tag?post=19970"}],"curies":[{"name":"wp","href":"https:\/\/api.w.org\/{rel}","templated":true}]}}