{"id":19971,"date":"2022-10-07T07:08:06","date_gmt":"2022-10-07T07:08:06","guid":{"rendered":"https:\/\/cultivers.es\/abonos\/semences-de-tomate-cerise-noire-bio\/"},"modified":"2025-09-22T05:24:38","modified_gmt":"2025-09-22T05:24:38","slug":"graines-de-cerisier-noir-biologiques","status":"publish","type":"product","link":"https:\/\/cultivers.es\/fr\/abonnements\/graines-de-cerisier-noir-biologiques\/","title":{"rendered":"Graines de tomate cerise noire"},"content":{"rendered":"","protected":false},"excerpt":{"rendered":"<p>La <strong>tomate Black Cherry<\/strong> est une vari\u00e9t\u00e9 de tomate cerise r\u00e9put\u00e9e pour sa couleur violet fonc\u00e9 caract\u00e9ristique, sa saveur intense et \u00e9quilibr\u00e9e et sa texture juteuse. Ces petits fruits ronds et brillants sont id\u00e9aux pour les salades, les sauces, les brochettes ou pour \u00eatre consomm\u00e9s directement en tant qu&rsquo;en-cas sain. De plus, sa productivit\u00e9 \u00e9lev\u00e9e et sa r\u00e9sistance en font une vari\u00e9t\u00e9 facile \u00e0 cultiver, m\u00eame dans les petits espaces.  <\/p>\n<p><strong>Fruit fonc\u00e9 et attrayant :<\/strong> produit des tomates cerises d&rsquo;un violet profond, avec une apparence exotique qui attire l&rsquo;attention sur n&rsquo;importe quelle assiette.<\/p>\n<p><strong>Saveur intense et sucr\u00e9e :<\/strong> leur saveur combine le sucr\u00e9 avec une l\u00e9g\u00e8re touche acide, ce qui en fait un choix polyvalent, parfait pour des recettes fra\u00eeches et cr\u00e9atives.<\/p>\n<p><strong>Texture juteuse et lisse :<\/strong> La chair ferme et juteuse offre une exp\u00e9rience culinaire \u00e9quilibr\u00e9e, id\u00e9ale pour \u00eatre consomm\u00e9e seule ou en combinaison avec d&rsquo;autres ingr\u00e9dients.<\/p>\n<p><strong>Riche en nutriments :<\/strong> Source de vitamines A et C, d&rsquo;antioxydants et de min\u00e9raux, contribuant \u00e0 une alimentation saine et \u00e9quilibr\u00e9e.<\/p>\n<p><strong>Productivit\u00e9 \u00e9lev\u00e9e :<\/strong> Cette vari\u00e9t\u00e9 est connue pour sa production g\u00e9n\u00e9reuse de fruits tout au long de la saison, ce qui garantit des r\u00e9coltes abondantes.<\/p>\n<p><strong>Facile \u00e0 cultiver :<\/strong> Adaptable \u00e0 diff\u00e9rents types de sols et de conditions climatiques, elle convient aussi bien aux d\u00e9butants qu&rsquo;aux jardiniers exp\u00e9riment\u00e9s, et est parfaite pour les jardins urbains en pots ou en jardini\u00e8res.<\/p>\n<p><strong>Culture biologique :<\/strong> Nos semences sont 100% biologiques, sans pesticides ni engrais chimiques, garantissant un jardin durable et respectueux de l&rsquo;environnement.<\/p>\n<p>Profitez de la couleur, de la saveur et de la polyvalence des <strong>tomates cerises noires biologiques<\/strong> directement de votre jardin et ajoutez une touche unique \u00e0 vos salades, collations et plats pr\u00e9f\u00e9r\u00e9s. Commandez d\u00e8s aujourd&rsquo;hui et d\u00e9couvrez l&rsquo;intensit\u00e9 de ces d\u00e9licieuses petites tomates ! <\/p>\n","protected":false},"featured_media":15569,"comment_status":"open","ping_status":"closed","template":"","meta":{"_acf_changed":false},"product_brand":[],"product_cat":[424,430],"product_tag":[1579],"class_list":{"0":"post-19971","1":"product","2":"type-product","3":"status-publish","4":"has-post-thumbnail","6":"product_cat-semences-biologiques","7":"product_cat-semences-de-fruits-et-legumes-biologiques","8":"product_tag-eco","10":"first","11":"instock","12":"taxable","13":"shipping-taxable","14":"purchasable","15":"product-type-simple"},"acf":[],"_links":{"self":[{"href":"https:\/\/cultivers.es\/fr\/wp-json\/wp\/v2\/product\/19971","targetHints":{"allow":["GET"]}}],"collection":[{"href":"https:\/\/cultivers.es\/fr\/wp-json\/wp\/v2\/product"}],"about":[{"href":"https:\/\/cultivers.es\/fr\/wp-json\/wp\/v2\/types\/product"}],"replies":[{"embeddable":true,"href":"https:\/\/cultivers.es\/fr\/wp-json\/wp\/v2\/comments?post=19971"}],"wp:featuredmedia":[{"embeddable":true,"href":"https:\/\/cultivers.es\/fr\/wp-json\/wp\/v2\/media\/15569"}],"wp:attachment":[{"href":"https:\/\/cultivers.es\/fr\/wp-json\/wp\/v2\/media?parent=19971"}],"wp:term":[{"taxonomy":"product_brand","embeddable":true,"href":"https:\/\/cultivers.es\/fr\/wp-json\/wp\/v2\/product_brand?post=19971"},{"taxonomy":"product_cat","embeddable":true,"href":"https:\/\/cultivers.es\/fr\/wp-json\/wp\/v2\/product_cat?post=19971"},{"taxonomy":"product_tag","embeddable":true,"href":"https:\/\/cultivers.es\/fr\/wp-json\/wp\/v2\/product_tag?post=19971"}],"curies":[{"name":"wp","href":"https:\/\/api.w.org\/{rel}","templated":true}]}}