{"id":19972,"date":"2022-10-07T07:08:06","date_gmt":"2022-10-07T07:08:06","guid":{"rendered":"https:\/\/cultivers.es\/abonos\/quadrato-dasti-giallo-biologique-graines-de-poivre\/"},"modified":"2025-09-22T05:11:30","modified_gmt":"2025-09-22T05:11:30","slug":"graines-pepper-quadrate-d-asti-giallo-ecological","status":"publish","type":"product","link":"https:\/\/cultivers.es\/fr\/abonnements\/graines-pepper-quadrate-d-asti-giallo-ecological\/","title":{"rendered":"Graines de poivre rouge Quadrato d&rsquo;Asti"},"content":{"rendered":"","protected":false},"excerpt":{"rendered":"<p>Le <strong>poivron rouge Quadrato d&rsquo;Asti<\/strong> est une vari\u00e9t\u00e9 italienne traditionnelle connue pour ses fruits de grande taille, charnus et de forme presque carr\u00e9e. Il se distingue par sa couleur rouge intense et son go\u00fbt <strong>doux<\/strong> et <strong>sucr\u00e9<\/strong>, id\u00e9al pour les salades, les r\u00f4tis, les sauces ou pour \u00eatre d\u00e9gust\u00e9 farci. Sa chair \u00e9paisse et juteuse offre une exp\u00e9rience culinaire in\u00e9gal\u00e9e, tandis que sa <strong>productivit\u00e9<\/strong> et sa <strong>r\u00e9sistance<\/strong> <strong>\u00e9lev\u00e9es<\/strong> en font un choix exceptionnel pour tout verger biologique.  <\/p>\n<p><strong>Gros fruits et chair \u00e9paisse :<\/strong> Produit de gros poivrons, \u00e0 la chair ferme et juteuse, id\u00e9ale pour toutes les pr\u00e9parations culinaires.<\/p>\n<p><strong>Saveur douce et sucr\u00e9e :<\/strong> sa douceur naturelle et sa texture croquante en font un produit id\u00e9al \u00e0 consommer frais ou cuit, rehaussant la saveur de n&rsquo;importe quelle recette.<\/p>\n<p><strong>Couleur rouge intense :<\/strong> lorsqu&rsquo;ils sont m\u00fbrs, ses fruits acqui\u00e8rent une teinte rouge vibrante, ce qui ajoute de la couleur et de l&rsquo;attrait visuel \u00e0 vos plats.<\/p>\n<p><strong>Rustique et productive :<\/strong> cette vari\u00e9t\u00e9 s&rsquo;adapte bien \u00e0 diff\u00e9rents types de sols et de climats, garantissant des r\u00e9coltes abondantes et satisfaisantes.<\/p>\n<p><strong>Riche en nutriments :<\/strong> Source de vitamines A et C, d&rsquo;antioxydants et de min\u00e9raux, contribuant \u00e0 une alimentation \u00e9quilibr\u00e9e et saine.<\/p>\n<p><strong>Culture biologique :<\/strong> Nos semences sont 100 % biologiques, sans pesticides ni produits chimiques, ce qui garantit une culture durable et respectueuse de l&rsquo;environnement.<\/p>\n<p>Appr\u00e9ciez la qualit\u00e9, la saveur et la polyvalence du <strong>poivron rouge biologique Quadrato d&rsquo;Asti<\/strong> directement dans votre jardin. Un excellent choix pour ceux qui recherchent un poivron traditionnel, nutritif et savoureux. Commandez d\u00e8s aujourd&rsquo;hui et ajoutez cette vari\u00e9t\u00e9 classique \u00e0 votre jardin !  <\/p>\n","protected":false},"featured_media":15529,"comment_status":"open","ping_status":"closed","template":"","meta":{"_acf_changed":false},"product_brand":[],"product_cat":[424,430],"product_tag":[1579],"class_list":{"0":"post-19972","1":"product","2":"type-product","3":"status-publish","4":"has-post-thumbnail","6":"product_cat-semences-biologiques","7":"product_cat-semences-de-fruits-et-legumes-biologiques","8":"product_tag-eco","10":"first","11":"instock","12":"sale","13":"taxable","14":"shipping-taxable","15":"purchasable","16":"product-type-simple"},"acf":[],"_links":{"self":[{"href":"https:\/\/cultivers.es\/fr\/wp-json\/wp\/v2\/product\/19972","targetHints":{"allow":["GET"]}}],"collection":[{"href":"https:\/\/cultivers.es\/fr\/wp-json\/wp\/v2\/product"}],"about":[{"href":"https:\/\/cultivers.es\/fr\/wp-json\/wp\/v2\/types\/product"}],"replies":[{"embeddable":true,"href":"https:\/\/cultivers.es\/fr\/wp-json\/wp\/v2\/comments?post=19972"}],"wp:featuredmedia":[{"embeddable":true,"href":"https:\/\/cultivers.es\/fr\/wp-json\/wp\/v2\/media\/15529"}],"wp:attachment":[{"href":"https:\/\/cultivers.es\/fr\/wp-json\/wp\/v2\/media?parent=19972"}],"wp:term":[{"taxonomy":"product_brand","embeddable":true,"href":"https:\/\/cultivers.es\/fr\/wp-json\/wp\/v2\/product_brand?post=19972"},{"taxonomy":"product_cat","embeddable":true,"href":"https:\/\/cultivers.es\/fr\/wp-json\/wp\/v2\/product_cat?post=19972"},{"taxonomy":"product_tag","embeddable":true,"href":"https:\/\/cultivers.es\/fr\/wp-json\/wp\/v2\/product_tag?post=19972"}],"curies":[{"name":"wp","href":"https:\/\/api.w.org\/{rel}","templated":true}]}}