{"id":19973,"date":"2022-10-07T07:08:06","date_gmt":"2022-10-07T07:08:06","guid":{"rendered":"https:\/\/cultivers.es\/abonos\/albaregia-bio-graines-de-poivron-bio\/"},"modified":"2025-10-11T14:22:20","modified_gmt":"2025-10-11T14:22:20","slug":"graines-poivre-albaregia-ecologique","status":"publish","type":"product","link":"https:\/\/cultivers.es\/fr\/abonnements\/graines-poivre-albaregia-ecologique\/","title":{"rendered":"Albaregia Graines de poivrons biodynamiques Demeter"},"content":{"rendered":"","protected":false},"excerpt":{"rendered":"<p>Le <strong>poivron Albaregia<\/strong> est une vari\u00e9t\u00e9 d&rsquo;origine italienne, appr\u00e9ci\u00e9e pour sa grande taille, sa forme conique et sa couleur rouge intense \u00e0 maturit\u00e9. Sa saveur est <strong>douce<\/strong> et <strong>sucr\u00e9e<\/strong>, avec une pulpe <strong>\u00e9paisse<\/strong> et <strong>charnue<\/strong>, parfaite pour les salades, les r\u00f4tis, les sauces ou les conserves. Sa productivit\u00e9 \u00e9lev\u00e9e et sa <strong>r\u00e9sistance<\/strong> \u00e0 diverses conditions en font un choix exceptionnel pour tout verger.  <\/p>\n<p><strong>Gros fruits et chair \u00e9paisse :<\/strong> Les poivrons sont de taille g\u00e9n\u00e9reuse, avec des parois charnues qui conservent leur jutosit\u00e9 et leur texture dans diff\u00e9rentes pr\u00e9parations culinaires.<\/p>\n<p><strong>Saveur douce et d\u00e9licate :<\/strong> La douceur naturelle de cette vari\u00e9t\u00e9 ajoute une touche particuli\u00e8re \u00e0 vos recettes, qu&rsquo;elles soient fra\u00eeches ou cuisin\u00e9es, en rehaussant leur saveur et leur ar\u00f4me.<\/p>\n<p><strong>Couleur intense et attrayante :<\/strong> \u00e0 maturit\u00e9, ses fruits pr\u00e9sentent une couleur rouge vif qui apporte une touche de couleur et de vitalit\u00e9 \u00e0 vos plats et \u00e0 votre verger.<\/p>\n<p><strong>Rustique et productive :<\/strong> la plante s&rsquo;adapte bien \u00e0 diff\u00e9rents climats et sols, offrant des r\u00e9coltes abondantes et continues tout au long de la saison.<\/p>\n<p><strong>Riche en nutriments :<\/strong> Le poivre d&rsquo;Albaregia est une source de vitamines A, C et d&rsquo;antioxydants, contribuant \u00e0 une alimentation \u00e9quilibr\u00e9e et saine.<\/p>\n<p>Ces graines, certifi\u00e9es par Demeter et 100% biologiques, garantissent une culture <strong>durable<\/strong> et <strong>respectueuse de l<\/strong> &lsquo;environnement, sans pesticides ni engrais chimiques. Appr\u00e9ciez la qualit\u00e9, la saveur et la polyvalence de ce piment exceptionnel, directement dans votre jardin. <\/p>\n","protected":false},"featured_media":15514,"comment_status":"open","ping_status":"closed","template":"","meta":{"_acf_changed":false},"product_brand":[],"product_cat":[1303,424,430],"product_tag":[1385],"woo-feed-brand":[],"class_list":{"0":"post-19973","1":"product","2":"type-product","3":"status-publish","4":"has-post-thumbnail","6":"product_cat-graines-de-demeter","7":"product_cat-semences-biologiques","8":"product_cat-semences-de-fruits-et-legumes-biologiques","9":"product_tag-demeter-fr","11":"first","12":"instock","13":"taxable","14":"shipping-taxable","15":"purchasable","16":"product-type-simple"},"acf":[],"_links":{"self":[{"href":"https:\/\/cultivers.es\/fr\/wp-json\/wp\/v2\/product\/19973","targetHints":{"allow":["GET"]}}],"collection":[{"href":"https:\/\/cultivers.es\/fr\/wp-json\/wp\/v2\/product"}],"about":[{"href":"https:\/\/cultivers.es\/fr\/wp-json\/wp\/v2\/types\/product"}],"replies":[{"embeddable":true,"href":"https:\/\/cultivers.es\/fr\/wp-json\/wp\/v2\/comments?post=19973"}],"wp:featuredmedia":[{"embeddable":true,"href":"https:\/\/cultivers.es\/fr\/wp-json\/wp\/v2\/media\/15514"}],"wp:attachment":[{"href":"https:\/\/cultivers.es\/fr\/wp-json\/wp\/v2\/media?parent=19973"}],"wp:term":[{"taxonomy":"product_brand","embeddable":true,"href":"https:\/\/cultivers.es\/fr\/wp-json\/wp\/v2\/product_brand?post=19973"},{"taxonomy":"product_cat","embeddable":true,"href":"https:\/\/cultivers.es\/fr\/wp-json\/wp\/v2\/product_cat?post=19973"},{"taxonomy":"product_tag","embeddable":true,"href":"https:\/\/cultivers.es\/fr\/wp-json\/wp\/v2\/product_tag?post=19973"},{"taxonomy":"woo-feed-brand","embeddable":true,"href":"https:\/\/cultivers.es\/fr\/wp-json\/wp\/v2\/woo-feed-brand?post=19973"}],"curies":[{"name":"wp","href":"https:\/\/api.w.org\/{rel}","templated":true}]}}