{"id":19974,"date":"2022-10-07T07:08:06","date_gmt":"2022-10-07T07:08:06","guid":{"rendered":"https:\/\/cultivers.es\/abonos\/semences-de-tomates-zebrees-vertes-biologiques\/"},"modified":"2025-09-22T05:24:56","modified_gmt":"2025-09-22T05:24:56","slug":"vert-zebre-vert-tomato-semences-ecologique","status":"publish","type":"product","link":"https:\/\/cultivers.es\/fr\/abonnements\/vert-zebre-vert-tomato-semences-ecologique\/","title":{"rendered":"Semences de tomates Green Zebra"},"content":{"rendered":"","protected":false},"excerpt":{"rendered":"<p>La <strong>tomate Green Zebra<\/strong> est une vari\u00e9t\u00e9 unique connue pour ses fruits verts ray\u00e9s de jaune, qui conf\u00e8rent un aspect exotique et attrayant \u00e0 vos plats. Sa saveur est \u00e9quilibr\u00e9e, combinant harmonieusement douceur et acidit\u00e9, ce qui en fait un choix polyvalent pour les salades, les sauces et les pr\u00e9parations fra\u00eeches. <\/p>\n<p><strong>Couleur et aspect uniques :<\/strong> Les fruits ont une peau vert vif avec des stries jaunes, ajoutant une touche distinctive et accrocheuse \u00e0 toute pr\u00e9paration culinaire.<\/p>\n<p><strong>Saveur \u00e9quilibr\u00e9e :<\/strong> Avec un m\u00e9lange parfait de douceur et d&rsquo;acidit\u00e9, la tomate Green Zebra offre une saveur rafra\u00eechissante et l\u00e9g\u00e8rement \u00e9pic\u00e9e, id\u00e9ale pour des recettes fra\u00eeches et cr\u00e9atives.<\/p>\n<p><strong>Texture ferme et juteuse :<\/strong> sa chair ferme et juteuse permet de l&rsquo;utiliser facilement dans les salades, les sandwichs ou comme base de sauce, tout en conservant sa consistance et sa saveur.<\/p>\n<p><strong>Riche en nutriments :<\/strong> Source naturelle d&rsquo;antioxydants, de vitamines A et C et de min\u00e9raux essentiels, il contribue \u00e0 une alimentation vari\u00e9e et \u00e9quilibr\u00e9e.<\/p>\n<p><strong>Facile \u00e0 cultiver :<\/strong> s&rsquo;adaptant \u00e0 diff\u00e9rents types de sols et de climats, elle est parfaite pour les jardins urbains et ruraux, et convient aux jardiniers d\u00e9butants et exp\u00e9riment\u00e9s.<\/p>\n<p><strong>Culture biologique :<\/strong> Nos semences sont 100% biologiques, sans pesticides ni engrais chimiques, garantissant un jardin durable et respectueux de l&rsquo;environnement.<\/p>\n<p>Appr\u00e9ciez l&rsquo;originalit\u00e9, la saveur et la qualit\u00e9 de la <strong>tomate Green Zebra Organic<\/strong> sur votre table. Ajoutez cette vari\u00e9t\u00e9 \u00e0 votre jardin et d\u00e9couvrez sa capacit\u00e9 \u00e0 surprendre par sa couleur, sa saveur et sa polyvalence. Commandez d\u00e8s aujourd&rsquo;hui et commencez \u00e0 r\u00e9colter quelque chose de vraiment sp\u00e9cial !  <\/p>\n","protected":false},"featured_media":15584,"comment_status":"open","ping_status":"closed","template":"","meta":{"_acf_changed":false},"product_brand":[],"product_cat":[424,430],"product_tag":[1579],"class_list":{"0":"post-19974","1":"product","2":"type-product","3":"status-publish","4":"has-post-thumbnail","6":"product_cat-semences-biologiques","7":"product_cat-semences-de-fruits-et-legumes-biologiques","8":"product_tag-eco","10":"first","11":"instock","12":"taxable","13":"shipping-taxable","14":"purchasable","15":"product-type-simple"},"acf":[],"_links":{"self":[{"href":"https:\/\/cultivers.es\/fr\/wp-json\/wp\/v2\/product\/19974","targetHints":{"allow":["GET"]}}],"collection":[{"href":"https:\/\/cultivers.es\/fr\/wp-json\/wp\/v2\/product"}],"about":[{"href":"https:\/\/cultivers.es\/fr\/wp-json\/wp\/v2\/types\/product"}],"replies":[{"embeddable":true,"href":"https:\/\/cultivers.es\/fr\/wp-json\/wp\/v2\/comments?post=19974"}],"wp:featuredmedia":[{"embeddable":true,"href":"https:\/\/cultivers.es\/fr\/wp-json\/wp\/v2\/media\/15584"}],"wp:attachment":[{"href":"https:\/\/cultivers.es\/fr\/wp-json\/wp\/v2\/media?parent=19974"}],"wp:term":[{"taxonomy":"product_brand","embeddable":true,"href":"https:\/\/cultivers.es\/fr\/wp-json\/wp\/v2\/product_brand?post=19974"},{"taxonomy":"product_cat","embeddable":true,"href":"https:\/\/cultivers.es\/fr\/wp-json\/wp\/v2\/product_cat?post=19974"},{"taxonomy":"product_tag","embeddable":true,"href":"https:\/\/cultivers.es\/fr\/wp-json\/wp\/v2\/product_tag?post=19974"}],"curies":[{"name":"wp","href":"https:\/\/api.w.org\/{rel}","templated":true}]}}