{"id":19975,"date":"2022-10-07T07:08:06","date_gmt":"2022-10-07T07:08:06","guid":{"rendered":"https:\/\/cultivers.es\/abonos\/tanja-semences-de-concombre-bio\/"},"modified":"2025-09-22T05:33:40","modified_gmt":"2025-09-22T05:33:40","slug":"graines-de-pamplemousse-tanja-bio","status":"publish","type":"product","link":"https:\/\/cultivers.es\/fr\/abonnements\/graines-de-pamplemousse-tanja-bio\/","title":{"rendered":"Concombre Tanja Graines"},"content":{"rendered":"","protected":false},"excerpt":{"rendered":"<p>Le <strong>concombre Tanja<\/strong> est une vari\u00e9t\u00e9 tr\u00e8s appr\u00e9ci\u00e9e pour son go\u00fbt doux, sa texture croquante et sa peau fine. Il produit de longs fruits d&rsquo;un vert profond, id\u00e9aux pour \u00eatre consomm\u00e9s frais dans des salades, des sandwichs ou comme en-cas sain. Cette vari\u00e9t\u00e9 est rustique, facile \u00e0 cultiver et s&rsquo;adapte bien aux diff\u00e9rentes conditions climatiques, offrant des r\u00e9coltes abondantes tout au long de la saison.  <\/p>\n<ul>\n<li><strong>Fruits longs et fins :<\/strong> Produit des concombres allong\u00e9s, \u00e0 la peau fine et d&rsquo;un vert profond, parfaits pour la consommation en frais.<\/li>\n<li><strong>Saveur douce et rafra\u00eechissante :<\/strong> son go\u00fbt l\u00e9ger, avec une touche l\u00e9g\u00e8rement sucr\u00e9e, en fait un ingr\u00e9dient polyvalent dans la cuisine.<\/li>\n<li><strong>Texture croquante :<\/strong> La chair ferme et juteuse offre une exp\u00e9rience agr\u00e9able en bouche.<\/li>\n<li><strong>Productivit\u00e9 \u00e9lev\u00e9e :<\/strong> Cette vari\u00e9t\u00e9 garantit des r\u00e9coltes g\u00e9n\u00e9reuses et fournit des concombres de qualit\u00e9 pendant toute la p\u00e9riode de fructification.<\/li>\n<li><strong>Riche en nutriments :<\/strong> Source de vitamines, de min\u00e9raux et d&rsquo;antioxydants, le concombre est un compl\u00e9ment sain \u00e0 une alimentation \u00e9quilibr\u00e9e.<\/li>\n<li><strong>Facile \u00e0 cultiver :<\/strong> rustique et adaptable \u00e0 diff\u00e9rents types de sol et de climat, id\u00e9al pour les d\u00e9butants et les jardiniers exp\u00e9riment\u00e9s.<\/li>\n<li><strong>Culture biologique :<\/strong> Nos semences sont <strong>100 % biologiques<\/strong>, sans pesticides ni engrais chimiques, ce qui favorise un jardin durable et respectueux de l&rsquo;environnement.<\/li>\n<\/ul>\n<p>Appr\u00e9ciez la fra\u00eecheur et la qualit\u00e9 du <strong>concombre Tanja biologique<\/strong> directement dans votre jardin. Un choix parfait pour ceux qui appr\u00e9cient le go\u00fbt authentique et la production durable sur leur table. <\/p>\n","protected":false},"featured_media":16629,"comment_status":"open","ping_status":"closed","template":"","meta":{"_acf_changed":false},"product_brand":[],"product_cat":[424,430],"product_tag":[1579],"class_list":{"0":"post-19975","1":"product","2":"type-product","3":"status-publish","4":"has-post-thumbnail","6":"product_cat-semences-biologiques","7":"product_cat-semences-de-fruits-et-legumes-biologiques","8":"product_tag-eco","10":"first","11":"instock","12":"taxable","13":"shipping-taxable","14":"purchasable","15":"product-type-simple"},"acf":[],"_links":{"self":[{"href":"https:\/\/cultivers.es\/fr\/wp-json\/wp\/v2\/product\/19975","targetHints":{"allow":["GET"]}}],"collection":[{"href":"https:\/\/cultivers.es\/fr\/wp-json\/wp\/v2\/product"}],"about":[{"href":"https:\/\/cultivers.es\/fr\/wp-json\/wp\/v2\/types\/product"}],"replies":[{"embeddable":true,"href":"https:\/\/cultivers.es\/fr\/wp-json\/wp\/v2\/comments?post=19975"}],"wp:featuredmedia":[{"embeddable":true,"href":"https:\/\/cultivers.es\/fr\/wp-json\/wp\/v2\/media\/16629"}],"wp:attachment":[{"href":"https:\/\/cultivers.es\/fr\/wp-json\/wp\/v2\/media?parent=19975"}],"wp:term":[{"taxonomy":"product_brand","embeddable":true,"href":"https:\/\/cultivers.es\/fr\/wp-json\/wp\/v2\/product_brand?post=19975"},{"taxonomy":"product_cat","embeddable":true,"href":"https:\/\/cultivers.es\/fr\/wp-json\/wp\/v2\/product_cat?post=19975"},{"taxonomy":"product_tag","embeddable":true,"href":"https:\/\/cultivers.es\/fr\/wp-json\/wp\/v2\/product_tag?post=19975"}],"curies":[{"name":"wp","href":"https:\/\/api.w.org\/{rel}","templated":true}]}}