{"id":19976,"date":"2022-10-07T07:08:06","date_gmt":"2022-10-07T07:08:06","guid":{"rendered":"https:\/\/cultivers.es\/abonos\/graines-de-piment-de-cayenne-bio\/"},"modified":"2025-09-22T05:25:07","modified_gmt":"2025-09-22T05:25:07","slug":"graines-de-piment-de-cayenne-bio","status":"publish","type":"product","link":"https:\/\/cultivers.es\/fr\/abonnements\/graines-de-piment-de-cayenne-bio\/","title":{"rendered":"Graines de poivre de Cayenne"},"content":{"rendered":"","protected":false},"excerpt":{"rendered":"<p>Le <strong>Pimiento De Cayenne<\/strong> est une vari\u00e9t\u00e9 de piment tr\u00e8s appr\u00e9ci\u00e9e en cuisine pour sa saveur intense et son niveau de chaleur mod\u00e9r\u00e9, id\u00e9al pour ceux qui appr\u00e9cient une touche \u00e9pic\u00e9e dans leurs plats. Ses fruits allong\u00e9s, d&rsquo;un rouge vif, sont parfaits pour les sauces, les cornichons, les marinades ou pour \u00eatre s\u00e9ch\u00e9s et r\u00e9duits en poudre. Cette plante est tr\u00e8s productive et facile \u00e0 cultiver, ce qui en fait un excellent choix pour les jardins biologiques.  <\/p>\n<p><strong>Fruits allong\u00e9s et \u00e9pic\u00e9s :<\/strong> Produit des poivrons de forme allong\u00e9e et \u00e9troite avec une intensit\u00e9 piquante attrayante pour rehausser la saveur de diff\u00e9rentes recettes.<\/p>\n<p><strong>Saveur intense et aromatique :<\/strong> son go\u00fbt \u00e9pic\u00e9, avec des nuances l\u00e9g\u00e8rement sucr\u00e9es, donne de la profondeur et de la personnalit\u00e9 aux sauces, aux rago\u00fbts et aux marinades.<\/p>\n<p><strong>Productivit\u00e9 \u00e9lev\u00e9e :<\/strong> Cette vari\u00e9t\u00e9 offre des rendements g\u00e9n\u00e9reux, garantissant une abondance de poivrons tout au long de la saison.<\/p>\n<p><strong>Riche en capsa\u00efcine et en antioxydants :<\/strong> Sa teneur en capsa\u00efcine ne fait pas que soulager les d\u00e9mangeaisons, elle a aussi des effets stimulants et antioxydants, ce qui contribue \u00e0 un r\u00e9gime alimentaire vari\u00e9 et sain.<\/p>\n<p><strong>Facile \u00e0 cultiver :<\/strong> rustique et adaptable \u00e0 diff\u00e9rents types de sol et de climat, il convient aux jardiniers d\u00e9butants et exp\u00e9riment\u00e9s.<\/p>\n<p><strong>Culture biologique :<\/strong> Nos semences sont 100% biologiques, sans pesticides ni engrais chimiques, garantissant un jardin durable et respectueux de l&rsquo;environnement.<\/p>\n<p>Profitez de la saveur, de l&rsquo;ar\u00f4me et de la polyvalence du <strong>piment de Cayenne biologique<\/strong> directement dans votre jardin, et ajoutez une touche \u00e9pic\u00e9e \u00e0 vos pr\u00e9parations culinaires pr\u00e9f\u00e9r\u00e9es. <\/p>\n","protected":false},"featured_media":15519,"comment_status":"open","ping_status":"closed","template":"","meta":{"_acf_changed":false},"product_brand":[],"product_cat":[424,430],"product_tag":[1579],"class_list":{"0":"post-19976","1":"product","2":"type-product","3":"status-publish","4":"has-post-thumbnail","6":"product_cat-semences-biologiques","7":"product_cat-semences-de-fruits-et-legumes-biologiques","8":"product_tag-eco","10":"first","11":"instock","12":"taxable","13":"shipping-taxable","14":"purchasable","15":"product-type-simple"},"acf":[],"_links":{"self":[{"href":"https:\/\/cultivers.es\/fr\/wp-json\/wp\/v2\/product\/19976","targetHints":{"allow":["GET"]}}],"collection":[{"href":"https:\/\/cultivers.es\/fr\/wp-json\/wp\/v2\/product"}],"about":[{"href":"https:\/\/cultivers.es\/fr\/wp-json\/wp\/v2\/types\/product"}],"replies":[{"embeddable":true,"href":"https:\/\/cultivers.es\/fr\/wp-json\/wp\/v2\/comments?post=19976"}],"wp:featuredmedia":[{"embeddable":true,"href":"https:\/\/cultivers.es\/fr\/wp-json\/wp\/v2\/media\/15519"}],"wp:attachment":[{"href":"https:\/\/cultivers.es\/fr\/wp-json\/wp\/v2\/media?parent=19976"}],"wp:term":[{"taxonomy":"product_brand","embeddable":true,"href":"https:\/\/cultivers.es\/fr\/wp-json\/wp\/v2\/product_brand?post=19976"},{"taxonomy":"product_cat","embeddable":true,"href":"https:\/\/cultivers.es\/fr\/wp-json\/wp\/v2\/product_cat?post=19976"},{"taxonomy":"product_tag","embeddable":true,"href":"https:\/\/cultivers.es\/fr\/wp-json\/wp\/v2\/product_tag?post=19976"}],"curies":[{"name":"wp","href":"https:\/\/api.w.org\/{rel}","templated":true}]}}